{"id":1489,"date":"2022-12-09T11:29:16","date_gmt":"2022-12-09T10:29:16","guid":{"rendered":"https:\/\/www.camping-residea.com\/vrije-tijd\/vrijetijdsparken\/"},"modified":"2023-01-24T16:46:00","modified_gmt":"2023-01-24T15:46:00","slug":"vrijetijdsparken","status":"publish","type":"page","link":"https:\/\/www.camping-residea.com\/nl\/vrije-tijd\/vrijetijdsparken\/","title":{"rendered":"Vrijetijdsparken"},"content":{"rendered":"\n<h1 class=\"wp-block-heading\">Vrijetijdsparken<\/h1>\n\n<div class=\"wp-block-columns are-vertically-aligned-center is-layout-flex wp-container-core-columns-is-layout-28f84493 wp-block-columns-is-layout-flex\">\n<div class=\"wp-block-column is-vertically-aligned-center is-layout-flow wp-block-column-is-layout-flow\">\n<figure class=\"wp-block-image size-full\"><img loading=\"lazy\" decoding=\"async\" width=\"990\" height=\"660\" src=\"https:\/\/www.camping-residea.com\/wp-content\/uploads\/2022\/12\/Le-bal-des-oiseaux-fantomes-puy-du-fou-10.jpg\" alt=\"\" class=\"wp-image-273\" srcset=\"https:\/\/www.camping-residea.com\/wp-content\/uploads\/2022\/12\/Le-bal-des-oiseaux-fantomes-puy-du-fou-10.jpg 990w, https:\/\/www.camping-residea.com\/wp-content\/uploads\/2022\/12\/Le-bal-des-oiseaux-fantomes-puy-du-fou-10-300x200.jpg 300w, https:\/\/www.camping-residea.com\/wp-content\/uploads\/2022\/12\/Le-bal-des-oiseaux-fantomes-puy-du-fou-10-768x512.jpg 768w\" sizes=\"auto, (max-width: 990px) 100vw, 990px\" \/><\/figure><\/div>\n\n\n\n<div class=\"wp-block-column is-vertically-aligned-center is-layout-flow wp-block-column-is-layout-flow\" style=\"padding-top:2%;padding-right:2%;padding-bottom:2%;padding-left:2%\">\n<h2 class=\"wp-block-heading\">Vrijetijdsparken in de omgeving<\/h2>\n\n\n\n<ul class=\"wp-block-list\"><li>De grote uitdaging<\/li><li>Atlantische slee<\/li><li>O&#8217;Gliss Park en O&#8217;Fun Park<\/li><li>Le Puy Du Fou<\/li><li>De musea<\/li><li>Vend\u00e9e Miniatuur<\/li><\/ul><\/div>\n<\/div>\n\n<p>Of het nu gaat om een duik in de geschiedenis van de Vend\u00e9e in  <strong>Puy du Fou<\/strong>  waar het cinescenium u meeneemt op een reis door de geschiedenis, naar de  <strong>Kasteel Talmont<\/strong>  een van de oudste kastelen van Frankrijk of naar de  <strong>Bourrine du Bois<\/strong> <strong>Juquaud<\/strong>Zo ontdekt u de eeuwenoude geschiedenis van de Vend\u00e9e.<\/p>\n\n<p>Wek uw nieuwsgierigheid naar <strong>tradities <\/strong>met een bezoek aan de <strong>Moulin de Rair\u00e9<\/strong>, de<strong> Moulin des Gourmands<\/strong>, waar nog op ouderwetse wijze meel wordt gemaakt voor een uitzonderlijke kwaliteit. Maak een wandeling door de <strong>zoutpannen<\/strong> en zie hoe de zoutzieders uit de Vend\u00e9e een zout met een unieke zuiverheid en smaak produceren. Ontsnap naar de betoverende plekjes van de typische Vend\u00e9e.<\/p>\n\n<p>Om er even tussenuit te <strong>zijn<\/strong> en het typische landschap van deze streek te bewonderen, kunt u rekenen op honderden kilometers <strong>fietspaden<\/strong> die de verschillende punten van de kustlijn met elkaar verbinden en langs prachtige plekjes lopen. U kunt ook gebruik maken van de talrijke <strong>zomershuttles<\/strong> om door ons <strong>platteland<\/strong> naar de <strong>stranden<\/strong> te reizen. Geniet van alle bezienswaardigheden in de regio.<\/p>\n\n<div style=\"height:24px\" aria-hidden=\"true\" class=\"wp-block-spacer\"><\/div>\n\t\t\t<div id=\"sevgallery-1799081919\" class=\"sev-diaporama sev-diaporama-portfolio\">\r\n\t\t\t<div class=\"row\">\r\n\r\n\t\t\t\r\n\t\t\t\t\r\n\t\t\t\t<div class=\"sev-diaporama-portfolio-item col-12 col-sm  col-shrink\">\r\n\t\t\t\t\t\t\t\t\t\t<a href=\"https:\/\/www.camping-residea.com\/wp-content\/uploads\/2023\/01\/chateau-de-talmont-IMG_1876.jpg\" data-lightbox=\"sevgallery-1799081919\" style=\"background-image: url(https:\/\/www.camping-residea.com\/wp-content\/uploads\/2023\/01\/chateau-de-talmont-IMG_1876.jpg)\">\r\n\t\t\t\t\t\t\t\t\t\t\t<img decoding=\"async\" src=\"https:\/\/www.camping-residea.com\/wp-content\/uploads\/2023\/01\/chateau-de-talmont-IMG_1876.jpg\" alt=\"chateau de talmont\" loading=\"lazy\">\r\n\t\t\t\t\t\t\t\t\t\t<\/a>\r\n\t\t\t\t\t\t\t\t\t<\/div>\r\n\r\n\t\t\t\t\r\n\t\t\t\t\t\t\t\t\t\t\t\r\n\t\t\t\t\r\n\t\t\t\t<div class=\"sev-diaporama-portfolio-item col-12 col-sm  col-grow\">\r\n\t\t\t\t\t\t\t\t\t\t<a href=\"https:\/\/www.camping-residea.com\/wp-content\/uploads\/2023\/01\/piscine-a-vagues-ogliss-park-1024x576-1.jpg\" data-lightbox=\"sevgallery-1799081919\" style=\"background-image: url(https:\/\/www.camping-residea.com\/wp-content\/uploads\/2023\/01\/piscine-a-vagues-ogliss-park-1024x576-1.jpg)\">\r\n\t\t\t\t\t\t\t\t\t\t\t<img decoding=\"async\" src=\"https:\/\/www.camping-residea.com\/wp-content\/uploads\/2023\/01\/piscine-a-vagues-ogliss-park-1024x576-1.jpg\" alt=\"ogliss\" loading=\"lazy\">\r\n\t\t\t\t\t\t\t\t\t\t<\/a>\r\n\t\t\t\t\t\t\t\t\t<\/div>\r\n\r\n\t\t\t\t\r\n\t\t\t\t\t\t\t\t\t\t\t\r\n\t\t\t\t\r\n\t\t\t\t<div class=\"sev-diaporama-portfolio-item col-12 col-sm  col-grow\">\r\n\t\t\t\t\t\t\t\t\t\t<a href=\"https:\/\/www.camping-residea.com\/wp-content\/uploads\/2023\/01\/Le-secret-de-la-lance-ronde-puy-du-fou-11.jpg\" data-lightbox=\"sevgallery-1799081919\" style=\"background-image: url(https:\/\/www.camping-residea.com\/wp-content\/uploads\/2023\/01\/Le-secret-de-la-lance-ronde-puy-du-fou-11.jpg)\">\r\n\t\t\t\t\t\t\t\t\t\t\t<img decoding=\"async\" src=\"https:\/\/www.camping-residea.com\/wp-content\/uploads\/2023\/01\/Le-secret-de-la-lance-ronde-puy-du-fou-11.jpg\" alt=\"puy du fou\" loading=\"lazy\">\r\n\t\t\t\t\t\t\t\t\t\t<\/a>\r\n\t\t\t\t\t\t\t\t\t<\/div>\r\n\r\n\t\t\t\t\r\n\t\t\t\t\t\t\t\t\t\t\t\r\n\t\t\t\t\r\n\t\t\t\t<div class=\"sev-diaporama-portfolio-item col-12 col-sm \">\r\n\t\t\t\t\t\t\t\t\t\t<a href=\"https:\/\/www.camping-residea.com\/wp-content\/uploads\/2023\/01\/1008x646_ogliss-park-moutiers-mauxfaits-vendee.jpg\" data-lightbox=\"sevgallery-1799081919\" style=\"background-image: url(https:\/\/www.camping-residea.com\/wp-content\/uploads\/2023\/01\/1008x646_ogliss-park-moutiers-mauxfaits-vendee.jpg)\">\r\n\t\t\t\t\t\t\t\t\t\t\t<img decoding=\"async\" src=\"https:\/\/www.camping-residea.com\/wp-content\/uploads\/2023\/01\/1008x646_ogliss-park-moutiers-mauxfaits-vendee.jpg\" alt=\"o gliss\" loading=\"lazy\">\r\n\t\t\t\t\t\t\t\t\t\t<\/a>\r\n\t\t\t\t\t\t\t\t\t<\/div>\r\n\r\n\t\t\t\t\t\t\t\t\t<div class=\"w-100\"><\/div>\r\n\t\t\t\t\t\t\t\t\t\r\n\t\t\t\t\t\t\t\t\t\t\t\r\n\t\t\t\t\r\n\t\t\t\t<div class=\"sev-diaporama-portfolio-item col-12 col-sm  col-grow\">\r\n\t\t\t\t\t\t\t\t\t\t<a href=\"https:\/\/www.camping-residea.com\/wp-content\/uploads\/2023\/01\/marais-salant-st-hilaire-de-riez-IMG_5946.jpg\" data-lightbox=\"sevgallery-1799081919\" style=\"background-image: url(https:\/\/www.camping-residea.com\/wp-content\/uploads\/2023\/01\/marais-salant-st-hilaire-de-riez-IMG_5946.jpg)\">\r\n\t\t\t\t\t\t\t\t\t\t\t<img decoding=\"async\" src=\"https:\/\/www.camping-residea.com\/wp-content\/uploads\/2023\/01\/marais-salant-st-hilaire-de-riez-IMG_5946.jpg\" alt=\"marais salants\" loading=\"lazy\">\r\n\t\t\t\t\t\t\t\t\t\t<\/a>\r\n\t\t\t\t\t\t\t\t\t<\/div>\r\n\r\n\t\t\t\t\r\n\t\t\t\t\t\t\t\t\t\t\t\r\n\t\t\t\t\r\n\t\t\t\t<div class=\"sev-diaporama-portfolio-item col-12 col-sm  col-shrink\">\r\n\t\t\t\t\t\t\t\t\t\t<a href=\"https:\/\/www.camping-residea.com\/wp-content\/uploads\/2023\/01\/battage-9-vendee-miniature.jpg\" data-lightbox=\"sevgallery-1799081919\" style=\"background-image: url(https:\/\/www.camping-residea.com\/wp-content\/uploads\/2023\/01\/battage-9-vendee-miniature.jpg)\">\r\n\t\t\t\t\t\t\t\t\t\t\t<img decoding=\"async\" src=\"https:\/\/www.camping-residea.com\/wp-content\/uploads\/2023\/01\/battage-9-vendee-miniature.jpg\" alt=\"vend\u00e9e miniature\" loading=\"lazy\">\r\n\t\t\t\t\t\t\t\t\t\t<\/a>\r\n\t\t\t\t\t\t\t\t\t<\/div>\r\n\r\n\t\t\t\t\r\n\t\t\t\t\t\t\t\t\t\t\t\r\n\t\t\t\t\r\n\t\t\t\t<div class=\"sev-diaporama-portfolio-item col-12 col-sm \">\r\n\t\t\t\t\t\t\t\t\t\t<a href=\"https:\/\/www.camping-residea.com\/wp-content\/uploads\/2023\/01\/aquatower_ludopark_ogliss_park-1024x576-1.jpg\" data-lightbox=\"sevgallery-1799081919\" style=\"background-image: url(https:\/\/www.camping-residea.com\/wp-content\/uploads\/2023\/01\/aquatower_ludopark_ogliss_park-1024x576-1.jpg)\">\r\n\t\t\t\t\t\t\t\t\t\t\t<img decoding=\"async\" src=\"https:\/\/www.camping-residea.com\/wp-content\/uploads\/2023\/01\/aquatower_ludopark_ogliss_park-1024x576-1.jpg\" alt=\"ogliss\" loading=\"lazy\">\r\n\t\t\t\t\t\t\t\t\t\t<\/a>\r\n\t\t\t\t\t\t\t\t\t<\/div>\r\n\r\n\t\t\t\t\r\n\t\t\t\t\t\t\t\t\t\t\t\r\n\t\t\t\t\r\n\t\t\t\t<div class=\"sev-diaporama-portfolio-item col-12 col-sm  col-grow\">\r\n\t\t\t\t\t\t\t\t\t\t<a href=\"https:\/\/www.camping-residea.com\/wp-content\/uploads\/2023\/01\/Le-secret-de-la-lance-ronde-puy-du-fou-3.jpg\" data-lightbox=\"sevgallery-1799081919\" style=\"background-image: url(https:\/\/www.camping-residea.com\/wp-content\/uploads\/2023\/01\/Le-secret-de-la-lance-ronde-puy-du-fou-3.jpg)\">\r\n\t\t\t\t\t\t\t\t\t\t\t<img decoding=\"async\" src=\"https:\/\/www.camping-residea.com\/wp-content\/uploads\/2023\/01\/Le-secret-de-la-lance-ronde-puy-du-fou-3.jpg\" alt=\"puy du fou\" loading=\"lazy\">\r\n\t\t\t\t\t\t\t\t\t\t<\/a>\r\n\t\t\t\t\t\t\t\t\t<\/div>\r\n\r\n\t\t\t\t\t\t\t\t\t<div class=\"w-100\"><\/div>\r\n\t\t\t\t\t\t\t\t\t\r\n\t\t\t\t\t\t\t\t\t\t\t\r\n\t\t\t\t\r\n\t\t\t\t<div class=\"sev-diaporama-portfolio-item col-12 col-sm \">\r\n\t\t\t\t\t\t\t\t\t\t<a href=\"https:\/\/www.camping-residea.com\/wp-content\/uploads\/2023\/01\/La-renaissance-du-chateau-puy-du-fou-8.jpg\" data-lightbox=\"sevgallery-1799081919\" style=\"background-image: url(https:\/\/www.camping-residea.com\/wp-content\/uploads\/2023\/01\/La-renaissance-du-chateau-puy-du-fou-8.jpg)\">\r\n\t\t\t\t\t\t\t\t\t\t\t<img decoding=\"async\" src=\"https:\/\/www.camping-residea.com\/wp-content\/uploads\/2023\/01\/La-renaissance-du-chateau-puy-du-fou-8.jpg\" alt=\"puy du fou\" loading=\"lazy\">\r\n\t\t\t\t\t\t\t\t\t\t<\/a>\r\n\t\t\t\t\t\t\t\t\t<\/div>\r\n\r\n\t\t\t\t\r\n\t\t\t\t\t\t\t\t\t\t\t\r\n\t\t\t\t\r\n\t\t\t\t<div class=\"sev-diaporama-portfolio-item col-12 col-sm  col-shrink\">\r\n\t\t\t\t\t\t\t\t\t\t<a href=\"https:\/\/www.camping-residea.com\/wp-content\/uploads\/2023\/01\/marais-salant-st-hilaire-de-riez-IMG_6022.jpg\" data-lightbox=\"sevgallery-1799081919\" style=\"background-image: url(https:\/\/www.camping-residea.com\/wp-content\/uploads\/2023\/01\/marais-salant-st-hilaire-de-riez-IMG_6022.jpg)\">\r\n\t\t\t\t\t\t\t\t\t\t\t<img decoding=\"async\" src=\"https:\/\/www.camping-residea.com\/wp-content\/uploads\/2023\/01\/marais-salant-st-hilaire-de-riez-IMG_6022.jpg\" alt=\"marais salants\" loading=\"lazy\">\r\n\t\t\t\t\t\t\t\t\t\t<\/a>\r\n\t\t\t\t\t\t\t\t\t<\/div>\r\n\r\n\t\t\t\t\r\n\t\t\t\t\t\t\t\t\t\t\t\r\n\t\t\t\t\r\n\t\t\t\t<div class=\"sev-diaporama-portfolio-item col-12 col-sm  col-shrink\">\r\n\t\t\t\t\t\t\t\t\t\t<a href=\"https:\/\/www.camping-residea.com\/wp-content\/uploads\/2023\/01\/chateau-de-talmont-IMG_2061.jpg\" data-lightbox=\"sevgallery-1799081919\" style=\"background-image: url(https:\/\/www.camping-residea.com\/wp-content\/uploads\/2023\/01\/chateau-de-talmont-IMG_2061.jpg)\">\r\n\t\t\t\t\t\t\t\t\t\t\t<img decoding=\"async\" src=\"https:\/\/www.camping-residea.com\/wp-content\/uploads\/2023\/01\/chateau-de-talmont-IMG_2061.jpg\" alt=\"puy du fou\" loading=\"lazy\">\r\n\t\t\t\t\t\t\t\t\t\t<\/a>\r\n\t\t\t\t\t\t\t\t\t<\/div>\r\n\r\n\t\t\t\t\r\n\t\t\t\t\t\t\t\t\t\t\t\r\n\t\t\t\t\r\n\t\t\t\t<div class=\"sev-diaporama-portfolio-item col-12 col-sm  col-shrink\">\r\n\t\t\t\t\t\t\t\t\t\t<a href=\"https:\/\/www.camping-residea.com\/wp-content\/uploads\/2023\/01\/IMG_8335.jpg\" data-lightbox=\"sevgallery-1799081919\" style=\"background-image: url(https:\/\/www.camping-residea.com\/wp-content\/uploads\/2023\/01\/IMG_8335.jpg)\">\r\n\t\t\t\t\t\t\t\t\t\t\t<img decoding=\"async\" src=\"https:\/\/www.camping-residea.com\/wp-content\/uploads\/2023\/01\/IMG_8335.jpg\" alt=\"o funnnnnnnnnnnnnnnnnnn\" loading=\"lazy\">\r\n\t\t\t\t\t\t\t\t\t\t<\/a>\r\n\t\t\t\t\t\t\t\t\t<\/div>\r\n\r\n\t\t\t\t\t\t\t\t\t<div class=\"w-100\"><\/div>\r\n\t\t\t\t\t\t\t\t\t\r\n\t\t\t\t\t\t\t\t\t\t\t\t\t\t<\/div>\r\n\t\t\t<\/div>\r\n\t\t\t\n","protected":false},"excerpt":{"rendered":"<p>Vrijetijdsparken Vrijetijdsparken in de omgeving De grote uitdaging Atlantische slee O&#8217;Gliss Park en O&#8217;Fun Park Le Puy Du Fou De musea Vend\u00e9e Miniatuur Of het nu gaat om een duik in de geschiedenis van de Vend\u00e9e in Puy du Fou waar het cinescenium u meeneemt op een reis door de geschiedenis, naar de Kasteel Talmont [&hellip;]<\/p>\n","protected":false},"author":1,"featured_media":0,"parent":1275,"menu_order":1,"comment_status":"closed","ping_status":"closed","template":"","meta":{"_seopress_robots_primary_cat":"","_seopress_titles_title":"Zoek de recreatieparken in de buurt van uw camping R\u00e9sid\u00e9a","_seopress_titles_desc":"Le Grand D\u00e9fi, Le Puy du Fou, O'Gliss Park, kom deze recreatieparken ontdekken tijdens uw verblijf in Saint Hilaire de Riez op camping R\u00e9sid\u00e9a.","_seopress_robots_index":"","footnotes":""},"class_list":["post-1489","page","type-page","status-publish","hentry"],"_links":{"self":[{"href":"https:\/\/www.camping-residea.com\/nl\/wp-json\/wp\/v2\/pages\/1489","targetHints":{"allow":["GET"]}}],"collection":[{"href":"https:\/\/www.camping-residea.com\/nl\/wp-json\/wp\/v2\/pages"}],"about":[{"href":"https:\/\/www.camping-residea.com\/nl\/wp-json\/wp\/v2\/types\/page"}],"author":[{"embeddable":true,"href":"https:\/\/www.camping-residea.com\/nl\/wp-json\/wp\/v2\/users\/1"}],"replies":[{"embeddable":true,"href":"https:\/\/www.camping-residea.com\/nl\/wp-json\/wp\/v2\/comments?post=1489"}],"version-history":[{"count":1,"href":"https:\/\/www.camping-residea.com\/nl\/wp-json\/wp\/v2\/pages\/1489\/revisions"}],"predecessor-version":[{"id":1490,"href":"https:\/\/www.camping-residea.com\/nl\/wp-json\/wp\/v2\/pages\/1489\/revisions\/1490"}],"up":[{"embeddable":true,"href":"https:\/\/www.camping-residea.com\/nl\/wp-json\/wp\/v2\/pages\/1275"}],"wp:attachment":[{"href":"https:\/\/www.camping-residea.com\/nl\/wp-json\/wp\/v2\/media?parent=1489"}],"curies":[{"name":"wp","href":"https:\/\/api.w.org\/{rel}","templated":true}]}}