{"id":1295,"date":"2022-12-15T10:50:01","date_gmt":"2022-12-15T09:50:01","guid":{"rendered":"https:\/\/www.camping-residea.com\/accommodatie\/"},"modified":"2023-01-24T14:33:59","modified_gmt":"2023-01-24T13:33:59","slug":"accommodatie","status":"publish","type":"page","link":"https:\/\/www.camping-residea.com\/nl\/accommodatie\/","title":{"rendered":"Accommodatie"},"content":{"rendered":"\n<h1 class=\"has-text-align-center wp-block-heading\">Overnachting in saint hilaire de riez<\/h1>\n\r\n<article class=\"multiple-item clearfix\">\r\n<a href=\"https:\/\/www.camping-residea.com\/nl\/hebergement\/woonwagen\/\">\r\n<div class=\"row\">\r\n\t\r\n\t<div class=\"col-sm-4 multiple-item-photo\">\r\n\t\t<img decoding=\"async\" src=\"https:\/\/www.camping-residea.com\/wp-content\/uploads\/2022\/12\/00001013840.webp\" alt=\"Woonwagen\">\r\n\t<\/div>\r\n\r\n\t<div class=\"col-sm-8 multiple-item-desc d-flex flex-column\">\r\n\t\t<div class=\"multiple-item-titre\">Woonwagen<\/div>\r\n\r\n\t\t<div class=\"multiple-item--description\"><p>Een woonkamer met een bank, een kitchenette (koelkast\/vriezer, gaskookplaat, gootsteen, opbergruimte), een slaapkamer voor 2 personen (140 x 190), nachtkastje, kleerkast, 2 slaapkamers 2 eenpersoonsbedden (4 bedden 80 x 190), nachtkastjes, kledingkast. 2 badkamers met douche en wastafel. Apart toilet. Verwarming in de hoofdkamer. Houten terras met tuinmeubelen. N.B.: Foto&#8217;s en plannen zijn niet contractueel [&hellip;]<\/p>\n<\/div>\r\n\t\t\r\n\t\t<div class=\"d-flex flex-row\">\r\n\t\t\t\r\n\t\t\t\r\n\t\t\t\t\t<\/div>\r\n\r\n\t\t<div class=\"content-plus text-right d-flex flex-column justify-content-end align-items-end\">\r\n\t\t\t<btn class=\"plus\">\r\n\t\t\t\tMeer lezen\t\t\t<\/btn>\r\n\t\t<\/div>\r\n\t<\/div>\r\n\r\n<\/div>\r\n<\/a>\r\n<\/article>\r\n\r\n<hr class=\"hr\">\r\n<article class=\"multiple-item clearfix\">\r\n<a href=\"https:\/\/www.camping-residea.com\/nl\/hebergement\/comfort-stacaravan\/\">\r\n<div class=\"row\">\r\n\t\r\n\t<div class=\"col-sm-4 multiple-item-photo\">\r\n\t\t<img decoding=\"async\" src=\"https:\/\/www.camping-residea.com\/wp-content\/uploads\/2023\/01\/confort.webp\" alt=\"Comfort stacaravan\">\r\n\t<\/div>\r\n\r\n\t<div class=\"col-sm-8 multiple-item-desc d-flex flex-column\">\r\n\t\t<div class=\"multiple-item-titre\">Comfort stacaravan<\/div>\r\n\r\n\t\t<div class=\"multiple-item--description\"><p>Model -10 jaar Een woonkamer met een slaapbank voor \u00e9\u00e9n persoon, een kitchenette (koelkast, gasfornuis, gootsteen, opbergruimte), een slaapkamer voor 2 personen (140 x 190), nachtkastje, kleerkast, 2 slaapkamers 2 eenpersoonsbedden (4 bedden 80 x 190), nachtkastjes, kledingkast. Een doucheruimte met douche en wastafel. Apart toilet. Verwarming in de hoofdkamer. Houten terras met tuinmeubelen en [&hellip;]<\/p>\n<\/div>\r\n\t\t\r\n\t\t<div class=\"d-flex flex-row\">\r\n\t\t\t\r\n\t\t\t\r\n\t\t\t\t\t<\/div>\r\n\r\n\t\t<div class=\"content-plus text-right d-flex flex-column justify-content-end align-items-end\">\r\n\t\t\t<btn class=\"plus\">\r\n\t\t\t\tMeer lezen\t\t\t<\/btn>\r\n\t\t<\/div>\r\n\t<\/div>\r\n\r\n<\/div>\r\n<\/a>\r\n<\/article>\r\n\r\n<hr class=\"hr\">\r\n<article class=\"multiple-item clearfix\">\r\n<a href=\"https:\/\/www.camping-residea.com\/nl\/hebergement\/premium-stacaravan\/\">\r\n<div class=\"row\">\r\n\t\r\n\t<div class=\"col-sm-4 multiple-item-photo\">\r\n\t\t<img decoding=\"async\" src=\"https:\/\/www.camping-residea.com\/wp-content\/uploads\/2022\/12\/00001013829.webp\" alt=\"Premium stacaravan\">\r\n\t<\/div>\r\n\r\n\t<div class=\"col-sm-8 multiple-item-desc d-flex flex-column\">\r\n\t\t<div class=\"multiple-item-titre\">Premium stacaravan<\/div>\r\n\r\n\t\t<div class=\"multiple-item--description\"><p>Model &#8211; 5 jaar Een woonkamer met een slaapbank voor \u00e9\u00e9n persoon, een kitchenette (koelkast\/vriezer, gaskookplaat, gootsteen, opbergruimte), een slaapkamer voor 2 personen (140 x 190), nachtkastje, kleerkast, een slaapkamer met 2 eenpersoonsbedden (2 x 80 x 190), nachtkastje, kledingkast. Badkamer met douche, wastafel en apart toilet. Verwarming in \u00e9\u00e9n hoofdkamer. Houten terras met tuinmeubelen. [&hellip;]<\/p>\n<\/div>\r\n\t\t\r\n\t\t<div class=\"d-flex flex-row\">\r\n\t\t\t\r\n\t\t\t\r\n\t\t\t\t\t<\/div>\r\n\r\n\t\t<div class=\"content-plus text-right d-flex flex-column justify-content-end align-items-end\">\r\n\t\t\t<btn class=\"plus\">\r\n\t\t\t\tMeer lezen\t\t\t<\/btn>\r\n\t\t<\/div>\r\n\t<\/div>\r\n\r\n<\/div>\r\n<\/a>\r\n<\/article>\r\n\r\n<hr class=\"hr\">\r\n<article class=\"multiple-item clearfix\">\r\n<a href=\"https:\/\/www.camping-residea.com\/nl\/hebergement\/stacaravan-familie\/\">\r\n<div class=\"row\">\r\n\t\r\n\t<div class=\"col-sm-4 multiple-item-photo\">\r\n\t\t<img decoding=\"async\" src=\"https:\/\/www.camping-residea.com\/wp-content\/uploads\/2023\/01\/Photos-Family-Exterieur-2-1-1024x576.jpg\" alt=\"Stacaravan Familie\">\r\n\t<\/div>\r\n\r\n\t<div class=\"col-sm-8 multiple-item-desc d-flex flex-column\">\r\n\t\t<div class=\"multiple-item-titre\">Stacaravan Familie<\/div>\r\n\r\n\t\t<div class=\"multiple-item--description\"><p>Model +10 jaar Een woonkamer met een slaapbank die kan worden omgezet in een eenpersoonsbed, een kitchenette (koelkast, gaskookplaat, gootsteen, opbergruimte), een slaapkamer voor 2 personen (140 x 190), nachtkastje, kleerkast, een slaapkamer voor 2 personen (2 bedden van 80 x 190), nachtkastje, kleerkast. Badkamer met douche, wastafel en apart toilet. Verwarming in de hoofdkamer [&hellip;]<\/p>\n<\/div>\r\n\t\t\r\n\t\t<div class=\"d-flex flex-row\">\r\n\t\t\t\r\n\t\t\t\r\n\t\t\t\t\t<\/div>\r\n\r\n\t\t<div class=\"content-plus text-right d-flex flex-column justify-content-end align-items-end\">\r\n\t\t\t<btn class=\"plus\">\r\n\t\t\t\tMeer lezen\t\t\t<\/btn>\r\n\t\t<\/div>\r\n\t<\/div>\r\n\r\n<\/div>\r\n<\/a>\r\n<\/article>\r\n\r\n<hr class=\"hr\">\r\n<article class=\"multiple-item clearfix\">\r\n<a href=\"https:\/\/www.camping-residea.com\/nl\/hebergement\/stacaravan-pomme-de-pin\/\">\r\n<div class=\"row\">\r\n\t\r\n\t<div class=\"col-sm-4 multiple-item-photo\">\r\n\t\t<img decoding=\"async\" src=\"https:\/\/www.camping-residea.com\/wp-content\/uploads\/2023\/05\/20230519_145031-1024x768.jpg\" alt=\"Stacaravan Pomme de Pin\">\r\n\t<\/div>\r\n\r\n\t<div class=\"col-sm-8 multiple-item-desc d-flex flex-column\">\r\n\t\t<div class=\"multiple-item-titre\">Stacaravan Pomme de Pin<\/div>\r\n\r\n\t\t<div class=\"multiple-item--description\"><p>Een eethoek, volledig ingerichte keuken (koelkast, gaskookplaat, gootsteen, opbergruimte) een slaapkamer voor 2 personen (bed 140 x 190) nachtkastje, kleerkast, een slaapkamer met 2 slaapplaatsen (2 aparte bedden van 80 x 190), nachtkastje. Een woonkamer met een zitbank. Badkamer met douche en wastafel. Apart toilet. Houten terras met tuinmeubelen. Verwarming in de hoofdkamer. N.B.: Foto&#8217;s [&hellip;]<\/p>\n<\/div>\r\n\t\t\r\n\t\t<div class=\"d-flex flex-row\">\r\n\t\t\t\r\n\t\t\t\r\n\t\t\t\t\t<\/div>\r\n\r\n\t\t<div class=\"content-plus text-right d-flex flex-column justify-content-end align-items-end\">\r\n\t\t\t<btn class=\"plus\">\r\n\t\t\t\tMeer lezen\t\t\t<\/btn>\r\n\t\t<\/div>\r\n\t<\/div>\r\n\r\n<\/div>\r\n<\/a>\r\n<\/article>\r\n\r\n<hr class=\"hr\">\n","protected":false},"excerpt":{"rendered":"<p>Overnachting in saint hilaire de riez<\/p>\n","protected":false},"author":1,"featured_media":0,"parent":0,"menu_order":0,"comment_status":"closed","ping_status":"closed","template":"","meta":{"_seopress_robots_primary_cat":"","_seopress_titles_title":"Huur uw accommodatie op camping R\u00e9sid\u00e9a in Saint Hilaire de Riez","_seopress_titles_desc":"De camping R\u00e9sid\u00e9a, ideaal gelegen aan de kust van de Vend\u00e9e, biedt de hele zomer door accommodaties te huur aan.","_seopress_robots_index":"","footnotes":""},"class_list":["post-1295","page","type-page","status-publish","hentry"],"_links":{"self":[{"href":"https:\/\/www.camping-residea.com\/nl\/wp-json\/wp\/v2\/pages\/1295","targetHints":{"allow":["GET"]}}],"collection":[{"href":"https:\/\/www.camping-residea.com\/nl\/wp-json\/wp\/v2\/pages"}],"about":[{"href":"https:\/\/www.camping-residea.com\/nl\/wp-json\/wp\/v2\/types\/page"}],"author":[{"embeddable":true,"href":"https:\/\/www.camping-residea.com\/nl\/wp-json\/wp\/v2\/users\/1"}],"replies":[{"embeddable":true,"href":"https:\/\/www.camping-residea.com\/nl\/wp-json\/wp\/v2\/comments?post=1295"}],"version-history":[{"count":1,"href":"https:\/\/www.camping-residea.com\/nl\/wp-json\/wp\/v2\/pages\/1295\/revisions"}],"predecessor-version":[{"id":1296,"href":"https:\/\/www.camping-residea.com\/nl\/wp-json\/wp\/v2\/pages\/1295\/revisions\/1296"}],"wp:attachment":[{"href":"https:\/\/www.camping-residea.com\/nl\/wp-json\/wp\/v2\/media?parent=1295"}],"curies":[{"name":"wp","href":"https:\/\/api.w.org\/{rel}","templated":true}]}}