{"id":1291,"date":"2022-10-17T14:21:28","date_gmt":"2022-10-17T12:21:28","guid":{"rendered":"https:\/\/www.camping-residea.com\/beheer-van-cookies\/"},"modified":"2023-01-24T14:33:58","modified_gmt":"2023-01-24T13:33:58","slug":"beheer-van-cookies","status":"publish","type":"page","link":"https:\/\/www.camping-residea.com\/nl\/beheer-van-cookies\/","title":{"rendered":"Beheer van cookies"},"content":{"rendered":"\n<p>[sevcookieslaw]<\/p>\n","protected":false},"excerpt":{"rendered":"<p>[sevcookieslaw]<\/p>\n","protected":false},"author":1,"featured_media":0,"parent":0,"menu_order":0,"comment_status":"closed","ping_status":"closed","template":"","meta":{"_seopress_robots_primary_cat":"","_seopress_titles_title":"Cookies beheren op Camping R\u00e9sid\u00e9a","_seopress_titles_desc":"Cookiebeheerpagina van de website van camping R\u00e9sid\u00e9a in Saint Hilaire de Riez.","_seopress_robots_index":"","footnotes":""},"class_list":["post-1291","page","type-page","status-publish","hentry"],"_links":{"self":[{"href":"https:\/\/www.camping-residea.com\/nl\/wp-json\/wp\/v2\/pages\/1291","targetHints":{"allow":["GET"]}}],"collection":[{"href":"https:\/\/www.camping-residea.com\/nl\/wp-json\/wp\/v2\/pages"}],"about":[{"href":"https:\/\/www.camping-residea.com\/nl\/wp-json\/wp\/v2\/types\/page"}],"author":[{"embeddable":true,"href":"https:\/\/www.camping-residea.com\/nl\/wp-json\/wp\/v2\/users\/1"}],"replies":[{"embeddable":true,"href":"https:\/\/www.camping-residea.com\/nl\/wp-json\/wp\/v2\/comments?post=1291"}],"version-history":[{"count":1,"href":"https:\/\/www.camping-residea.com\/nl\/wp-json\/wp\/v2\/pages\/1291\/revisions"}],"predecessor-version":[{"id":1293,"href":"https:\/\/www.camping-residea.com\/nl\/wp-json\/wp\/v2\/pages\/1291\/revisions\/1293"}],"wp:attachment":[{"href":"https:\/\/www.camping-residea.com\/nl\/wp-json\/wp\/v2\/media?parent=1291"}],"curies":[{"name":"wp","href":"https:\/\/api.w.org\/{rel}","templated":true}]}}