{"id":1282,"date":"2022-10-27T14:23:50","date_gmt":"2022-10-27T12:23:50","guid":{"rendered":"https:\/\/www.camping-residea.com\/eigenaar-worden\/"},"modified":"2023-01-24T14:33:59","modified_gmt":"2023-01-24T13:33:59","slug":"eigenaar-worden","status":"publish","type":"page","link":"https:\/\/www.camping-residea.com\/nl\/eigenaar-worden\/","title":{"rendered":"Eigenaar worden"},"content":{"rendered":"\n<h1 class=\"has-text-align-center wp-block-heading\">wordt eigenaar van uw stacaravan in saint hilaire de riez<\/h1>\n\n<h2 class=\"wp-block-heading\">Camping het hele jaar geopend<\/h2>\n\n<p>Vind onze residenti\u00eble standplaatsen van 100 tot 200 m\u00b2.<\/p>\n\n<p>Elk perceel wordt begrensd door heggen en heeft een individuele water- en elektriciteitsmeter. Zo kunt u uw verbruik in real time beheren. Jaarlijkse huurprijs: 3400 \u20ac \/ 3900 \u20ac.<\/p>\n\n<p>Voor meer informatie kunt u ons telefonisch bereiken op 02 51 55 55 76 of per e-mail residea@orange.fr.  <\/p>\n\n<p>Beveiligd dorp met afstandsbediening of digicode toegang.<\/p>\n\n<div class=\"wp-block-columns is-layout-flex wp-container-core-columns-is-layout-28f84493 wp-block-columns-is-layout-flex\">\n<div class=\"wp-block-column is-layout-flow wp-block-column-is-layout-flow\"><\/div>\n\n\n\n<div class=\"wp-block-column is-layout-flow wp-block-column-is-layout-flow\">\n<div class=\"wp-block-cover is-light\" style=\"min-height:211px;aspect-ratio:unset;\"><span aria-hidden=\"true\" class=\"wp-block-cover__background has-orange-background-color has-background-dim-100 has-background-dim\"><\/span><div class=\"wp-block-cover__inner-container is-layout-flow wp-block-cover-is-layout-flow\">\n<p class=\"has-text-align-center has-blanc-color has-text-color has-large-font-size\"><strong>Van  <\/strong><br\/><strong>3400 \u20ac \/ jaar<\/strong><\/p>\n<\/div><\/div>\n<\/div>\n\n\n\n<div class=\"wp-block-column is-layout-flow wp-block-column-is-layout-flow\"><\/div>\n<\/div>\n","protected":false},"excerpt":{"rendered":"<p>wordt eigenaar van uw stacaravan in saint hilaire de riez Camping het hele jaar geopend Vind onze residenti\u00eble standplaatsen van 100 tot 200 m\u00b2. Elk perceel wordt begrensd door heggen en heeft een individuele water- en elektriciteitsmeter. Zo kunt u uw verbruik in real time beheren. Jaarlijkse huurprijs: 3400 \u20ac \/ 3900 \u20ac. Voor meer [&hellip;]<\/p>\n","protected":false},"author":1,"featured_media":0,"parent":0,"menu_order":0,"comment_status":"closed","ping_status":"closed","template":"","meta":{"_seopress_robots_primary_cat":"","_seopress_titles_title":"Wordt eigenaar van camping R\u00e9sid\u00e9a in Saint Hilaire de Riez","_seopress_titles_desc":"Camping R\u00e9sid\u00e9a biedt u de mogelijkheid eigenaar te worden van een stacaravan. Voor meer informatie kunt u contact met ons opnemen.","_seopress_robots_index":"","footnotes":""},"class_list":["post-1282","page","type-page","status-publish","hentry"],"_links":{"self":[{"href":"https:\/\/www.camping-residea.com\/nl\/wp-json\/wp\/v2\/pages\/1282","targetHints":{"allow":["GET"]}}],"collection":[{"href":"https:\/\/www.camping-residea.com\/nl\/wp-json\/wp\/v2\/pages"}],"about":[{"href":"https:\/\/www.camping-residea.com\/nl\/wp-json\/wp\/v2\/types\/page"}],"author":[{"embeddable":true,"href":"https:\/\/www.camping-residea.com\/nl\/wp-json\/wp\/v2\/users\/1"}],"replies":[{"embeddable":true,"href":"https:\/\/www.camping-residea.com\/nl\/wp-json\/wp\/v2\/comments?post=1282"}],"version-history":[{"count":1,"href":"https:\/\/www.camping-residea.com\/nl\/wp-json\/wp\/v2\/pages\/1282\/revisions"}],"predecessor-version":[{"id":1286,"href":"https:\/\/www.camping-residea.com\/nl\/wp-json\/wp\/v2\/pages\/1282\/revisions\/1286"}],"wp:attachment":[{"href":"https:\/\/www.camping-residea.com\/nl\/wp-json\/wp\/v2\/media?parent=1282"}],"curies":[{"name":"wp","href":"https:\/\/api.w.org\/{rel}","templated":true}]}}