{"id":1281,"date":"2023-01-05T10:10:37","date_gmt":"2023-01-05T09:10:37","guid":{"rendered":"https:\/\/www.camping-residea.com\/de-uitrusting\/"},"modified":"2023-01-24T14:33:59","modified_gmt":"2023-01-24T13:33:59","slug":"de-uitrusting","status":"publish","type":"page","link":"https:\/\/www.camping-residea.com\/nl\/de-uitrusting\/","title":{"rendered":"De uitrusting"},"content":{"rendered":"\n<h1 class=\"wp-block-heading\">De uitrusting<\/h1>\n\n<div class=\"wp-block-columns is-layout-flex wp-container-core-columns-is-layout-28f84493 wp-block-columns-is-layout-flex\">\n<div class=\"wp-block-column is-layout-flow wp-block-column-is-layout-flow\">\n<div style=\"height:30px\" aria-hidden=\"true\" class=\"wp-block-spacer\"><\/div>\n\n\n\n<figure class=\"wp-block-image size-large is-resized\"><img loading=\"lazy\" decoding=\"async\" src=\"https:\/\/www.camping-residea.com\/wp-content\/uploads\/2022\/12\/service3-1-1024x498.jpg\" alt=\"speeltuin\" class=\"wp-image-407\" width=\"478\" height=\"232\"\/><\/figure><\/div>\n\n\n\n<div class=\"wp-block-column is-layout-flow wp-block-column-is-layout-flow\">\n<h2 class=\"wp-block-heading\">De voorzieningen van de camping:<\/h2>\n\n\n\n<ul class=\"wp-block-list\"><li>Bar\/snackbar en afhaalmaaltijden (juli en augustus)<\/li><li>Verwarmd binnenzwembad<\/li><li>Multisportterrein<\/li><li>Kinderspeelplaats<\/li><li>Petanque veld<\/li><li>Speelzaal<\/li><\/ul><\/div>\n<\/div>\n\n<h2 class=\"wp-block-heading\">Ontdek de camping in foto&#8217;s<\/h2>\n<div class=\"wp-block-sev-diaporama alignfull\">\t\t\t<div id=\"sevgallery-1607008637\" class=\"sev-diaporama sev-diaporama-portfolio\">\r\n\t\t\t<div class=\"row\">\r\n\r\n\t\t\t\r\n\t\t\t\t\r\n\t\t\t\t<div class=\"sev-diaporama-portfolio-item col-12 col-sm \">\r\n\t\t\t\t\t\t\t\t\t\t<a href=\"https:\/\/www.camping-residea.com\/wp-content\/uploads\/2023\/01\/20200817_101125-1.jpg\" data-lightbox=\"sevgallery-1607008637\" style=\"background-image: url(https:\/\/www.camping-residea.com\/wp-content\/uploads\/2023\/01\/20200817_101125-1.jpg)\">\r\n\t\t\t\t\t\t\t\t\t\t\t<img decoding=\"async\" src=\"https:\/\/www.camping-residea.com\/wp-content\/uploads\/2023\/01\/20200817_101125-1.jpg\" alt=\"\" loading=\"lazy\">\r\n\t\t\t\t\t\t\t\t\t\t<\/a>\r\n\t\t\t\t\t\t\t\t\t<\/div>\r\n\r\n\t\t\t\t\r\n\t\t\t\t\t\t\t\t\t\t\t\r\n\t\t\t\t\r\n\t\t\t\t<div class=\"sev-diaporama-portfolio-item col-12 col-sm  col-shrink\">\r\n\t\t\t\t\t\t\t\t\t\t<a href=\"https:\/\/www.camping-residea.com\/wp-content\/uploads\/2023\/01\/mms_img4438985035818149601-1.jpg\" data-lightbox=\"sevgallery-1607008637\" style=\"background-image: url(https:\/\/www.camping-residea.com\/wp-content\/uploads\/2023\/01\/mms_img4438985035818149601-1.jpg)\">\r\n\t\t\t\t\t\t\t\t\t\t\t<img decoding=\"async\" src=\"https:\/\/www.camping-residea.com\/wp-content\/uploads\/2023\/01\/mms_img4438985035818149601-1.jpg\" alt=\"activit\u00e9 plein air\" loading=\"lazy\">\r\n\t\t\t\t\t\t\t\t\t\t<\/a>\r\n\t\t\t\t\t\t\t\t\t<\/div>\r\n\r\n\t\t\t\t\r\n\t\t\t\t\t\t\t\t\t\t\t\r\n\t\t\t\t\r\n\t\t\t\t<div class=\"sev-diaporama-portfolio-item col-12 col-sm  col-shrink\">\r\n\t\t\t\t\t\t\t\t\t\t<a href=\"https:\/\/www.camping-residea.com\/wp-content\/uploads\/2023\/01\/20200805_104916-1.jpg\" data-lightbox=\"sevgallery-1607008637\" style=\"background-image: url(https:\/\/www.camping-residea.com\/wp-content\/uploads\/2023\/01\/20200805_104916-1.jpg)\">\r\n\t\t\t\t\t\t\t\t\t\t\t<img decoding=\"async\" src=\"https:\/\/www.camping-residea.com\/wp-content\/uploads\/2023\/01\/20200805_104916-1.jpg\" alt=\"animation jeunes\" loading=\"lazy\">\r\n\t\t\t\t\t\t\t\t\t\t<\/a>\r\n\t\t\t\t\t\t\t\t\t<\/div>\r\n\r\n\t\t\t\t\r\n\t\t\t\t\t\t\t\t\t\t\t\r\n\t\t\t\t\r\n\t\t\t\t<div class=\"sev-diaporama-portfolio-item col-12 col-sm \">\r\n\t\t\t\t\t\t\t\t\t\t<a href=\"https:\/\/www.camping-residea.com\/wp-content\/uploads\/2022\/12\/camping1.jpg\" data-lightbox=\"sevgallery-1607008637\" style=\"background-image: url(https:\/\/www.camping-residea.com\/wp-content\/uploads\/2022\/12\/camping1.jpg)\">\r\n\t\t\t\t\t\t\t\t\t\t\t<img decoding=\"async\" src=\"https:\/\/www.camping-residea.com\/wp-content\/uploads\/2022\/12\/camping1.jpg\" alt=\"accueil camping\" loading=\"lazy\">\r\n\t\t\t\t\t\t\t\t\t\t<\/a>\r\n\t\t\t\t\t\t\t\t\t<\/div>\r\n\r\n\t\t\t\t\t\t\t\t\t<div class=\"w-100\"><\/div>\r\n\t\t\t\t\t\t\t\t\t\r\n\t\t\t\t\t\t\t\t\t\t\t\r\n\t\t\t\t\r\n\t\t\t\t<div class=\"sev-diaporama-portfolio-item col-12 col-sm  col-shrink\">\r\n\t\t\t\t\t\t\t\t\t\t<a href=\"https:\/\/www.camping-residea.com\/wp-content\/uploads\/2023\/01\/20200805_165501-1.jpg\" data-lightbox=\"sevgallery-1607008637\" style=\"background-image: url(https:\/\/www.camping-residea.com\/wp-content\/uploads\/2023\/01\/20200805_165501-1.jpg)\">\r\n\t\t\t\t\t\t\t\t\t\t\t<img decoding=\"async\" src=\"https:\/\/www.camping-residea.com\/wp-content\/uploads\/2023\/01\/20200805_165501-1.jpg\" alt=\"maquillage enfant\" loading=\"lazy\">\r\n\t\t\t\t\t\t\t\t\t\t<\/a>\r\n\t\t\t\t\t\t\t\t\t<\/div>\r\n\r\n\t\t\t\t\r\n\t\t\t\t\t\t\t\t\t\t\t\r\n\t\t\t\t\r\n\t\t\t\t<div class=\"sev-diaporama-portfolio-item col-12 col-sm \">\r\n\t\t\t\t\t\t\t\t\t\t<a href=\"https:\/\/www.camping-residea.com\/wp-content\/uploads\/2022\/12\/photo9.jpg\" data-lightbox=\"sevgallery-1607008637\" style=\"background-image: url(https:\/\/www.camping-residea.com\/wp-content\/uploads\/2022\/12\/photo9.jpg)\">\r\n\t\t\t\t\t\t\t\t\t\t\t<img decoding=\"async\" src=\"https:\/\/www.camping-residea.com\/wp-content\/uploads\/2022\/12\/photo9.jpg\" alt=\"\" loading=\"lazy\">\r\n\t\t\t\t\t\t\t\t\t\t<\/a>\r\n\t\t\t\t\t\t\t\t\t<\/div>\r\n\r\n\t\t\t\t\r\n\t\t\t\t\t\t\t\t\t\t\t\r\n\t\t\t\t\r\n\t\t\t\t<div class=\"sev-diaporama-portfolio-item col-12 col-sm  col-shrink\">\r\n\t\t\t\t\t\t\t\t\t\t<a href=\"https:\/\/www.camping-residea.com\/wp-content\/uploads\/2022\/12\/service2-1.jpg\" data-lightbox=\"sevgallery-1607008637\" style=\"background-image: url(https:\/\/www.camping-residea.com\/wp-content\/uploads\/2022\/12\/service2-1.jpg)\">\r\n\t\t\t\t\t\t\t\t\t\t\t<img decoding=\"async\" src=\"https:\/\/www.camping-residea.com\/wp-content\/uploads\/2022\/12\/service2-1.jpg\" alt=\"\" loading=\"lazy\">\r\n\t\t\t\t\t\t\t\t\t\t<\/a>\r\n\t\t\t\t\t\t\t\t\t<\/div>\r\n\r\n\t\t\t\t\r\n\t\t\t\t\t\t\t\t\t\t\t\r\n\t\t\t\t\r\n\t\t\t\t<div class=\"sev-diaporama-portfolio-item col-12 col-sm \">\r\n\t\t\t\t\t\t\t\t\t\t<a href=\"https:\/\/www.camping-residea.com\/wp-content\/uploads\/2023\/01\/20200805_105440-1.jpg\" data-lightbox=\"sevgallery-1607008637\" style=\"background-image: url(https:\/\/www.camping-residea.com\/wp-content\/uploads\/2023\/01\/20200805_105440-1.jpg)\">\r\n\t\t\t\t\t\t\t\t\t\t\t<img decoding=\"async\" src=\"https:\/\/www.camping-residea.com\/wp-content\/uploads\/2023\/01\/20200805_105440-1.jpg\" alt=\"animation club enfant\" loading=\"lazy\">\r\n\t\t\t\t\t\t\t\t\t\t<\/a>\r\n\t\t\t\t\t\t\t\t\t<\/div>\r\n\r\n\t\t\t\t\t\t\t\t\t<div class=\"w-100\"><\/div>\r\n\t\t\t\t\t\t\t\t\t\r\n\t\t\t\t\t\t\t\t\t\t\t\r\n\t\t\t\t\r\n\t\t\t\t<div class=\"sev-diaporama-portfolio-item col-12 col-sm  col-grow\">\r\n\t\t\t\t\t\t\t\t\t\t<a href=\"https:\/\/www.camping-residea.com\/wp-content\/uploads\/2022\/12\/photo7.jpeg\" data-lightbox=\"sevgallery-1607008637\" style=\"background-image: url(https:\/\/www.camping-residea.com\/wp-content\/uploads\/2022\/12\/photo7.jpeg)\">\r\n\t\t\t\t\t\t\t\t\t\t\t<img decoding=\"async\" src=\"https:\/\/www.camping-residea.com\/wp-content\/uploads\/2022\/12\/photo7.jpeg\" alt=\"\" loading=\"lazy\">\r\n\t\t\t\t\t\t\t\t\t\t<\/a>\r\n\t\t\t\t\t\t\t\t\t<\/div>\r\n\r\n\t\t\t\t\r\n\t\t\t\t\t\t\t\t\t\t\t\r\n\t\t\t\t\r\n\t\t\t\t<div class=\"sev-diaporama-portfolio-item col-12 col-sm \">\r\n\t\t\t\t\t\t\t\t\t\t<a href=\"https:\/\/www.camping-residea.com\/wp-content\/uploads\/2023\/01\/20200728_163528-1.jpg\" data-lightbox=\"sevgallery-1607008637\" style=\"background-image: url(https:\/\/www.camping-residea.com\/wp-content\/uploads\/2023\/01\/20200728_163528-1.jpg)\">\r\n\t\t\t\t\t\t\t\t\t\t\t<img decoding=\"async\" src=\"https:\/\/www.camping-residea.com\/wp-content\/uploads\/2023\/01\/20200728_163528-1.jpg\" alt=\"aire de jeux enfants\" loading=\"lazy\">\r\n\t\t\t\t\t\t\t\t\t\t<\/a>\r\n\t\t\t\t\t\t\t\t\t<\/div>\r\n\r\n\t\t\t\t\r\n\t\t\t\t\t\t\t\t\t\t\t\r\n\t\t\t\t\r\n\t\t\t\t<div class=\"sev-diaporama-portfolio-item col-12 col-sm  col-grow\">\r\n\t\t\t\t\t\t\t\t\t\t<a href=\"https:\/\/www.camping-residea.com\/wp-content\/uploads\/2022\/12\/photo8.jpg\" data-lightbox=\"sevgallery-1607008637\" style=\"background-image: url(https:\/\/www.camping-residea.com\/wp-content\/uploads\/2022\/12\/photo8.jpg)\">\r\n\t\t\t\t\t\t\t\t\t\t\t<img decoding=\"async\" src=\"https:\/\/www.camping-residea.com\/wp-content\/uploads\/2022\/12\/photo8.jpg\" alt=\"\" loading=\"lazy\">\r\n\t\t\t\t\t\t\t\t\t\t<\/a>\r\n\t\t\t\t\t\t\t\t\t<\/div>\r\n\r\n\t\t\t\t\r\n\t\t\t\t\t\t\t\t\t\t\t\r\n\t\t\t\t\r\n\t\t\t\t<div class=\"sev-diaporama-portfolio-item col-12 col-sm  col-grow\">\r\n\t\t\t\t\t\t\t\t\t\t<a href=\"https:\/\/www.camping-residea.com\/wp-content\/uploads\/2023\/01\/20220824_183217-1.jpg\" data-lightbox=\"sevgallery-1607008637\" style=\"background-image: url(https:\/\/www.camping-residea.com\/wp-content\/uploads\/2023\/01\/20220824_183217-1.jpg)\">\r\n\t\t\t\t\t\t\t\t\t\t\t<img decoding=\"async\" src=\"https:\/\/www.camping-residea.com\/wp-content\/uploads\/2023\/01\/20220824_183217-1.jpg\" alt=\"maquillage club enfant\" loading=\"lazy\">\r\n\t\t\t\t\t\t\t\t\t\t<\/a>\r\n\t\t\t\t\t\t\t\t\t<\/div>\r\n\r\n\t\t\t\t\t\t\t\t\t<div class=\"w-100\"><\/div>\r\n\t\t\t\t\t\t\t\t\t\r\n\t\t\t\t\t\t\t\t\t\t\t\r\n\t\t\t\t\r\n\t\t\t\t<div class=\"sev-diaporama-portfolio-item col-12 col-sm  col-shrink\">\r\n\t\t\t\t\t\t\t\t\t\t<a href=\"https:\/\/www.camping-residea.com\/wp-content\/uploads\/2023\/01\/20200728_163657-1-1.jpg\" data-lightbox=\"sevgallery-1607008637\" style=\"background-image: url(https:\/\/www.camping-residea.com\/wp-content\/uploads\/2023\/01\/20200728_163657-1-1.jpg)\">\r\n\t\t\t\t\t\t\t\t\t\t\t<img decoding=\"async\" src=\"https:\/\/www.camping-residea.com\/wp-content\/uploads\/2023\/01\/20200728_163657-1-1.jpg\" alt=\"jeux plein air\" loading=\"lazy\">\r\n\t\t\t\t\t\t\t\t\t\t<\/a>\r\n\t\t\t\t\t\t\t\t\t<\/div>\r\n\r\n\t\t\t\t\r\n\t\t\t\t\t\t\t\t\t\t\t\r\n\t\t\t\t\r\n\t\t\t\t<div class=\"sev-diaporama-portfolio-item col-12 col-sm  col-shrink\">\r\n\t\t\t\t\t\t\t\t\t\t<a href=\"https:\/\/www.camping-residea.com\/wp-content\/uploads\/2022\/12\/fb2-1.jpg\" data-lightbox=\"sevgallery-1607008637\" style=\"background-image: url(https:\/\/www.camping-residea.com\/wp-content\/uploads\/2022\/12\/fb2-1.jpg)\">\r\n\t\t\t\t\t\t\t\t\t\t\t<img decoding=\"async\" src=\"https:\/\/www.camping-residea.com\/wp-content\/uploads\/2022\/12\/fb2-1.jpg\" alt=\"\" loading=\"lazy\">\r\n\t\t\t\t\t\t\t\t\t\t<\/a>\r\n\t\t\t\t\t\t\t\t\t<\/div>\r\n\r\n\t\t\t\t\r\n\t\t\t\t\t\t\t\t\t\t\t\r\n\t\t\t\t\r\n\t\t\t\t<div class=\"sev-diaporama-portfolio-item col-12 col-sm \">\r\n\t\t\t\t\t\t\t\t\t\t<a href=\"https:\/\/www.camping-residea.com\/wp-content\/uploads\/2023\/01\/20210818_174353-1.jpg\" data-lightbox=\"sevgallery-1607008637\" style=\"background-image: url(https:\/\/www.camping-residea.com\/wp-content\/uploads\/2023\/01\/20210818_174353-1.jpg)\">\r\n\t\t\t\t\t\t\t\t\t\t\t<img decoding=\"async\" src=\"https:\/\/www.camping-residea.com\/wp-content\/uploads\/2023\/01\/20210818_174353-1.jpg\" alt=\"atelier clown enfant\" loading=\"lazy\">\r\n\t\t\t\t\t\t\t\t\t\t<\/a>\r\n\t\t\t\t\t\t\t\t\t<\/div>\r\n\r\n\t\t\t\t\r\n\t\t\t\t\t\t\t\t\t\t\t\r\n\t\t\t\t\r\n\t\t\t\t<div class=\"sev-diaporama-portfolio-item col-12 col-sm  col-shrink\">\r\n\t\t\t\t\t\t\t\t\t\t<a href=\"https:\/\/www.camping-residea.com\/wp-content\/uploads\/2023\/01\/20220815_103604-1.jpg\" data-lightbox=\"sevgallery-1607008637\" style=\"background-image: url(https:\/\/www.camping-residea.com\/wp-content\/uploads\/2023\/01\/20220815_103604-1.jpg)\">\r\n\t\t\t\t\t\t\t\t\t\t\t<img decoding=\"async\" src=\"https:\/\/www.camping-residea.com\/wp-content\/uploads\/2023\/01\/20220815_103604-1.jpg\" alt=\"creation club enfant\" loading=\"lazy\">\r\n\t\t\t\t\t\t\t\t\t\t<\/a>\r\n\t\t\t\t\t\t\t\t\t<\/div>\r\n\r\n\t\t\t\t\t\t\t\t\t<div class=\"w-100\"><\/div>\r\n\t\t\t\t\t\t\t\t\t\r\n\t\t\t\t\t\t\t\t\t\t\t\r\n\t\t\t\t\r\n\t\t\t\t<div class=\"sev-diaporama-portfolio-item col-12 col-sm  col-shrink\">\r\n\t\t\t\t\t\t\t\t\t\t<a href=\"https:\/\/www.camping-residea.com\/wp-content\/uploads\/2023\/01\/20220824_183303-1.jpg\" data-lightbox=\"sevgallery-1607008637\" style=\"background-image: url(https:\/\/www.camping-residea.com\/wp-content\/uploads\/2023\/01\/20220824_183303-1.jpg)\">\r\n\t\t\t\t\t\t\t\t\t\t\t<img decoding=\"async\" src=\"https:\/\/www.camping-residea.com\/wp-content\/uploads\/2023\/01\/20220824_183303-1.jpg\" alt=\"maquillage color\u00e9\" loading=\"lazy\">\r\n\t\t\t\t\t\t\t\t\t\t<\/a>\r\n\t\t\t\t\t\t\t\t\t<\/div>\r\n\r\n\t\t\t\t\r\n\t\t\t\t\t\t\t\t\t\t\t\r\n\t\t\t\t\r\n\t\t\t\t<div class=\"sev-diaporama-portfolio-item col-12 col-sm \">\r\n\t\t\t\t\t\t\t\t\t\t<a href=\"https:\/\/www.camping-residea.com\/wp-content\/uploads\/2023\/01\/IMG_13101.jpg\" data-lightbox=\"sevgallery-1607008637\" style=\"background-image: url(https:\/\/www.camping-residea.com\/wp-content\/uploads\/2023\/01\/IMG_13101.jpg)\">\r\n\t\t\t\t\t\t\t\t\t\t\t<img decoding=\"async\" src=\"https:\/\/www.camping-residea.com\/wp-content\/uploads\/2023\/01\/IMG_13101.jpg\" alt=\"\" loading=\"lazy\">\r\n\t\t\t\t\t\t\t\t\t\t<\/a>\r\n\t\t\t\t\t\t\t\t\t<\/div>\r\n\r\n\t\t\t\t\r\n\t\t\t\t\t\t\t\t\t\t\t\r\n\t\t\t\t\r\n\t\t\t\t<div class=\"sev-diaporama-portfolio-item col-12 col-sm  col-shrink\">\r\n\t\t\t\t\t\t\t\t\t\t<a href=\"https:\/\/www.camping-residea.com\/wp-content\/uploads\/2023\/01\/20220824_183307-1.jpg\" data-lightbox=\"sevgallery-1607008637\" style=\"background-image: url(https:\/\/www.camping-residea.com\/wp-content\/uploads\/2023\/01\/20220824_183307-1.jpg)\">\r\n\t\t\t\t\t\t\t\t\t\t\t<img decoding=\"async\" src=\"https:\/\/www.camping-residea.com\/wp-content\/uploads\/2023\/01\/20220824_183307-1.jpg\" alt=\"animation maquillage\" loading=\"lazy\">\r\n\t\t\t\t\t\t\t\t\t\t<\/a>\r\n\t\t\t\t\t\t\t\t\t<\/div>\r\n\r\n\t\t\t\t\r\n\t\t\t\t\t\t\t\t\t\t\t\r\n\t\t\t\t\r\n\t\t\t\t<div class=\"sev-diaporama-portfolio-item col-12 col-sm \">\r\n\t\t\t\t\t\t\t\t\t\t<a href=\"https:\/\/www.camping-residea.com\/wp-content\/uploads\/2023\/01\/mms_img33264948918303799681-1.jpg\" data-lightbox=\"sevgallery-1607008637\" style=\"background-image: url(https:\/\/www.camping-residea.com\/wp-content\/uploads\/2023\/01\/mms_img33264948918303799681-1.jpg)\">\r\n\t\t\t\t\t\t\t\t\t\t\t<img decoding=\"async\" src=\"https:\/\/www.camping-residea.com\/wp-content\/uploads\/2023\/01\/mms_img33264948918303799681-1.jpg\" alt=\"club jeunes\" loading=\"lazy\">\r\n\t\t\t\t\t\t\t\t\t\t<\/a>\r\n\t\t\t\t\t\t\t\t\t<\/div>\r\n\r\n\t\t\t\t\t\t\t\t\t<div class=\"w-100\"><\/div>\r\n\t\t\t\t\t\t\t\t\t\r\n\t\t\t\t\t\t\t\t\t\t\t\r\n\t\t\t\t\r\n\t\t\t\t<div class=\"sev-diaporama-portfolio-item col-12 col-sm \">\r\n\t\t\t\t\t\t\t\t\t\t<a href=\"https:\/\/www.camping-residea.com\/wp-content\/uploads\/2023\/01\/photos-1-1024x498-2.jpg\" data-lightbox=\"sevgallery-1607008637\" style=\"background-image: url(https:\/\/www.camping-residea.com\/wp-content\/uploads\/2023\/01\/photos-1-1024x498-2.jpg)\">\r\n\t\t\t\t\t\t\t\t\t\t\t<img decoding=\"async\" src=\"https:\/\/www.camping-residea.com\/wp-content\/uploads\/2023\/01\/photos-1-1024x498-2.jpg\" alt=\"aire de jeux\" loading=\"lazy\">\r\n\t\t\t\t\t\t\t\t\t\t<\/a>\r\n\t\t\t\t\t\t\t\t\t<\/div>\r\n\r\n\t\t\t\t\r\n\t\t\t\t\t\t\t\t\t\t\t\r\n\t\t\t\t\r\n\t\t\t\t<div class=\"sev-diaporama-portfolio-item col-12 col-sm \">\r\n\t\t\t\t\t\t\t\t\t\t<a href=\"https:\/\/www.camping-residea.com\/wp-content\/uploads\/2023\/01\/20200728_163538-1024x498-1.jpg\" data-lightbox=\"sevgallery-1607008637\" style=\"background-image: url(https:\/\/www.camping-residea.com\/wp-content\/uploads\/2023\/01\/20200728_163538-1024x498-1.jpg)\">\r\n\t\t\t\t\t\t\t\t\t\t\t<img decoding=\"async\" src=\"https:\/\/www.camping-residea.com\/wp-content\/uploads\/2023\/01\/20200728_163538-1024x498-1.jpg\" alt=\"jeux ext\u00e9rieurs\" loading=\"lazy\">\r\n\t\t\t\t\t\t\t\t\t\t<\/a>\r\n\t\t\t\t\t\t\t\t\t<\/div>\r\n\r\n\t\t\t\t\r\n\t\t\t\t\t\t\t\t\t\t\t\r\n\t\t\t\t\r\n\t\t\t\t<div class=\"sev-diaporama-portfolio-item col-12 col-sm  col-grow\">\r\n\t\t\t\t\t\t\t\t\t\t<a href=\"https:\/\/www.camping-residea.com\/wp-content\/uploads\/2024\/03\/IMG-20230824-WA0033.jpg\" data-lightbox=\"sevgallery-1607008637\" style=\"background-image: url(https:\/\/www.camping-residea.com\/wp-content\/uploads\/2024\/03\/IMG-20230824-WA0033.jpg)\">\r\n\t\t\t\t\t\t\t\t\t\t\t<img decoding=\"async\" src=\"https:\/\/www.camping-residea.com\/wp-content\/uploads\/2024\/03\/IMG-20230824-WA0033.jpg\" alt=\"\" loading=\"lazy\">\r\n\t\t\t\t\t\t\t\t\t\t<\/a>\r\n\t\t\t\t\t\t\t\t\t<\/div>\r\n\r\n\t\t\t\t\r\n\t\t\t\t\t\t\t\t\t\t\t\r\n\t\t\t\t\r\n\t\t\t\t<div class=\"sev-diaporama-portfolio-item col-12 col-sm \">\r\n\t\t\t\t\t\t\t\t\t\t<a href=\"https:\/\/www.camping-residea.com\/wp-content\/uploads\/2024\/03\/IMG-20230824-WA0027.jpg\" data-lightbox=\"sevgallery-1607008637\" style=\"background-image: url(https:\/\/www.camping-residea.com\/wp-content\/uploads\/2024\/03\/IMG-20230824-WA0027.jpg)\">\r\n\t\t\t\t\t\t\t\t\t\t\t<img decoding=\"async\" src=\"https:\/\/www.camping-residea.com\/wp-content\/uploads\/2024\/03\/IMG-20230824-WA0027.jpg\" alt=\"\" loading=\"lazy\">\r\n\t\t\t\t\t\t\t\t\t\t<\/a>\r\n\t\t\t\t\t\t\t\t\t<\/div>\r\n\r\n\t\t\t\t\t\t\t\t\t<div class=\"w-100\"><\/div>\r\n\t\t\t\t\t\t\t\t\t\r\n\t\t\t\t\t\t\t\t\t\t\t\r\n\t\t\t\t\r\n\t\t\t\t<div class=\"sev-diaporama-portfolio-item col-12 col-sm  col-grow\">\r\n\t\t\t\t\t\t\t\t\t\t<a href=\"https:\/\/www.camping-residea.com\/wp-content\/uploads\/2024\/03\/20230823_182558.jpg\" data-lightbox=\"sevgallery-1607008637\" style=\"background-image: url(https:\/\/www.camping-residea.com\/wp-content\/uploads\/2024\/03\/20230823_182558.jpg)\">\r\n\t\t\t\t\t\t\t\t\t\t\t<img decoding=\"async\" src=\"https:\/\/www.camping-residea.com\/wp-content\/uploads\/2024\/03\/20230823_182558.jpg\" alt=\"\" loading=\"lazy\">\r\n\t\t\t\t\t\t\t\t\t\t<\/a>\r\n\t\t\t\t\t\t\t\t\t<\/div>\r\n\r\n\t\t\t\t\r\n\t\t\t\t\t\t\t\t\t\t\t\r\n\t\t\t\t\r\n\t\t\t\t<div class=\"sev-diaporama-portfolio-item col-12 col-sm \">\r\n\t\t\t\t\t\t\t\t\t\t<a href=\"https:\/\/www.camping-residea.com\/wp-content\/uploads\/2024\/03\/20230714_113933.jpg\" data-lightbox=\"sevgallery-1607008637\" style=\"background-image: url(https:\/\/www.camping-residea.com\/wp-content\/uploads\/2024\/03\/20230714_113933.jpg)\">\r\n\t\t\t\t\t\t\t\t\t\t\t<img decoding=\"async\" src=\"https:\/\/www.camping-residea.com\/wp-content\/uploads\/2024\/03\/20230714_113933.jpg\" alt=\"\" loading=\"lazy\">\r\n\t\t\t\t\t\t\t\t\t\t<\/a>\r\n\t\t\t\t\t\t\t\t\t<\/div>\r\n\r\n\t\t\t\t\r\n\t\t\t\t\t\t\t\t\t\t\t\r\n\t\t\t\t\r\n\t\t\t\t<div class=\"sev-diaporama-portfolio-item col-12 col-sm \">\r\n\t\t\t\t\t\t\t\t\t\t<a href=\"https:\/\/www.camping-residea.com\/wp-content\/uploads\/2024\/03\/20230710_192046.jpg\" data-lightbox=\"sevgallery-1607008637\" style=\"background-image: url(https:\/\/www.camping-residea.com\/wp-content\/uploads\/2024\/03\/20230710_192046.jpg)\">\r\n\t\t\t\t\t\t\t\t\t\t\t<img decoding=\"async\" src=\"https:\/\/www.camping-residea.com\/wp-content\/uploads\/2024\/03\/20230710_192046.jpg\" alt=\"\" loading=\"lazy\">\r\n\t\t\t\t\t\t\t\t\t\t<\/a>\r\n\t\t\t\t\t\t\t\t\t<\/div>\r\n\r\n\t\t\t\t\r\n\t\t\t\t\t\t\t\t\t\t\t\t\t\t<\/div>\r\n\t\t\t<\/div>\r\n\t\t\t<\/div>","protected":false},"excerpt":{"rendered":"<p>De uitrusting De voorzieningen van de camping: Bar\/snackbar en afhaalmaaltijden (juli en augustus) Verwarmd binnenzwembad Multisportterrein Kinderspeelplaats Petanque veld Speelzaal Ontdek de camping in foto&#8217;s<\/p>\n","protected":false},"author":1,"featured_media":0,"parent":0,"menu_order":0,"comment_status":"closed","ping_status":"closed","template":"","meta":{"_seopress_robots_primary_cat":"","_seopress_titles_title":"Ontdek alle faciliteiten van onze camping R\u00e9sid\u00e9a","_seopress_titles_desc":"Voor uw verblijf wacht camping R\u00e9sid\u00e9a op u met voorzieningen die zijn aangepast aan uw vakantie in de Vend\u00e9e.","_seopress_robots_index":"","footnotes":""},"class_list":["post-1281","page","type-page","status-publish","hentry"],"_links":{"self":[{"href":"https:\/\/www.camping-residea.com\/nl\/wp-json\/wp\/v2\/pages\/1281","targetHints":{"allow":["GET"]}}],"collection":[{"href":"https:\/\/www.camping-residea.com\/nl\/wp-json\/wp\/v2\/pages"}],"about":[{"href":"https:\/\/www.camping-residea.com\/nl\/wp-json\/wp\/v2\/types\/page"}],"author":[{"embeddable":true,"href":"https:\/\/www.camping-residea.com\/nl\/wp-json\/wp\/v2\/users\/1"}],"replies":[{"embeddable":true,"href":"https:\/\/www.camping-residea.com\/nl\/wp-json\/wp\/v2\/comments?post=1281"}],"version-history":[{"count":1,"href":"https:\/\/www.camping-residea.com\/nl\/wp-json\/wp\/v2\/pages\/1281\/revisions"}],"predecessor-version":[{"id":1284,"href":"https:\/\/www.camping-residea.com\/nl\/wp-json\/wp\/v2\/pages\/1281\/revisions\/1284"}],"wp:attachment":[{"href":"https:\/\/www.camping-residea.com\/nl\/wp-json\/wp\/v2\/media?parent=1281"}],"curies":[{"name":"wp","href":"https:\/\/api.w.org\/{rel}","templated":true}]}}