{"id":1275,"date":"2023-01-05T11:18:36","date_gmt":"2023-01-05T10:18:36","guid":{"rendered":"https:\/\/www.camping-residea.com\/vrije-tijd\/"},"modified":"2023-01-24T16:57:31","modified_gmt":"2023-01-24T15:57:31","slug":"vrije-tijd","status":"publish","type":"page","link":"https:\/\/www.camping-residea.com\/nl\/vrije-tijd\/","title":{"rendered":"vrije tijd"},"content":{"rendered":"\n<h1 class=\"has-text-align-center wp-block-heading\">Vrije tijd<\/h1>\n\n\n\n<div class=\"wp-block-columns is-layout-flex wp-container-core-columns-is-layout-28f84493 wp-block-columns-is-layout-flex\">\n<div class=\"wp-block-column is-layout-flow wp-block-column-is-layout-flow\">\n<a class=\"wp-block-sev-encart-photo\" href=\"https:\/\/www.camping-residea.com\/nl\/vrije-tijd\/vrijetijdsparken\/\" title=\"Les parcs de loisirs\"><img decoding=\"async\" class=\"recipe-image\" src=\"https:\/\/www.camping-residea.com\/wp-content\/uploads\/2022\/10\/IMG_8379.jpg\" alt=\"\"\/><div class=\"wp-block-sev-encart-photo-text\">Vrijetijdsparken<\/div><\/a>\n<\/div>\n\n\n\n<div class=\"wp-block-column is-layout-flow wp-block-column-is-layout-flow\">\n<a class=\"wp-block-sev-encart-photo\" href=\"https:\/\/www.camping-residea.com\/nl\/fietspaden\/\" title=\"Fietspaden\"><img decoding=\"async\" class=\"recipe-image\" src=\"https:\/\/www.camping-residea.com\/wp-content\/uploads\/2022\/12\/haut-pistes-cycl.png\" alt=\"\"><div class=\"wp-block-sev-encart-photo-text\">Fietspaden<\/div><\/a>\n<\/div>\n<\/div>\n","protected":false},"excerpt":{"rendered":"<p>Vrije tijd<\/p>\n","protected":false},"author":1,"featured_media":0,"parent":0,"menu_order":0,"comment_status":"closed","ping_status":"closed","template":"","meta":{"_seopress_robots_primary_cat":"","_seopress_titles_title":"Ontdek de recreatiemogelijkheden in de omgeving","_seopress_titles_desc":"In de buurt van uw camping R\u00e9sid\u00e9a kunt u tijdens uw verblijf de fietspaden van de Vend\u00e9e en de nabijgelegen parken uitproberen.","_seopress_robots_index":"","footnotes":""},"class_list":["post-1275","page","type-page","status-publish","hentry"],"_links":{"self":[{"href":"https:\/\/www.camping-residea.com\/nl\/wp-json\/wp\/v2\/pages\/1275","targetHints":{"allow":["GET"]}}],"collection":[{"href":"https:\/\/www.camping-residea.com\/nl\/wp-json\/wp\/v2\/pages"}],"about":[{"href":"https:\/\/www.camping-residea.com\/nl\/wp-json\/wp\/v2\/types\/page"}],"author":[{"embeddable":true,"href":"https:\/\/www.camping-residea.com\/nl\/wp-json\/wp\/v2\/users\/1"}],"replies":[{"embeddable":true,"href":"https:\/\/www.camping-residea.com\/nl\/wp-json\/wp\/v2\/comments?post=1275"}],"version-history":[{"count":4,"href":"https:\/\/www.camping-residea.com\/nl\/wp-json\/wp\/v2\/pages\/1275\/revisions"}],"predecessor-version":[{"id":1504,"href":"https:\/\/www.camping-residea.com\/nl\/wp-json\/wp\/v2\/pages\/1275\/revisions\/1504"}],"wp:attachment":[{"href":"https:\/\/www.camping-residea.com\/nl\/wp-json\/wp\/v2\/media?parent=1275"}],"curies":[{"name":"wp","href":"https:\/\/api.w.org\/{rel}","templated":true}]}}