{"id":1273,"date":"2022-12-09T10:27:07","date_gmt":"2022-12-09T09:27:07","guid":{"rendered":"https:\/\/www.camping-residea.com\/diensten\/"},"modified":"2023-01-24T14:33:59","modified_gmt":"2023-01-24T13:33:59","slug":"diensten","status":"publish","type":"page","link":"https:\/\/www.camping-residea.com\/nl\/diensten\/","title":{"rendered":"Diensten"},"content":{"rendered":"\n<h1 class=\"wp-block-heading\">De diensten van de camping<\/h1>\n\n<p>Onze receptie is het hele jaar geopend.<\/p>\n\n<p><strong>April tot juni en september<\/strong>:  <br\/>Maandag t\/m zaterdag van 9.00 tot 12.30 uur en van 14.00 tot 18.00 uur en op zondag van 9.00 tot 12.30 uur.<\/p>\n\n<p><strong>Juli &#8211; augustus :  <\/strong><br\/>Maandag tot en met vrijdag van 9.00 tot 12.30 uur en van 14.30 tot 18.30 uur, zaterdag van 9.00 tot 12.30 uur en van 14.00 tot 19.00 uur en zondag van 9.00 tot 12.30 uur en van 15.00 tot 18.00 uur.<\/p>\n\n<p><strong>Oktober tot maart:<\/strong> <br\/>Dinsdag t\/m zaterdag van 9.00 tot 12.30 uur en van 14.00 tot 17.30 uur.<br\/><\/p>\n\n<div class=\"wp-block-media-text alignwide is-stacked-on-mobile is-image-fill\"><figure class=\"wp-block-media-text__media\" style=\"background-image:url(https:\/\/www.camping-residea.com\/wp-content\/uploads\/2023\/01\/20220717_210905-1-1024x576.jpg);background-position:50% 50%\"><img loading=\"lazy\" decoding=\"async\" width=\"1024\" height=\"576\" src=\"https:\/\/www.camping-residea.com\/wp-content\/uploads\/2023\/01\/20220717_210905-1-1024x576.jpg\" alt=\"\" class=\"wp-image-1115 size-full\" srcset=\"https:\/\/www.camping-residea.com\/wp-content\/uploads\/2023\/01\/20220717_210905-1-1024x576.jpg 1024w, https:\/\/www.camping-residea.com\/wp-content\/uploads\/2023\/01\/20220717_210905-1-300x169.jpg 300w, https:\/\/www.camping-residea.com\/wp-content\/uploads\/2023\/01\/20220717_210905-1-768x432.jpg 768w, https:\/\/www.camping-residea.com\/wp-content\/uploads\/2023\/01\/20220717_210905-1.jpg 1200w\" sizes=\"auto, (max-width: 1024px) 100vw, 1024px\" \/><\/figure><div class=\"wp-block-media-text__content\">\n<h1 class=\"wp-block-heading\">De diensten :<\/h1>\n\n\n\n<h2 class=\"wp-block-heading\">Bar-Snack<\/h2>\n\n\n\n<p>Catering ter plaatse of om mee te nemen<\/p>\n\n\n\n<h2 class=\"wp-block-heading\">Kids Club<\/h2>\n\n\n\n<p>Voor jong en oud, activiteiten aangepast aan de leeftijd van iedereen<\/p>\n\n\n\n<h2 class=\"wp-block-heading\">Wasserette<\/h2>\n\n\n\n<p>Wasmachine (\u20ac 4,00 per munt), droger (\u20ac 4,00 per munt), strijkijzer en strijkplank<\/p>\n<\/div><\/div>\n\n<div class=\"wp-block-media-text alignwide has-media-on-the-right is-stacked-on-mobile is-image-fill\"><figure class=\"wp-block-media-text__media\" style=\"background-image:url(https:\/\/www.camping-residea.com\/wp-content\/uploads\/2023\/01\/20200805_165501-1-1024x498.jpg);background-position:50% 50%\"><img loading=\"lazy\" decoding=\"async\" width=\"1024\" height=\"498\" src=\"https:\/\/www.camping-residea.com\/wp-content\/uploads\/2023\/01\/20200805_165501-1-1024x498.jpg\" alt=\"make-up voor kinderen\" class=\"wp-image-855 size-full\" srcset=\"https:\/\/www.camping-residea.com\/wp-content\/uploads\/2023\/01\/20200805_165501-1-1024x498.jpg 1024w, https:\/\/www.camping-residea.com\/wp-content\/uploads\/2023\/01\/20200805_165501-1-300x146.jpg 300w, https:\/\/www.camping-residea.com\/wp-content\/uploads\/2023\/01\/20200805_165501-1-768x373.jpg 768w, https:\/\/www.camping-residea.com\/wp-content\/uploads\/2023\/01\/20200805_165501-1.jpg 1152w\" sizes=\"auto, (max-width: 1024px) 100vw, 1024px\" \/><\/figure><div class=\"wp-block-media-text__content\">\n<h2 class=\"wp-block-heading\">Wifi<\/h2>\n\n\n\n<p>Tegen betaling op de camping, neem contact op met de receptie voor details.<\/p>\n\n\n\n<h2 class=\"wp-block-heading\">Fietsverhuur<\/h2>\n\n\n\n<p>Dankzij onze partner kunt u direct uw fietsen reserveren en ze direct op de camping laten afleveren.<\/p>\n<\/div><\/div>\n\n<div class=\"wp-block-media-text alignwide is-stacked-on-mobile is-image-fill\"><figure class=\"wp-block-media-text__media\" style=\"background-image:url(https:\/\/www.camping-residea.com\/wp-content\/uploads\/2023\/01\/photo2-1024x498-1.jpg);background-position:50% 50%\"><img loading=\"lazy\" decoding=\"async\" width=\"1024\" height=\"498\" src=\"https:\/\/www.camping-residea.com\/wp-content\/uploads\/2023\/01\/photo2-1024x498-1.jpg\" alt=\"speeltuin\" class=\"wp-image-1002 size-full\" srcset=\"https:\/\/www.camping-residea.com\/wp-content\/uploads\/2023\/01\/photo2-1024x498-1.jpg 1024w, https:\/\/www.camping-residea.com\/wp-content\/uploads\/2023\/01\/photo2-1024x498-1-300x146.jpg 300w, https:\/\/www.camping-residea.com\/wp-content\/uploads\/2023\/01\/photo2-1024x498-1-768x374.jpg 768w\" sizes=\"auto, (max-width: 1024px) 100vw, 1024px\" \/><\/figure><div class=\"wp-block-media-text__content\">\n<h2 class=\"wp-block-heading\">Apparatuur<\/h2>\n\n\n\n<ul class=\"wp-block-list\"><li>Brood en gebak bestellen voor de volgende dag<\/li><li>Aangepaste cabine voor personen met beperkte mobiliteit in de sanitaire voorzieningen van de camping.<\/li><li>Uitleen van materiaal (haardroger, rackets, petanqueballen)<\/li><li>huur babypakket: 30\u20ac\/week (stoel en bed)<\/li><li>Wegwerplakens te koop (12\u20ac groot en 10\u20ac klein)<\/li><\/ul><\/div><\/div>\n\n<hr class=\"wp-block-separator has-text-color has-blanc-color has-alpha-channel-opacity has-blanc-background-color has-background is-style-dots\"\/>\n\n<h3 class=\"wp-block-heading\">Ontdek de camping in foto&#8217;s:  <\/h3>\n<div class=\"wp-block-sev-diaporama alignfull\">\t\t\t<div id=\"sevgallery-1156444470\" class=\"sev-diaporama sev-diaporama-portfolio\">\r\n\t\t\t<div class=\"row\">\r\n\r\n\t\t\t\r\n\t\t\t\t\r\n\t\t\t\t<div class=\"sev-diaporama-portfolio-item col-12 col-sm  col-grow\">\r\n\t\t\t\t\t\t\t\t\t\t<a href=\"https:\/\/www.camping-residea.com\/wp-content\/uploads\/2023\/01\/20200817_101125-1.jpg\" data-lightbox=\"sevgallery-1156444470\" style=\"background-image: url(https:\/\/www.camping-residea.com\/wp-content\/uploads\/2023\/01\/20200817_101125-1.jpg)\">\r\n\t\t\t\t\t\t\t\t\t\t\t<img decoding=\"async\" src=\"https:\/\/www.camping-residea.com\/wp-content\/uploads\/2023\/01\/20200817_101125-1.jpg\" alt=\"\" loading=\"lazy\">\r\n\t\t\t\t\t\t\t\t\t\t<\/a>\r\n\t\t\t\t\t\t\t\t\t<\/div>\r\n\r\n\t\t\t\t\r\n\t\t\t\t\t\t\t\t\t\t\t\r\n\t\t\t\t\r\n\t\t\t\t<div class=\"sev-diaporama-portfolio-item col-12 col-sm  col-shrink\">\r\n\t\t\t\t\t\t\t\t\t\t<a href=\"https:\/\/www.camping-residea.com\/wp-content\/uploads\/2023\/01\/mms_img4438985035818149601-1.jpg\" data-lightbox=\"sevgallery-1156444470\" style=\"background-image: url(https:\/\/www.camping-residea.com\/wp-content\/uploads\/2023\/01\/mms_img4438985035818149601-1.jpg)\">\r\n\t\t\t\t\t\t\t\t\t\t\t<img decoding=\"async\" src=\"https:\/\/www.camping-residea.com\/wp-content\/uploads\/2023\/01\/mms_img4438985035818149601-1.jpg\" alt=\"activit\u00e9 plein air\" loading=\"lazy\">\r\n\t\t\t\t\t\t\t\t\t\t<\/a>\r\n\t\t\t\t\t\t\t\t\t<\/div>\r\n\r\n\t\t\t\t\r\n\t\t\t\t\t\t\t\t\t\t\t\r\n\t\t\t\t\r\n\t\t\t\t<div class=\"sev-diaporama-portfolio-item col-12 col-sm  col-shrink\">\r\n\t\t\t\t\t\t\t\t\t\t<a href=\"https:\/\/www.camping-residea.com\/wp-content\/uploads\/2023\/01\/20200805_104916-1.jpg\" data-lightbox=\"sevgallery-1156444470\" style=\"background-image: url(https:\/\/www.camping-residea.com\/wp-content\/uploads\/2023\/01\/20200805_104916-1.jpg)\">\r\n\t\t\t\t\t\t\t\t\t\t\t<img decoding=\"async\" src=\"https:\/\/www.camping-residea.com\/wp-content\/uploads\/2023\/01\/20200805_104916-1.jpg\" alt=\"animation jeunes\" loading=\"lazy\">\r\n\t\t\t\t\t\t\t\t\t\t<\/a>\r\n\t\t\t\t\t\t\t\t\t<\/div>\r\n\r\n\t\t\t\t\r\n\t\t\t\t\t\t\t\t\t\t\t\r\n\t\t\t\t\r\n\t\t\t\t<div class=\"sev-diaporama-portfolio-item col-12 col-sm  col-grow\">\r\n\t\t\t\t\t\t\t\t\t\t<a href=\"https:\/\/www.camping-residea.com\/wp-content\/uploads\/2022\/12\/camping1.jpg\" data-lightbox=\"sevgallery-1156444470\" style=\"background-image: url(https:\/\/www.camping-residea.com\/wp-content\/uploads\/2022\/12\/camping1.jpg)\">\r\n\t\t\t\t\t\t\t\t\t\t\t<img decoding=\"async\" src=\"https:\/\/www.camping-residea.com\/wp-content\/uploads\/2022\/12\/camping1.jpg\" alt=\"accueil camping\" loading=\"lazy\">\r\n\t\t\t\t\t\t\t\t\t\t<\/a>\r\n\t\t\t\t\t\t\t\t\t<\/div>\r\n\r\n\t\t\t\t\t\t\t\t\t<div class=\"w-100\"><\/div>\r\n\t\t\t\t\t\t\t\t\t\r\n\t\t\t\t\t\t\t\t\t\t\t\r\n\t\t\t\t\r\n\t\t\t\t<div class=\"sev-diaporama-portfolio-item col-12 col-sm \">\r\n\t\t\t\t\t\t\t\t\t\t<a href=\"https:\/\/www.camping-residea.com\/wp-content\/uploads\/2023\/01\/20200805_165501-1.jpg\" data-lightbox=\"sevgallery-1156444470\" style=\"background-image: url(https:\/\/www.camping-residea.com\/wp-content\/uploads\/2023\/01\/20200805_165501-1.jpg)\">\r\n\t\t\t\t\t\t\t\t\t\t\t<img decoding=\"async\" src=\"https:\/\/www.camping-residea.com\/wp-content\/uploads\/2023\/01\/20200805_165501-1.jpg\" alt=\"maquillage enfant\" loading=\"lazy\">\r\n\t\t\t\t\t\t\t\t\t\t<\/a>\r\n\t\t\t\t\t\t\t\t\t<\/div>\r\n\r\n\t\t\t\t\r\n\t\t\t\t\t\t\t\t\t\t\t\r\n\t\t\t\t\r\n\t\t\t\t<div class=\"sev-diaporama-portfolio-item col-12 col-sm \">\r\n\t\t\t\t\t\t\t\t\t\t<a href=\"https:\/\/www.camping-residea.com\/wp-content\/uploads\/2022\/12\/photo9.jpg\" data-lightbox=\"sevgallery-1156444470\" style=\"background-image: url(https:\/\/www.camping-residea.com\/wp-content\/uploads\/2022\/12\/photo9.jpg)\">\r\n\t\t\t\t\t\t\t\t\t\t\t<img decoding=\"async\" src=\"https:\/\/www.camping-residea.com\/wp-content\/uploads\/2022\/12\/photo9.jpg\" alt=\"\" loading=\"lazy\">\r\n\t\t\t\t\t\t\t\t\t\t<\/a>\r\n\t\t\t\t\t\t\t\t\t<\/div>\r\n\r\n\t\t\t\t\r\n\t\t\t\t\t\t\t\t\t\t\t\r\n\t\t\t\t\r\n\t\t\t\t<div class=\"sev-diaporama-portfolio-item col-12 col-sm  col-grow\">\r\n\t\t\t\t\t\t\t\t\t\t<a href=\"https:\/\/www.camping-residea.com\/wp-content\/uploads\/2022\/12\/service2-1.jpg\" data-lightbox=\"sevgallery-1156444470\" style=\"background-image: url(https:\/\/www.camping-residea.com\/wp-content\/uploads\/2022\/12\/service2-1.jpg)\">\r\n\t\t\t\t\t\t\t\t\t\t\t<img decoding=\"async\" src=\"https:\/\/www.camping-residea.com\/wp-content\/uploads\/2022\/12\/service2-1.jpg\" alt=\"\" loading=\"lazy\">\r\n\t\t\t\t\t\t\t\t\t\t<\/a>\r\n\t\t\t\t\t\t\t\t\t<\/div>\r\n\r\n\t\t\t\t\r\n\t\t\t\t\t\t\t\t\t\t\t\r\n\t\t\t\t\r\n\t\t\t\t<div class=\"sev-diaporama-portfolio-item col-12 col-sm \">\r\n\t\t\t\t\t\t\t\t\t\t<a href=\"https:\/\/www.camping-residea.com\/wp-content\/uploads\/2023\/01\/20200805_105440-1.jpg\" data-lightbox=\"sevgallery-1156444470\" style=\"background-image: url(https:\/\/www.camping-residea.com\/wp-content\/uploads\/2023\/01\/20200805_105440-1.jpg)\">\r\n\t\t\t\t\t\t\t\t\t\t\t<img decoding=\"async\" src=\"https:\/\/www.camping-residea.com\/wp-content\/uploads\/2023\/01\/20200805_105440-1.jpg\" alt=\"animation club enfant\" loading=\"lazy\">\r\n\t\t\t\t\t\t\t\t\t\t<\/a>\r\n\t\t\t\t\t\t\t\t\t<\/div>\r\n\r\n\t\t\t\t\t\t\t\t\t<div class=\"w-100\"><\/div>\r\n\t\t\t\t\t\t\t\t\t\r\n\t\t\t\t\t\t\t\t\t\t\t\r\n\t\t\t\t\r\n\t\t\t\t<div class=\"sev-diaporama-portfolio-item col-12 col-sm  col-shrink\">\r\n\t\t\t\t\t\t\t\t\t\t<a href=\"https:\/\/www.camping-residea.com\/wp-content\/uploads\/2022\/12\/photo7.jpeg\" data-lightbox=\"sevgallery-1156444470\" style=\"background-image: url(https:\/\/www.camping-residea.com\/wp-content\/uploads\/2022\/12\/photo7.jpeg)\">\r\n\t\t\t\t\t\t\t\t\t\t\t<img decoding=\"async\" src=\"https:\/\/www.camping-residea.com\/wp-content\/uploads\/2022\/12\/photo7.jpeg\" alt=\"\" loading=\"lazy\">\r\n\t\t\t\t\t\t\t\t\t\t<\/a>\r\n\t\t\t\t\t\t\t\t\t<\/div>\r\n\r\n\t\t\t\t\r\n\t\t\t\t\t\t\t\t\t\t\t\r\n\t\t\t\t\r\n\t\t\t\t<div class=\"sev-diaporama-portfolio-item col-12 col-sm \">\r\n\t\t\t\t\t\t\t\t\t\t<a href=\"https:\/\/www.camping-residea.com\/wp-content\/uploads\/2023\/01\/20200728_163528-1.jpg\" data-lightbox=\"sevgallery-1156444470\" style=\"background-image: url(https:\/\/www.camping-residea.com\/wp-content\/uploads\/2023\/01\/20200728_163528-1.jpg)\">\r\n\t\t\t\t\t\t\t\t\t\t\t<img decoding=\"async\" src=\"https:\/\/www.camping-residea.com\/wp-content\/uploads\/2023\/01\/20200728_163528-1.jpg\" alt=\"aire de jeux enfants\" loading=\"lazy\">\r\n\t\t\t\t\t\t\t\t\t\t<\/a>\r\n\t\t\t\t\t\t\t\t\t<\/div>\r\n\r\n\t\t\t\t\r\n\t\t\t\t\t\t\t\t\t\t\t\r\n\t\t\t\t\r\n\t\t\t\t<div class=\"sev-diaporama-portfolio-item col-12 col-sm \">\r\n\t\t\t\t\t\t\t\t\t\t<a href=\"https:\/\/www.camping-residea.com\/wp-content\/uploads\/2022\/12\/photo8.jpg\" data-lightbox=\"sevgallery-1156444470\" style=\"background-image: url(https:\/\/www.camping-residea.com\/wp-content\/uploads\/2022\/12\/photo8.jpg)\">\r\n\t\t\t\t\t\t\t\t\t\t\t<img decoding=\"async\" src=\"https:\/\/www.camping-residea.com\/wp-content\/uploads\/2022\/12\/photo8.jpg\" alt=\"\" loading=\"lazy\">\r\n\t\t\t\t\t\t\t\t\t\t<\/a>\r\n\t\t\t\t\t\t\t\t\t<\/div>\r\n\r\n\t\t\t\t\r\n\t\t\t\t\t\t\t\t\t\t\t\r\n\t\t\t\t\r\n\t\t\t\t<div class=\"sev-diaporama-portfolio-item col-12 col-sm \">\r\n\t\t\t\t\t\t\t\t\t\t<a href=\"https:\/\/www.camping-residea.com\/wp-content\/uploads\/2023\/01\/20220824_183217-1.jpg\" data-lightbox=\"sevgallery-1156444470\" style=\"background-image: url(https:\/\/www.camping-residea.com\/wp-content\/uploads\/2023\/01\/20220824_183217-1.jpg)\">\r\n\t\t\t\t\t\t\t\t\t\t\t<img decoding=\"async\" src=\"https:\/\/www.camping-residea.com\/wp-content\/uploads\/2023\/01\/20220824_183217-1.jpg\" alt=\"maquillage club enfant\" loading=\"lazy\">\r\n\t\t\t\t\t\t\t\t\t\t<\/a>\r\n\t\t\t\t\t\t\t\t\t<\/div>\r\n\r\n\t\t\t\t\t\t\t\t\t<div class=\"w-100\"><\/div>\r\n\t\t\t\t\t\t\t\t\t\r\n\t\t\t\t\t\t\t\t\t\t\t\r\n\t\t\t\t\r\n\t\t\t\t<div class=\"sev-diaporama-portfolio-item col-12 col-sm  col-shrink\">\r\n\t\t\t\t\t\t\t\t\t\t<a href=\"https:\/\/www.camping-residea.com\/wp-content\/uploads\/2023\/01\/20200728_163657-1-1.jpg\" data-lightbox=\"sevgallery-1156444470\" style=\"background-image: url(https:\/\/www.camping-residea.com\/wp-content\/uploads\/2023\/01\/20200728_163657-1-1.jpg)\">\r\n\t\t\t\t\t\t\t\t\t\t\t<img decoding=\"async\" src=\"https:\/\/www.camping-residea.com\/wp-content\/uploads\/2023\/01\/20200728_163657-1-1.jpg\" alt=\"jeux plein air\" loading=\"lazy\">\r\n\t\t\t\t\t\t\t\t\t\t<\/a>\r\n\t\t\t\t\t\t\t\t\t<\/div>\r\n\r\n\t\t\t\t\r\n\t\t\t\t\t\t\t\t\t\t\t\r\n\t\t\t\t\r\n\t\t\t\t<div class=\"sev-diaporama-portfolio-item col-12 col-sm \">\r\n\t\t\t\t\t\t\t\t\t\t<a href=\"https:\/\/www.camping-residea.com\/wp-content\/uploads\/2022\/12\/fb2-1.jpg\" data-lightbox=\"sevgallery-1156444470\" style=\"background-image: url(https:\/\/www.camping-residea.com\/wp-content\/uploads\/2022\/12\/fb2-1.jpg)\">\r\n\t\t\t\t\t\t\t\t\t\t\t<img decoding=\"async\" src=\"https:\/\/www.camping-residea.com\/wp-content\/uploads\/2022\/12\/fb2-1.jpg\" alt=\"\" loading=\"lazy\">\r\n\t\t\t\t\t\t\t\t\t\t<\/a>\r\n\t\t\t\t\t\t\t\t\t<\/div>\r\n\r\n\t\t\t\t\r\n\t\t\t\t\t\t\t\t\t\t\t\r\n\t\t\t\t\r\n\t\t\t\t<div class=\"sev-diaporama-portfolio-item col-12 col-sm \">\r\n\t\t\t\t\t\t\t\t\t\t<a href=\"https:\/\/www.camping-residea.com\/wp-content\/uploads\/2023\/01\/20210818_174353-1.jpg\" data-lightbox=\"sevgallery-1156444470\" style=\"background-image: url(https:\/\/www.camping-residea.com\/wp-content\/uploads\/2023\/01\/20210818_174353-1.jpg)\">\r\n\t\t\t\t\t\t\t\t\t\t\t<img decoding=\"async\" src=\"https:\/\/www.camping-residea.com\/wp-content\/uploads\/2023\/01\/20210818_174353-1.jpg\" alt=\"atelier clown enfant\" loading=\"lazy\">\r\n\t\t\t\t\t\t\t\t\t\t<\/a>\r\n\t\t\t\t\t\t\t\t\t<\/div>\r\n\r\n\t\t\t\t\r\n\t\t\t\t\t\t\t\t\t\t\t\r\n\t\t\t\t\r\n\t\t\t\t<div class=\"sev-diaporama-portfolio-item col-12 col-sm  col-grow\">\r\n\t\t\t\t\t\t\t\t\t\t<a href=\"https:\/\/www.camping-residea.com\/wp-content\/uploads\/2023\/01\/20220815_103604-1.jpg\" data-lightbox=\"sevgallery-1156444470\" style=\"background-image: url(https:\/\/www.camping-residea.com\/wp-content\/uploads\/2023\/01\/20220815_103604-1.jpg)\">\r\n\t\t\t\t\t\t\t\t\t\t\t<img decoding=\"async\" src=\"https:\/\/www.camping-residea.com\/wp-content\/uploads\/2023\/01\/20220815_103604-1.jpg\" alt=\"creation club enfant\" loading=\"lazy\">\r\n\t\t\t\t\t\t\t\t\t\t<\/a>\r\n\t\t\t\t\t\t\t\t\t<\/div>\r\n\r\n\t\t\t\t\t\t\t\t\t<div class=\"w-100\"><\/div>\r\n\t\t\t\t\t\t\t\t\t\r\n\t\t\t\t\t\t\t\t\t\t\t\r\n\t\t\t\t\r\n\t\t\t\t<div class=\"sev-diaporama-portfolio-item col-12 col-sm \">\r\n\t\t\t\t\t\t\t\t\t\t<a href=\"https:\/\/www.camping-residea.com\/wp-content\/uploads\/2023\/01\/20220824_183303-1.jpg\" data-lightbox=\"sevgallery-1156444470\" style=\"background-image: url(https:\/\/www.camping-residea.com\/wp-content\/uploads\/2023\/01\/20220824_183303-1.jpg)\">\r\n\t\t\t\t\t\t\t\t\t\t\t<img decoding=\"async\" src=\"https:\/\/www.camping-residea.com\/wp-content\/uploads\/2023\/01\/20220824_183303-1.jpg\" alt=\"maquillage color\u00e9\" loading=\"lazy\">\r\n\t\t\t\t\t\t\t\t\t\t<\/a>\r\n\t\t\t\t\t\t\t\t\t<\/div>\r\n\r\n\t\t\t\t\r\n\t\t\t\t\t\t\t\t\t\t\t\r\n\t\t\t\t\r\n\t\t\t\t<div class=\"sev-diaporama-portfolio-item col-12 col-sm  col-shrink\">\r\n\t\t\t\t\t\t\t\t\t\t<a href=\"https:\/\/www.camping-residea.com\/wp-content\/uploads\/2023\/01\/IMG_13101.jpg\" data-lightbox=\"sevgallery-1156444470\" style=\"background-image: url(https:\/\/www.camping-residea.com\/wp-content\/uploads\/2023\/01\/IMG_13101.jpg)\">\r\n\t\t\t\t\t\t\t\t\t\t\t<img decoding=\"async\" src=\"https:\/\/www.camping-residea.com\/wp-content\/uploads\/2023\/01\/IMG_13101.jpg\" alt=\"\" loading=\"lazy\">\r\n\t\t\t\t\t\t\t\t\t\t<\/a>\r\n\t\t\t\t\t\t\t\t\t<\/div>\r\n\r\n\t\t\t\t\r\n\t\t\t\t\t\t\t\t\t\t\t\r\n\t\t\t\t\r\n\t\t\t\t<div class=\"sev-diaporama-portfolio-item col-12 col-sm \">\r\n\t\t\t\t\t\t\t\t\t\t<a href=\"https:\/\/www.camping-residea.com\/wp-content\/uploads\/2023\/01\/20220824_183307-1.jpg\" data-lightbox=\"sevgallery-1156444470\" style=\"background-image: url(https:\/\/www.camping-residea.com\/wp-content\/uploads\/2023\/01\/20220824_183307-1.jpg)\">\r\n\t\t\t\t\t\t\t\t\t\t\t<img decoding=\"async\" src=\"https:\/\/www.camping-residea.com\/wp-content\/uploads\/2023\/01\/20220824_183307-1.jpg\" alt=\"animation maquillage\" loading=\"lazy\">\r\n\t\t\t\t\t\t\t\t\t\t<\/a>\r\n\t\t\t\t\t\t\t\t\t<\/div>\r\n\r\n\t\t\t\t\r\n\t\t\t\t\t\t\t\t\t\t\t\r\n\t\t\t\t\r\n\t\t\t\t<div class=\"sev-diaporama-portfolio-item col-12 col-sm  col-shrink\">\r\n\t\t\t\t\t\t\t\t\t\t<a href=\"https:\/\/www.camping-residea.com\/wp-content\/uploads\/2023\/01\/mms_img33264948918303799681-1.jpg\" data-lightbox=\"sevgallery-1156444470\" style=\"background-image: url(https:\/\/www.camping-residea.com\/wp-content\/uploads\/2023\/01\/mms_img33264948918303799681-1.jpg)\">\r\n\t\t\t\t\t\t\t\t\t\t\t<img decoding=\"async\" src=\"https:\/\/www.camping-residea.com\/wp-content\/uploads\/2023\/01\/mms_img33264948918303799681-1.jpg\" alt=\"club jeunes\" loading=\"lazy\">\r\n\t\t\t\t\t\t\t\t\t\t<\/a>\r\n\t\t\t\t\t\t\t\t\t<\/div>\r\n\r\n\t\t\t\t\t\t\t\t\t<div class=\"w-100\"><\/div>\r\n\t\t\t\t\t\t\t\t\t\r\n\t\t\t\t\t\t\t\t\t\t\t\r\n\t\t\t\t\r\n\t\t\t\t<div class=\"sev-diaporama-portfolio-item col-12 col-sm  col-grow\">\r\n\t\t\t\t\t\t\t\t\t\t<a href=\"https:\/\/www.camping-residea.com\/wp-content\/uploads\/2023\/01\/photos-1-1024x498-2.jpg\" data-lightbox=\"sevgallery-1156444470\" style=\"background-image: url(https:\/\/www.camping-residea.com\/wp-content\/uploads\/2023\/01\/photos-1-1024x498-2.jpg)\">\r\n\t\t\t\t\t\t\t\t\t\t\t<img decoding=\"async\" src=\"https:\/\/www.camping-residea.com\/wp-content\/uploads\/2023\/01\/photos-1-1024x498-2.jpg\" alt=\"aire de jeux\" loading=\"lazy\">\r\n\t\t\t\t\t\t\t\t\t\t<\/a>\r\n\t\t\t\t\t\t\t\t\t<\/div>\r\n\r\n\t\t\t\t\r\n\t\t\t\t\t\t\t\t\t\t\t\r\n\t\t\t\t\r\n\t\t\t\t<div class=\"sev-diaporama-portfolio-item col-12 col-sm  col-grow\">\r\n\t\t\t\t\t\t\t\t\t\t<a href=\"https:\/\/www.camping-residea.com\/wp-content\/uploads\/2023\/01\/20200728_163538-1024x498-1.jpg\" data-lightbox=\"sevgallery-1156444470\" style=\"background-image: url(https:\/\/www.camping-residea.com\/wp-content\/uploads\/2023\/01\/20200728_163538-1024x498-1.jpg)\">\r\n\t\t\t\t\t\t\t\t\t\t\t<img decoding=\"async\" src=\"https:\/\/www.camping-residea.com\/wp-content\/uploads\/2023\/01\/20200728_163538-1024x498-1.jpg\" alt=\"jeux ext\u00e9rieurs\" loading=\"lazy\">\r\n\t\t\t\t\t\t\t\t\t\t<\/a>\r\n\t\t\t\t\t\t\t\t\t<\/div>\r\n\r\n\t\t\t\t\r\n\t\t\t\t\t\t\t\t\t\t\t\r\n\t\t\t\t\r\n\t\t\t\t<div class=\"sev-diaporama-portfolio-item col-12 col-sm  col-shrink\">\r\n\t\t\t\t\t\t\t\t\t\t<a href=\"https:\/\/www.camping-residea.com\/wp-content\/uploads\/2024\/03\/IMG-20230824-WA0033.jpg\" data-lightbox=\"sevgallery-1156444470\" style=\"background-image: url(https:\/\/www.camping-residea.com\/wp-content\/uploads\/2024\/03\/IMG-20230824-WA0033.jpg)\">\r\n\t\t\t\t\t\t\t\t\t\t\t<img decoding=\"async\" src=\"https:\/\/www.camping-residea.com\/wp-content\/uploads\/2024\/03\/IMG-20230824-WA0033.jpg\" alt=\"\" loading=\"lazy\">\r\n\t\t\t\t\t\t\t\t\t\t<\/a>\r\n\t\t\t\t\t\t\t\t\t<\/div>\r\n\r\n\t\t\t\t\r\n\t\t\t\t\t\t\t\t\t\t\t\r\n\t\t\t\t\r\n\t\t\t\t<div class=\"sev-diaporama-portfolio-item col-12 col-sm  col-shrink\">\r\n\t\t\t\t\t\t\t\t\t\t<a href=\"https:\/\/www.camping-residea.com\/wp-content\/uploads\/2024\/03\/IMG-20230824-WA0027.jpg\" data-lightbox=\"sevgallery-1156444470\" style=\"background-image: url(https:\/\/www.camping-residea.com\/wp-content\/uploads\/2024\/03\/IMG-20230824-WA0027.jpg)\">\r\n\t\t\t\t\t\t\t\t\t\t\t<img decoding=\"async\" src=\"https:\/\/www.camping-residea.com\/wp-content\/uploads\/2024\/03\/IMG-20230824-WA0027.jpg\" alt=\"\" loading=\"lazy\">\r\n\t\t\t\t\t\t\t\t\t\t<\/a>\r\n\t\t\t\t\t\t\t\t\t<\/div>\r\n\r\n\t\t\t\t\t\t\t\t\t<div class=\"w-100\"><\/div>\r\n\t\t\t\t\t\t\t\t\t\r\n\t\t\t\t\t\t\t\t\t\t\t\r\n\t\t\t\t\r\n\t\t\t\t<div class=\"sev-diaporama-portfolio-item col-12 col-sm  col-grow\">\r\n\t\t\t\t\t\t\t\t\t\t<a href=\"https:\/\/www.camping-residea.com\/wp-content\/uploads\/2024\/03\/20230823_182558.jpg\" data-lightbox=\"sevgallery-1156444470\" style=\"background-image: url(https:\/\/www.camping-residea.com\/wp-content\/uploads\/2024\/03\/20230823_182558.jpg)\">\r\n\t\t\t\t\t\t\t\t\t\t\t<img decoding=\"async\" src=\"https:\/\/www.camping-residea.com\/wp-content\/uploads\/2024\/03\/20230823_182558.jpg\" alt=\"\" loading=\"lazy\">\r\n\t\t\t\t\t\t\t\t\t\t<\/a>\r\n\t\t\t\t\t\t\t\t\t<\/div>\r\n\r\n\t\t\t\t\r\n\t\t\t\t\t\t\t\t\t\t\t\r\n\t\t\t\t\r\n\t\t\t\t<div class=\"sev-diaporama-portfolio-item col-12 col-sm \">\r\n\t\t\t\t\t\t\t\t\t\t<a href=\"https:\/\/www.camping-residea.com\/wp-content\/uploads\/2024\/03\/20230714_113933.jpg\" data-lightbox=\"sevgallery-1156444470\" style=\"background-image: url(https:\/\/www.camping-residea.com\/wp-content\/uploads\/2024\/03\/20230714_113933.jpg)\">\r\n\t\t\t\t\t\t\t\t\t\t\t<img decoding=\"async\" src=\"https:\/\/www.camping-residea.com\/wp-content\/uploads\/2024\/03\/20230714_113933.jpg\" alt=\"\" loading=\"lazy\">\r\n\t\t\t\t\t\t\t\t\t\t<\/a>\r\n\t\t\t\t\t\t\t\t\t<\/div>\r\n\r\n\t\t\t\t\r\n\t\t\t\t\t\t\t\t\t\t\t\r\n\t\t\t\t\r\n\t\t\t\t<div class=\"sev-diaporama-portfolio-item col-12 col-sm \">\r\n\t\t\t\t\t\t\t\t\t\t<a href=\"https:\/\/www.camping-residea.com\/wp-content\/uploads\/2024\/03\/20230710_192046.jpg\" data-lightbox=\"sevgallery-1156444470\" style=\"background-image: url(https:\/\/www.camping-residea.com\/wp-content\/uploads\/2024\/03\/20230710_192046.jpg)\">\r\n\t\t\t\t\t\t\t\t\t\t\t<img decoding=\"async\" src=\"https:\/\/www.camping-residea.com\/wp-content\/uploads\/2024\/03\/20230710_192046.jpg\" alt=\"\" loading=\"lazy\">\r\n\t\t\t\t\t\t\t\t\t\t<\/a>\r\n\t\t\t\t\t\t\t\t\t<\/div>\r\n\r\n\t\t\t\t\r\n\t\t\t\t\t\t\t\t\t\t\t\t\t\t<\/div>\r\n\t\t\t<\/div>\r\n\t\t\t<\/div>","protected":false},"excerpt":{"rendered":"<p>De diensten van de camping Onze receptie is het hele jaar geopend. April tot juni en september: Maandag t\/m zaterdag van 9.00 tot 12.30 uur en van 14.00 tot 18.00 uur en op zondag van 9.00 tot 12.30 uur. Juli &#8211; augustus : Maandag tot en met vrijdag van 9.00 tot 12.30 uur en van [&hellip;]<\/p>\n","protected":false},"author":1,"featured_media":0,"parent":0,"menu_order":0,"comment_status":"closed","ping_status":"closed","template":"","meta":{"_seopress_robots_primary_cat":"","_seopress_titles_title":"Ontdek alle diensten van camping R\u00e9sid\u00e9a","_seopress_titles_desc":"Camping R\u00e9sid\u00e9a biedt verschillende diensten om uw verblijf nog aangenamer te maken, ontdek ze nu.  ","_seopress_robots_index":"","footnotes":""},"class_list":["post-1273","page","type-page","status-publish","hentry"],"_links":{"self":[{"href":"https:\/\/www.camping-residea.com\/nl\/wp-json\/wp\/v2\/pages\/1273","targetHints":{"allow":["GET"]}}],"collection":[{"href":"https:\/\/www.camping-residea.com\/nl\/wp-json\/wp\/v2\/pages"}],"about":[{"href":"https:\/\/www.camping-residea.com\/nl\/wp-json\/wp\/v2\/types\/page"}],"author":[{"embeddable":true,"href":"https:\/\/www.camping-residea.com\/nl\/wp-json\/wp\/v2\/users\/1"}],"replies":[{"embeddable":true,"href":"https:\/\/www.camping-residea.com\/nl\/wp-json\/wp\/v2\/comments?post=1273"}],"version-history":[{"count":1,"href":"https:\/\/www.camping-residea.com\/nl\/wp-json\/wp\/v2\/pages\/1273\/revisions"}],"predecessor-version":[{"id":1277,"href":"https:\/\/www.camping-residea.com\/nl\/wp-json\/wp\/v2\/pages\/1273\/revisions\/1277"}],"wp:attachment":[{"href":"https:\/\/www.camping-residea.com\/nl\/wp-json\/wp\/v2\/media?parent=1273"}],"curies":[{"name":"wp","href":"https:\/\/api.w.org\/{rel}","templated":true}]}}