{"id":1268,"date":"2022-10-27T14:23:50","date_gmt":"2022-10-27T12:23:50","guid":{"rendered":"https:\/\/www.camping-residea.com\/de-geest-van-de-camping\/"},"modified":"2023-01-24T16:27:57","modified_gmt":"2023-01-24T15:27:57","slug":"de-geest-van-de-camping","status":"publish","type":"page","link":"https:\/\/www.camping-residea.com\/nl\/de-geest-van-de-camping\/","title":{"rendered":"De geest van de camping"},"content":{"rendered":"\n<h1 class=\"wp-block-heading\">De camping<\/h1>\n\n\n\n<p>3*-camping met 95 standplaatsen, op <strong>5 minuten van de stranden<\/strong> en de winkels van Saint Hilaire de Riez en <a href=\"https:\/\/www.camping-residea.com\/cote-ville\/\" data-type=\"page\" data-id=\"259\">Saint Gilles Croix de Vie<\/a>, R\u00e9sid\u00e9a verwelkomt u het hele jaar door. Geniet van de nabijgelegen <strong>bossen<\/strong> en <strong>moerassen<\/strong> en ontspan op de <strong>kuststranden<\/strong>.<\/p>\n\n\n\n<div class=\"wp-block-columns is-layout-flex wp-container-core-columns-is-layout-28f84493 wp-block-columns-is-layout-flex\">\n<div class=\"wp-block-column is-layout-flow wp-block-column-is-layout-flow\">\n<h2 class=\"wp-block-heading\">Leuke vakantie<\/h2>\n\n\n\n<p>R\u00e9sid\u00e9a en zijn hele team doen er alles aan om van uw vakantie een moment van <strong>gezelligheid<\/strong> te maken door de goede sfeer van zijn <a href=\"https:\/\/www.camping-residea.com\/nl\/het-zwembad\/\" data-type=\"page\" data-id=\"1274\">zwemparadijs<\/a> met verwarmd overdekt zwembad en peuterbad voor uw kinderen met u te delen. Ontspanning is gegarandeerd met onze verschillende zomersportactiviteiten en uitstapjes in de buitenlucht: kano\u00ebn, karten, fietsen, maar ook lasergame, paintball en het fantastische Glassy House in Saint Gilles om te surfen als een pro.<\/p>\n<\/div>\n\n\n\n<div class=\"wp-block-column is-vertically-aligned-center is-layout-flow wp-block-column-is-layout-flow\">\n<figure class=\"wp-block-image aligncenter size-full\"><img loading=\"lazy\" decoding=\"async\" width=\"1024\" height=\"498\" src=\"https:\/\/www.camping-residea.com\/wp-content\/uploads\/2023\/01\/Home-1024x498-1.jpg\" alt=\"zwembad\" class=\"wp-image-930\" srcset=\"https:\/\/www.camping-residea.com\/wp-content\/uploads\/2023\/01\/Home-1024x498-1.jpg 1024w, https:\/\/www.camping-residea.com\/wp-content\/uploads\/2023\/01\/Home-1024x498-1-300x146.jpg 300w, https:\/\/www.camping-residea.com\/wp-content\/uploads\/2023\/01\/Home-1024x498-1-768x374.jpg 768w\" sizes=\"auto, (max-width: 1024px) 100vw, 1024px\" \/><\/figure>\n<\/div>\n<\/div>\n\n\n\n<div style=\"height:14px\" aria-hidden=\"true\" class=\"wp-block-spacer\"><\/div>\n\n\n\n<div class=\"wp-block-columns is-layout-flex wp-container-core-columns-is-layout-28f84493 wp-block-columns-is-layout-flex\">\n<div class=\"wp-block-column is-vertically-aligned-center is-layout-flow wp-block-column-is-layout-flow\">\n<figure class=\"wp-block-image size-full\"><img loading=\"lazy\" decoding=\"async\" width=\"1024\" height=\"498\" src=\"https:\/\/www.camping-residea.com\/wp-content\/uploads\/2023\/01\/fb6-1024x498-1.jpg\" alt=\"avond entertainment\" class=\"wp-image-940\" srcset=\"https:\/\/www.camping-residea.com\/wp-content\/uploads\/2023\/01\/fb6-1024x498-1.jpg 1024w, https:\/\/www.camping-residea.com\/wp-content\/uploads\/2023\/01\/fb6-1024x498-1-300x146.jpg 300w, https:\/\/www.camping-residea.com\/wp-content\/uploads\/2023\/01\/fb6-1024x498-1-768x374.jpg 768w\" sizes=\"auto, (max-width: 1024px) 100vw, 1024px\" \/><\/figure>\n\n\n\n<figure class=\"wp-block-image size-large\"><img loading=\"lazy\" decoding=\"async\" width=\"1024\" height=\"498\" src=\"https:\/\/www.camping-residea.com\/wp-content\/uploads\/2023\/01\/20200805_110257-1-1024x498.jpg\" alt=\"creatieve workshop\" class=\"wp-image-849\" srcset=\"https:\/\/www.camping-residea.com\/wp-content\/uploads\/2023\/01\/20200805_110257-1-1024x498.jpg 1024w, https:\/\/www.camping-residea.com\/wp-content\/uploads\/2023\/01\/20200805_110257-1-300x146.jpg 300w, https:\/\/www.camping-residea.com\/wp-content\/uploads\/2023\/01\/20200805_110257-1-768x373.jpg 768w, https:\/\/www.camping-residea.com\/wp-content\/uploads\/2023\/01\/20200805_110257-1.jpg 1152w\" sizes=\"auto, (max-width: 1024px) 100vw, 1024px\" \/><\/figure>\n<\/div>\n\n\n\n<div class=\"wp-block-column is-layout-flow wp-block-column-is-layout-flow\">\n<h2 class=\"wp-block-heading\">Ontdek de animaties voor jong en oud<\/h2>\n\n\n\n<p>Geniet van de feestelijke sfeer van de <strong>avondshows<\/strong> waar de beroemdste look-alikes u komen laten zingen en dansen, en neem ook deel aan de spelletjes, lotto of quizzen om prijzen te winnen en de andere spelers uit te dagen. Zing, dans en lach tijdens onze karaoke-avonden. Alles wordt hier gedaan om het <strong>gezinsaspect<\/strong>, dat voor ons zo belangrijk is, te benadrukken.<\/p>\n<\/div>\n<\/div>\n\n\n\n<div style=\"height:14px\" aria-hidden=\"true\" class=\"wp-block-spacer\"><\/div>\n\n\n\n<h2 class=\"wp-block-heading\">Activiteiten van &#8217;s morgens tot &#8217;s avonds<\/h2>\n\n\n\n<p>In de <strong>speelzaal<\/strong> met tafelvoetbal kunt u uw vrienden uitdagen en aan de pingpongtafel kunt u uw vaardigheid tonen. Wij organiseren ook<strong> petanquetoernooien<\/strong> en <strong>wedstrijden<\/strong> waar uw vaardigheid wordt beloond.<\/p>\n\n\n\n<p>De entertainers van de <strong>kinderclub<\/strong> verwelkomen en verzorgen uw kinderen met allerlei creatieve en leuke activiteiten die ze zich nog lang zullen herinneren.<\/p>\n\n\n\n<p>Ons <strong>snackbarrestaurant<\/strong> bereidt lekkere cocktails en kleine gerechten om ter plekke van te genieten of om mee te nemen. U kunt ook uw brood en gebak voor de volgende ochtend bestellen.<\/p>\n\n\n\n<hr class=\"wp-block-separator has-text-color has-blanc-color has-alpha-channel-opacity has-blanc-background-color has-background is-style-dots\"\/>\n\n\n\n<h3 class=\"wp-block-heading\">Ontdek de camping in foto&#8217;s:  <\/h3>\n\n\n<div class=\"wp-block-sev-diaporama alignfull\">\t\t\t<div id=\"sevgallery-1686881398\" class=\"sev-diaporama sev-diaporama-portfolio\">\r\n\t\t\t<div class=\"row\">\r\n\r\n\t\t\t\r\n\t\t\t\t\r\n\t\t\t\t<div class=\"sev-diaporama-portfolio-item col-12 col-sm  col-grow\">\r\n\t\t\t\t\t\t\t\t\t\t<a href=\"https:\/\/www.camping-residea.com\/wp-content\/uploads\/2023\/01\/20200817_101125-1.jpg\" data-lightbox=\"sevgallery-1686881398\" style=\"background-image: url(https:\/\/www.camping-residea.com\/wp-content\/uploads\/2023\/01\/20200817_101125-1.jpg)\">\r\n\t\t\t\t\t\t\t\t\t\t\t<img decoding=\"async\" src=\"https:\/\/www.camping-residea.com\/wp-content\/uploads\/2023\/01\/20200817_101125-1.jpg\" alt=\"\" loading=\"lazy\">\r\n\t\t\t\t\t\t\t\t\t\t<\/a>\r\n\t\t\t\t\t\t\t\t\t<\/div>\r\n\r\n\t\t\t\t\r\n\t\t\t\t\t\t\t\t\t\t\t\r\n\t\t\t\t\r\n\t\t\t\t<div class=\"sev-diaporama-portfolio-item col-12 col-sm  col-grow\">\r\n\t\t\t\t\t\t\t\t\t\t<a href=\"https:\/\/www.camping-residea.com\/wp-content\/uploads\/2023\/01\/mms_img4438985035818149601-1.jpg\" data-lightbox=\"sevgallery-1686881398\" style=\"background-image: url(https:\/\/www.camping-residea.com\/wp-content\/uploads\/2023\/01\/mms_img4438985035818149601-1.jpg)\">\r\n\t\t\t\t\t\t\t\t\t\t\t<img decoding=\"async\" src=\"https:\/\/www.camping-residea.com\/wp-content\/uploads\/2023\/01\/mms_img4438985035818149601-1.jpg\" alt=\"activit\u00e9 plein air\" loading=\"lazy\">\r\n\t\t\t\t\t\t\t\t\t\t<\/a>\r\n\t\t\t\t\t\t\t\t\t<\/div>\r\n\r\n\t\t\t\t\r\n\t\t\t\t\t\t\t\t\t\t\t\r\n\t\t\t\t\r\n\t\t\t\t<div class=\"sev-diaporama-portfolio-item col-12 col-sm \">\r\n\t\t\t\t\t\t\t\t\t\t<a href=\"https:\/\/www.camping-residea.com\/wp-content\/uploads\/2023\/01\/20200805_104916-1.jpg\" data-lightbox=\"sevgallery-1686881398\" style=\"background-image: url(https:\/\/www.camping-residea.com\/wp-content\/uploads\/2023\/01\/20200805_104916-1.jpg)\">\r\n\t\t\t\t\t\t\t\t\t\t\t<img decoding=\"async\" src=\"https:\/\/www.camping-residea.com\/wp-content\/uploads\/2023\/01\/20200805_104916-1.jpg\" alt=\"animation jeunes\" loading=\"lazy\">\r\n\t\t\t\t\t\t\t\t\t\t<\/a>\r\n\t\t\t\t\t\t\t\t\t<\/div>\r\n\r\n\t\t\t\t\r\n\t\t\t\t\t\t\t\t\t\t\t\r\n\t\t\t\t\r\n\t\t\t\t<div class=\"sev-diaporama-portfolio-item col-12 col-sm  col-grow\">\r\n\t\t\t\t\t\t\t\t\t\t<a href=\"https:\/\/www.camping-residea.com\/wp-content\/uploads\/2022\/12\/camping1.jpg\" data-lightbox=\"sevgallery-1686881398\" style=\"background-image: url(https:\/\/www.camping-residea.com\/wp-content\/uploads\/2022\/12\/camping1.jpg)\">\r\n\t\t\t\t\t\t\t\t\t\t\t<img decoding=\"async\" src=\"https:\/\/www.camping-residea.com\/wp-content\/uploads\/2022\/12\/camping1.jpg\" alt=\"accueil camping\" loading=\"lazy\">\r\n\t\t\t\t\t\t\t\t\t\t<\/a>\r\n\t\t\t\t\t\t\t\t\t<\/div>\r\n\r\n\t\t\t\t\t\t\t\t\t<div class=\"w-100\"><\/div>\r\n\t\t\t\t\t\t\t\t\t\r\n\t\t\t\t\t\t\t\t\t\t\t\r\n\t\t\t\t\r\n\t\t\t\t<div class=\"sev-diaporama-portfolio-item col-12 col-sm  col-shrink\">\r\n\t\t\t\t\t\t\t\t\t\t<a href=\"https:\/\/www.camping-residea.com\/wp-content\/uploads\/2023\/01\/20200805_165501-1.jpg\" data-lightbox=\"sevgallery-1686881398\" style=\"background-image: url(https:\/\/www.camping-residea.com\/wp-content\/uploads\/2023\/01\/20200805_165501-1.jpg)\">\r\n\t\t\t\t\t\t\t\t\t\t\t<img decoding=\"async\" src=\"https:\/\/www.camping-residea.com\/wp-content\/uploads\/2023\/01\/20200805_165501-1.jpg\" alt=\"maquillage enfant\" loading=\"lazy\">\r\n\t\t\t\t\t\t\t\t\t\t<\/a>\r\n\t\t\t\t\t\t\t\t\t<\/div>\r\n\r\n\t\t\t\t\r\n\t\t\t\t\t\t\t\t\t\t\t\r\n\t\t\t\t\r\n\t\t\t\t<div class=\"sev-diaporama-portfolio-item col-12 col-sm  col-grow\">\r\n\t\t\t\t\t\t\t\t\t\t<a href=\"https:\/\/www.camping-residea.com\/wp-content\/uploads\/2022\/12\/photo9.jpg\" data-lightbox=\"sevgallery-1686881398\" style=\"background-image: url(https:\/\/www.camping-residea.com\/wp-content\/uploads\/2022\/12\/photo9.jpg)\">\r\n\t\t\t\t\t\t\t\t\t\t\t<img decoding=\"async\" src=\"https:\/\/www.camping-residea.com\/wp-content\/uploads\/2022\/12\/photo9.jpg\" alt=\"\" loading=\"lazy\">\r\n\t\t\t\t\t\t\t\t\t\t<\/a>\r\n\t\t\t\t\t\t\t\t\t<\/div>\r\n\r\n\t\t\t\t\r\n\t\t\t\t\t\t\t\t\t\t\t\r\n\t\t\t\t\r\n\t\t\t\t<div class=\"sev-diaporama-portfolio-item col-12 col-sm \">\r\n\t\t\t\t\t\t\t\t\t\t<a href=\"https:\/\/www.camping-residea.com\/wp-content\/uploads\/2022\/12\/service2-1.jpg\" data-lightbox=\"sevgallery-1686881398\" style=\"background-image: url(https:\/\/www.camping-residea.com\/wp-content\/uploads\/2022\/12\/service2-1.jpg)\">\r\n\t\t\t\t\t\t\t\t\t\t\t<img decoding=\"async\" src=\"https:\/\/www.camping-residea.com\/wp-content\/uploads\/2022\/12\/service2-1.jpg\" alt=\"\" loading=\"lazy\">\r\n\t\t\t\t\t\t\t\t\t\t<\/a>\r\n\t\t\t\t\t\t\t\t\t<\/div>\r\n\r\n\t\t\t\t\r\n\t\t\t\t\t\t\t\t\t\t\t\r\n\t\t\t\t\r\n\t\t\t\t<div class=\"sev-diaporama-portfolio-item col-12 col-sm  col-grow\">\r\n\t\t\t\t\t\t\t\t\t\t<a href=\"https:\/\/www.camping-residea.com\/wp-content\/uploads\/2023\/01\/20200805_105440-1.jpg\" data-lightbox=\"sevgallery-1686881398\" style=\"background-image: url(https:\/\/www.camping-residea.com\/wp-content\/uploads\/2023\/01\/20200805_105440-1.jpg)\">\r\n\t\t\t\t\t\t\t\t\t\t\t<img decoding=\"async\" src=\"https:\/\/www.camping-residea.com\/wp-content\/uploads\/2023\/01\/20200805_105440-1.jpg\" alt=\"animation club enfant\" loading=\"lazy\">\r\n\t\t\t\t\t\t\t\t\t\t<\/a>\r\n\t\t\t\t\t\t\t\t\t<\/div>\r\n\r\n\t\t\t\t\t\t\t\t\t<div class=\"w-100\"><\/div>\r\n\t\t\t\t\t\t\t\t\t\r\n\t\t\t\t\t\t\t\t\t\t\t\r\n\t\t\t\t\r\n\t\t\t\t<div class=\"sev-diaporama-portfolio-item col-12 col-sm \">\r\n\t\t\t\t\t\t\t\t\t\t<a href=\"https:\/\/www.camping-residea.com\/wp-content\/uploads\/2022\/12\/photo7.jpeg\" data-lightbox=\"sevgallery-1686881398\" style=\"background-image: url(https:\/\/www.camping-residea.com\/wp-content\/uploads\/2022\/12\/photo7.jpeg)\">\r\n\t\t\t\t\t\t\t\t\t\t\t<img decoding=\"async\" src=\"https:\/\/www.camping-residea.com\/wp-content\/uploads\/2022\/12\/photo7.jpeg\" alt=\"\" loading=\"lazy\">\r\n\t\t\t\t\t\t\t\t\t\t<\/a>\r\n\t\t\t\t\t\t\t\t\t<\/div>\r\n\r\n\t\t\t\t\r\n\t\t\t\t\t\t\t\t\t\t\t\r\n\t\t\t\t\r\n\t\t\t\t<div class=\"sev-diaporama-portfolio-item col-12 col-sm  col-grow\">\r\n\t\t\t\t\t\t\t\t\t\t<a href=\"https:\/\/www.camping-residea.com\/wp-content\/uploads\/2023\/01\/20200728_163528-1.jpg\" data-lightbox=\"sevgallery-1686881398\" style=\"background-image: url(https:\/\/www.camping-residea.com\/wp-content\/uploads\/2023\/01\/20200728_163528-1.jpg)\">\r\n\t\t\t\t\t\t\t\t\t\t\t<img decoding=\"async\" src=\"https:\/\/www.camping-residea.com\/wp-content\/uploads\/2023\/01\/20200728_163528-1.jpg\" alt=\"aire de jeux enfants\" loading=\"lazy\">\r\n\t\t\t\t\t\t\t\t\t\t<\/a>\r\n\t\t\t\t\t\t\t\t\t<\/div>\r\n\r\n\t\t\t\t\r\n\t\t\t\t\t\t\t\t\t\t\t\r\n\t\t\t\t\r\n\t\t\t\t<div class=\"sev-diaporama-portfolio-item col-12 col-sm  col-grow\">\r\n\t\t\t\t\t\t\t\t\t\t<a href=\"https:\/\/www.camping-residea.com\/wp-content\/uploads\/2022\/12\/photo8.jpg\" data-lightbox=\"sevgallery-1686881398\" style=\"background-image: url(https:\/\/www.camping-residea.com\/wp-content\/uploads\/2022\/12\/photo8.jpg)\">\r\n\t\t\t\t\t\t\t\t\t\t\t<img decoding=\"async\" src=\"https:\/\/www.camping-residea.com\/wp-content\/uploads\/2022\/12\/photo8.jpg\" alt=\"\" loading=\"lazy\">\r\n\t\t\t\t\t\t\t\t\t\t<\/a>\r\n\t\t\t\t\t\t\t\t\t<\/div>\r\n\r\n\t\t\t\t\r\n\t\t\t\t\t\t\t\t\t\t\t\r\n\t\t\t\t\r\n\t\t\t\t<div class=\"sev-diaporama-portfolio-item col-12 col-sm \">\r\n\t\t\t\t\t\t\t\t\t\t<a href=\"https:\/\/www.camping-residea.com\/wp-content\/uploads\/2023\/01\/20220824_183217-1.jpg\" data-lightbox=\"sevgallery-1686881398\" style=\"background-image: url(https:\/\/www.camping-residea.com\/wp-content\/uploads\/2023\/01\/20220824_183217-1.jpg)\">\r\n\t\t\t\t\t\t\t\t\t\t\t<img decoding=\"async\" src=\"https:\/\/www.camping-residea.com\/wp-content\/uploads\/2023\/01\/20220824_183217-1.jpg\" alt=\"maquillage club enfant\" loading=\"lazy\">\r\n\t\t\t\t\t\t\t\t\t\t<\/a>\r\n\t\t\t\t\t\t\t\t\t<\/div>\r\n\r\n\t\t\t\t\t\t\t\t\t<div class=\"w-100\"><\/div>\r\n\t\t\t\t\t\t\t\t\t\r\n\t\t\t\t\t\t\t\t\t\t\t\r\n\t\t\t\t\r\n\t\t\t\t<div class=\"sev-diaporama-portfolio-item col-12 col-sm \">\r\n\t\t\t\t\t\t\t\t\t\t<a href=\"https:\/\/www.camping-residea.com\/wp-content\/uploads\/2023\/01\/20200728_163657-1-1.jpg\" data-lightbox=\"sevgallery-1686881398\" style=\"background-image: url(https:\/\/www.camping-residea.com\/wp-content\/uploads\/2023\/01\/20200728_163657-1-1.jpg)\">\r\n\t\t\t\t\t\t\t\t\t\t\t<img decoding=\"async\" src=\"https:\/\/www.camping-residea.com\/wp-content\/uploads\/2023\/01\/20200728_163657-1-1.jpg\" alt=\"jeux plein air\" loading=\"lazy\">\r\n\t\t\t\t\t\t\t\t\t\t<\/a>\r\n\t\t\t\t\t\t\t\t\t<\/div>\r\n\r\n\t\t\t\t\r\n\t\t\t\t\t\t\t\t\t\t\t\r\n\t\t\t\t\r\n\t\t\t\t<div class=\"sev-diaporama-portfolio-item col-12 col-sm  col-shrink\">\r\n\t\t\t\t\t\t\t\t\t\t<a href=\"https:\/\/www.camping-residea.com\/wp-content\/uploads\/2022\/12\/fb2-1.jpg\" data-lightbox=\"sevgallery-1686881398\" style=\"background-image: url(https:\/\/www.camping-residea.com\/wp-content\/uploads\/2022\/12\/fb2-1.jpg)\">\r\n\t\t\t\t\t\t\t\t\t\t\t<img decoding=\"async\" src=\"https:\/\/www.camping-residea.com\/wp-content\/uploads\/2022\/12\/fb2-1.jpg\" alt=\"\" loading=\"lazy\">\r\n\t\t\t\t\t\t\t\t\t\t<\/a>\r\n\t\t\t\t\t\t\t\t\t<\/div>\r\n\r\n\t\t\t\t\r\n\t\t\t\t\t\t\t\t\t\t\t\r\n\t\t\t\t\r\n\t\t\t\t<div class=\"sev-diaporama-portfolio-item col-12 col-sm \">\r\n\t\t\t\t\t\t\t\t\t\t<a href=\"https:\/\/www.camping-residea.com\/wp-content\/uploads\/2023\/01\/20210818_174353-1.jpg\" data-lightbox=\"sevgallery-1686881398\" style=\"background-image: url(https:\/\/www.camping-residea.com\/wp-content\/uploads\/2023\/01\/20210818_174353-1.jpg)\">\r\n\t\t\t\t\t\t\t\t\t\t\t<img decoding=\"async\" src=\"https:\/\/www.camping-residea.com\/wp-content\/uploads\/2023\/01\/20210818_174353-1.jpg\" alt=\"atelier clown enfant\" loading=\"lazy\">\r\n\t\t\t\t\t\t\t\t\t\t<\/a>\r\n\t\t\t\t\t\t\t\t\t<\/div>\r\n\r\n\t\t\t\t\r\n\t\t\t\t\t\t\t\t\t\t\t\r\n\t\t\t\t\r\n\t\t\t\t<div class=\"sev-diaporama-portfolio-item col-12 col-sm \">\r\n\t\t\t\t\t\t\t\t\t\t<a href=\"https:\/\/www.camping-residea.com\/wp-content\/uploads\/2023\/01\/20220815_103604-1.jpg\" data-lightbox=\"sevgallery-1686881398\" style=\"background-image: url(https:\/\/www.camping-residea.com\/wp-content\/uploads\/2023\/01\/20220815_103604-1.jpg)\">\r\n\t\t\t\t\t\t\t\t\t\t\t<img decoding=\"async\" src=\"https:\/\/www.camping-residea.com\/wp-content\/uploads\/2023\/01\/20220815_103604-1.jpg\" alt=\"creation club enfant\" loading=\"lazy\">\r\n\t\t\t\t\t\t\t\t\t\t<\/a>\r\n\t\t\t\t\t\t\t\t\t<\/div>\r\n\r\n\t\t\t\t\t\t\t\t\t<div class=\"w-100\"><\/div>\r\n\t\t\t\t\t\t\t\t\t\r\n\t\t\t\t\t\t\t\t\t\t\t\r\n\t\t\t\t\r\n\t\t\t\t<div class=\"sev-diaporama-portfolio-item col-12 col-sm  col-shrink\">\r\n\t\t\t\t\t\t\t\t\t\t<a href=\"https:\/\/www.camping-residea.com\/wp-content\/uploads\/2023\/01\/20220824_183303-1.jpg\" data-lightbox=\"sevgallery-1686881398\" style=\"background-image: url(https:\/\/www.camping-residea.com\/wp-content\/uploads\/2023\/01\/20220824_183303-1.jpg)\">\r\n\t\t\t\t\t\t\t\t\t\t\t<img decoding=\"async\" src=\"https:\/\/www.camping-residea.com\/wp-content\/uploads\/2023\/01\/20220824_183303-1.jpg\" alt=\"maquillage color\u00e9\" loading=\"lazy\">\r\n\t\t\t\t\t\t\t\t\t\t<\/a>\r\n\t\t\t\t\t\t\t\t\t<\/div>\r\n\r\n\t\t\t\t\r\n\t\t\t\t\t\t\t\t\t\t\t\r\n\t\t\t\t\r\n\t\t\t\t<div class=\"sev-diaporama-portfolio-item col-12 col-sm \">\r\n\t\t\t\t\t\t\t\t\t\t<a href=\"https:\/\/www.camping-residea.com\/wp-content\/uploads\/2023\/01\/IMG_13101.jpg\" data-lightbox=\"sevgallery-1686881398\" style=\"background-image: url(https:\/\/www.camping-residea.com\/wp-content\/uploads\/2023\/01\/IMG_13101.jpg)\">\r\n\t\t\t\t\t\t\t\t\t\t\t<img decoding=\"async\" src=\"https:\/\/www.camping-residea.com\/wp-content\/uploads\/2023\/01\/IMG_13101.jpg\" alt=\"\" loading=\"lazy\">\r\n\t\t\t\t\t\t\t\t\t\t<\/a>\r\n\t\t\t\t\t\t\t\t\t<\/div>\r\n\r\n\t\t\t\t\r\n\t\t\t\t\t\t\t\t\t\t\t\r\n\t\t\t\t\r\n\t\t\t\t<div class=\"sev-diaporama-portfolio-item col-12 col-sm  col-shrink\">\r\n\t\t\t\t\t\t\t\t\t\t<a href=\"https:\/\/www.camping-residea.com\/wp-content\/uploads\/2023\/01\/20220824_183307-1.jpg\" data-lightbox=\"sevgallery-1686881398\" style=\"background-image: url(https:\/\/www.camping-residea.com\/wp-content\/uploads\/2023\/01\/20220824_183307-1.jpg)\">\r\n\t\t\t\t\t\t\t\t\t\t\t<img decoding=\"async\" src=\"https:\/\/www.camping-residea.com\/wp-content\/uploads\/2023\/01\/20220824_183307-1.jpg\" alt=\"animation maquillage\" loading=\"lazy\">\r\n\t\t\t\t\t\t\t\t\t\t<\/a>\r\n\t\t\t\t\t\t\t\t\t<\/div>\r\n\r\n\t\t\t\t\r\n\t\t\t\t\t\t\t\t\t\t\t\r\n\t\t\t\t\r\n\t\t\t\t<div class=\"sev-diaporama-portfolio-item col-12 col-sm  col-grow\">\r\n\t\t\t\t\t\t\t\t\t\t<a href=\"https:\/\/www.camping-residea.com\/wp-content\/uploads\/2023\/01\/mms_img33264948918303799681-1.jpg\" data-lightbox=\"sevgallery-1686881398\" style=\"background-image: url(https:\/\/www.camping-residea.com\/wp-content\/uploads\/2023\/01\/mms_img33264948918303799681-1.jpg)\">\r\n\t\t\t\t\t\t\t\t\t\t\t<img decoding=\"async\" src=\"https:\/\/www.camping-residea.com\/wp-content\/uploads\/2023\/01\/mms_img33264948918303799681-1.jpg\" alt=\"club jeunes\" loading=\"lazy\">\r\n\t\t\t\t\t\t\t\t\t\t<\/a>\r\n\t\t\t\t\t\t\t\t\t<\/div>\r\n\r\n\t\t\t\t\t\t\t\t\t<div class=\"w-100\"><\/div>\r\n\t\t\t\t\t\t\t\t\t\r\n\t\t\t\t\t\t\t\t\t\t\t\r\n\t\t\t\t\r\n\t\t\t\t<div class=\"sev-diaporama-portfolio-item col-12 col-sm  col-shrink\">\r\n\t\t\t\t\t\t\t\t\t\t<a href=\"https:\/\/www.camping-residea.com\/wp-content\/uploads\/2023\/01\/photos-1-1024x498-2.jpg\" data-lightbox=\"sevgallery-1686881398\" style=\"background-image: url(https:\/\/www.camping-residea.com\/wp-content\/uploads\/2023\/01\/photos-1-1024x498-2.jpg)\">\r\n\t\t\t\t\t\t\t\t\t\t\t<img decoding=\"async\" src=\"https:\/\/www.camping-residea.com\/wp-content\/uploads\/2023\/01\/photos-1-1024x498-2.jpg\" alt=\"aire de jeux\" loading=\"lazy\">\r\n\t\t\t\t\t\t\t\t\t\t<\/a>\r\n\t\t\t\t\t\t\t\t\t<\/div>\r\n\r\n\t\t\t\t\r\n\t\t\t\t\t\t\t\t\t\t\t\r\n\t\t\t\t\r\n\t\t\t\t<div class=\"sev-diaporama-portfolio-item col-12 col-sm \">\r\n\t\t\t\t\t\t\t\t\t\t<a href=\"https:\/\/www.camping-residea.com\/wp-content\/uploads\/2023\/01\/20200728_163538-1024x498-1.jpg\" data-lightbox=\"sevgallery-1686881398\" style=\"background-image: url(https:\/\/www.camping-residea.com\/wp-content\/uploads\/2023\/01\/20200728_163538-1024x498-1.jpg)\">\r\n\t\t\t\t\t\t\t\t\t\t\t<img decoding=\"async\" src=\"https:\/\/www.camping-residea.com\/wp-content\/uploads\/2023\/01\/20200728_163538-1024x498-1.jpg\" alt=\"jeux ext\u00e9rieurs\" loading=\"lazy\">\r\n\t\t\t\t\t\t\t\t\t\t<\/a>\r\n\t\t\t\t\t\t\t\t\t<\/div>\r\n\r\n\t\t\t\t\r\n\t\t\t\t\t\t\t\t\t\t\t\r\n\t\t\t\t\r\n\t\t\t\t<div class=\"sev-diaporama-portfolio-item col-12 col-sm \">\r\n\t\t\t\t\t\t\t\t\t\t<a href=\"https:\/\/www.camping-residea.com\/wp-content\/uploads\/2024\/03\/IMG-20230824-WA0033.jpg\" data-lightbox=\"sevgallery-1686881398\" style=\"background-image: url(https:\/\/www.camping-residea.com\/wp-content\/uploads\/2024\/03\/IMG-20230824-WA0033.jpg)\">\r\n\t\t\t\t\t\t\t\t\t\t\t<img decoding=\"async\" src=\"https:\/\/www.camping-residea.com\/wp-content\/uploads\/2024\/03\/IMG-20230824-WA0033.jpg\" alt=\"\" loading=\"lazy\">\r\n\t\t\t\t\t\t\t\t\t\t<\/a>\r\n\t\t\t\t\t\t\t\t\t<\/div>\r\n\r\n\t\t\t\t\r\n\t\t\t\t\t\t\t\t\t\t\t\r\n\t\t\t\t\r\n\t\t\t\t<div class=\"sev-diaporama-portfolio-item col-12 col-sm  col-grow\">\r\n\t\t\t\t\t\t\t\t\t\t<a href=\"https:\/\/www.camping-residea.com\/wp-content\/uploads\/2024\/03\/IMG-20230824-WA0027.jpg\" data-lightbox=\"sevgallery-1686881398\" style=\"background-image: url(https:\/\/www.camping-residea.com\/wp-content\/uploads\/2024\/03\/IMG-20230824-WA0027.jpg)\">\r\n\t\t\t\t\t\t\t\t\t\t\t<img decoding=\"async\" src=\"https:\/\/www.camping-residea.com\/wp-content\/uploads\/2024\/03\/IMG-20230824-WA0027.jpg\" alt=\"\" loading=\"lazy\">\r\n\t\t\t\t\t\t\t\t\t\t<\/a>\r\n\t\t\t\t\t\t\t\t\t<\/div>\r\n\r\n\t\t\t\t\t\t\t\t\t<div class=\"w-100\"><\/div>\r\n\t\t\t\t\t\t\t\t\t\r\n\t\t\t\t\t\t\t\t\t\t\t\r\n\t\t\t\t\r\n\t\t\t\t<div class=\"sev-diaporama-portfolio-item col-12 col-sm \">\r\n\t\t\t\t\t\t\t\t\t\t<a href=\"https:\/\/www.camping-residea.com\/wp-content\/uploads\/2024\/03\/20230823_182558.jpg\" data-lightbox=\"sevgallery-1686881398\" style=\"background-image: url(https:\/\/www.camping-residea.com\/wp-content\/uploads\/2024\/03\/20230823_182558.jpg)\">\r\n\t\t\t\t\t\t\t\t\t\t\t<img decoding=\"async\" src=\"https:\/\/www.camping-residea.com\/wp-content\/uploads\/2024\/03\/20230823_182558.jpg\" alt=\"\" loading=\"lazy\">\r\n\t\t\t\t\t\t\t\t\t\t<\/a>\r\n\t\t\t\t\t\t\t\t\t<\/div>\r\n\r\n\t\t\t\t\r\n\t\t\t\t\t\t\t\t\t\t\t\r\n\t\t\t\t\r\n\t\t\t\t<div class=\"sev-diaporama-portfolio-item col-12 col-sm  col-shrink\">\r\n\t\t\t\t\t\t\t\t\t\t<a href=\"https:\/\/www.camping-residea.com\/wp-content\/uploads\/2024\/03\/20230714_113933.jpg\" data-lightbox=\"sevgallery-1686881398\" style=\"background-image: url(https:\/\/www.camping-residea.com\/wp-content\/uploads\/2024\/03\/20230714_113933.jpg)\">\r\n\t\t\t\t\t\t\t\t\t\t\t<img decoding=\"async\" src=\"https:\/\/www.camping-residea.com\/wp-content\/uploads\/2024\/03\/20230714_113933.jpg\" alt=\"\" loading=\"lazy\">\r\n\t\t\t\t\t\t\t\t\t\t<\/a>\r\n\t\t\t\t\t\t\t\t\t<\/div>\r\n\r\n\t\t\t\t\r\n\t\t\t\t\t\t\t\t\t\t\t\r\n\t\t\t\t\r\n\t\t\t\t<div class=\"sev-diaporama-portfolio-item col-12 col-sm  col-shrink\">\r\n\t\t\t\t\t\t\t\t\t\t<a href=\"https:\/\/www.camping-residea.com\/wp-content\/uploads\/2024\/03\/20230710_192046.jpg\" data-lightbox=\"sevgallery-1686881398\" style=\"background-image: url(https:\/\/www.camping-residea.com\/wp-content\/uploads\/2024\/03\/20230710_192046.jpg)\">\r\n\t\t\t\t\t\t\t\t\t\t\t<img decoding=\"async\" src=\"https:\/\/www.camping-residea.com\/wp-content\/uploads\/2024\/03\/20230710_192046.jpg\" alt=\"\" loading=\"lazy\">\r\n\t\t\t\t\t\t\t\t\t\t<\/a>\r\n\t\t\t\t\t\t\t\t\t<\/div>\r\n\r\n\t\t\t\t\r\n\t\t\t\t\t\t\t\t\t\t\t\t\t\t<\/div>\r\n\t\t\t<\/div>\r\n\t\t\t<\/div>","protected":false},"excerpt":{"rendered":"<p>De camping 3*-camping met 95 standplaatsen, op 5 minuten van de stranden en de winkels van Saint Hilaire de Riez en Saint Gilles Croix de Vie, R\u00e9sid\u00e9a verwelkomt u het hele jaar door. Geniet van de nabijgelegen bossen en moerassen en ontspan op de kuststranden. Leuke vakantie R\u00e9sid\u00e9a en zijn hele team doen er alles [&hellip;]<\/p>\n","protected":false},"author":1,"featured_media":0,"parent":0,"menu_order":0,"comment_status":"closed","ping_status":"closed","template":"","meta":{"_seopress_robots_primary_cat":"","_seopress_titles_title":"Ontdek de camping R\u00e9sid\u00e9a en zijn sfeer","_seopress_titles_desc":"Camping R\u00e9sid\u00e9a in Saint Hilaire de Riez wacht de hele zomer op u voor uw vakantie.","_seopress_robots_index":"","footnotes":""},"class_list":["post-1268","page","type-page","status-publish","hentry"],"_links":{"self":[{"href":"https:\/\/www.camping-residea.com\/nl\/wp-json\/wp\/v2\/pages\/1268","targetHints":{"allow":["GET"]}}],"collection":[{"href":"https:\/\/www.camping-residea.com\/nl\/wp-json\/wp\/v2\/pages"}],"about":[{"href":"https:\/\/www.camping-residea.com\/nl\/wp-json\/wp\/v2\/types\/page"}],"author":[{"embeddable":true,"href":"https:\/\/www.camping-residea.com\/nl\/wp-json\/wp\/v2\/users\/1"}],"replies":[{"embeddable":true,"href":"https:\/\/www.camping-residea.com\/nl\/wp-json\/wp\/v2\/comments?post=1268"}],"version-history":[{"count":2,"href":"https:\/\/www.camping-residea.com\/nl\/wp-json\/wp\/v2\/pages\/1268\/revisions"}],"predecessor-version":[{"id":1466,"href":"https:\/\/www.camping-residea.com\/nl\/wp-json\/wp\/v2\/pages\/1268\/revisions\/1466"}],"wp:attachment":[{"href":"https:\/\/www.camping-residea.com\/nl\/wp-json\/wp\/v2\/media?parent=1268"}],"curies":[{"name":"wp","href":"https:\/\/api.w.org\/{rel}","templated":true}]}}