{"id":1229,"date":"2022-10-27T14:23:50","date_gmt":"2022-10-27T12:23:50","guid":{"rendered":"https:\/\/www.camping-residea.com\/the-state-of-mind-of-the-campsite\/"},"modified":"2023-01-24T14:16:32","modified_gmt":"2023-01-24T13:16:32","slug":"the-state-of-mind-of-the-campsite","status":"publish","type":"page","link":"https:\/\/www.camping-residea.com\/en\/the-state-of-mind-of-the-campsite\/","title":{"rendered":"The state of mind of the campsite"},"content":{"rendered":"\n<h1 class=\"wp-block-heading\">The Campsite<\/h1>\n\n<p>3* campsite of 95 plots, <strong>5 mn from the beaches<\/strong> and shops of Saint Hilaire de Riez and <a href=\"https:\/\/www.camping-residea.com\/en\/city-side\/\" data-type=\"page\" data-id=\"259\">Saint Gilles Croix de Vie<\/a>, R\u00e9sid\u00e9a welcomes you all year long. Come and enjoy the nearby <strong>forests<\/strong> and <strong>marshes<\/strong> and relax on the coastal <strong>beaches<\/strong>.<\/p>\n\n<div class=\"wp-block-columns is-layout-flex wp-container-core-columns-is-layout-28f84493 wp-block-columns-is-layout-flex\">\n<div class=\"wp-block-column is-layout-flow wp-block-column-is-layout-flow\">\n<h2 class=\"wp-block-heading\">A fun vacation<\/h2>\n\n\n\n<p>R\u00e9sid\u00e9a and all its team work to make your vacations a moment of <strong>conviviality<\/strong> by sharing with you the good atmosphere of its <a href=\"https:\/\/www.camping-residea.com\/en\/the-pool\/\" data-type=\"page\" data-id=\"317\">aquatic space<\/a> with heated indoor pool and paddling pool for your children. Relaxation is guaranteed with our various summer sports activities and outdoor activities such as canoeing, go-karting, biking, but also laser games, paint ball and the fabulous Glassy House in Saint Gilles to surf like a pro.<\/p>\n<\/div>\n\n\n\n<div class=\"wp-block-column is-vertically-aligned-center is-layout-flow wp-block-column-is-layout-flow\">\n<figure class=\"wp-block-image aligncenter size-full\"><img loading=\"lazy\" decoding=\"async\" width=\"1024\" height=\"498\" src=\"https:\/\/www.camping-residea.com\/wp-content\/uploads\/2023\/01\/Home-1024x498-1.jpg\" alt=\"pool\" class=\"wp-image-930\" srcset=\"https:\/\/www.camping-residea.com\/wp-content\/uploads\/2023\/01\/Home-1024x498-1.jpg 1024w, https:\/\/www.camping-residea.com\/wp-content\/uploads\/2023\/01\/Home-1024x498-1-300x146.jpg 300w, https:\/\/www.camping-residea.com\/wp-content\/uploads\/2023\/01\/Home-1024x498-1-768x374.jpg 768w\" sizes=\"auto, (max-width: 1024px) 100vw, 1024px\" \/><\/figure><\/div>\n<\/div>\n\n<div style=\"height:14px\" aria-hidden=\"true\" class=\"wp-block-spacer\"><\/div>\n\n<div class=\"wp-block-columns is-layout-flex wp-container-core-columns-is-layout-28f84493 wp-block-columns-is-layout-flex\">\n<div class=\"wp-block-column is-vertically-aligned-center is-layout-flow wp-block-column-is-layout-flow\">\n<figure class=\"wp-block-image size-full\"><img loading=\"lazy\" decoding=\"async\" width=\"1024\" height=\"498\" src=\"https:\/\/www.camping-residea.com\/wp-content\/uploads\/2023\/01\/fb6-1024x498-1.jpg\" alt=\"evening entertainment\" class=\"wp-image-940\" srcset=\"https:\/\/www.camping-residea.com\/wp-content\/uploads\/2023\/01\/fb6-1024x498-1.jpg 1024w, https:\/\/www.camping-residea.com\/wp-content\/uploads\/2023\/01\/fb6-1024x498-1-300x146.jpg 300w, https:\/\/www.camping-residea.com\/wp-content\/uploads\/2023\/01\/fb6-1024x498-1-768x374.jpg 768w\" sizes=\"auto, (max-width: 1024px) 100vw, 1024px\" \/><\/figure>\n\n\n<figure class=\"wp-block-image size-large\"><img loading=\"lazy\" decoding=\"async\" width=\"1024\" height=\"498\" src=\"https:\/\/www.camping-residea.com\/wp-content\/uploads\/2023\/01\/20200805_110257-1-1024x498.jpg\" alt=\"creative workshop\" class=\"wp-image-849\" srcset=\"https:\/\/www.camping-residea.com\/wp-content\/uploads\/2023\/01\/20200805_110257-1-1024x498.jpg 1024w, https:\/\/www.camping-residea.com\/wp-content\/uploads\/2023\/01\/20200805_110257-1-300x146.jpg 300w, https:\/\/www.camping-residea.com\/wp-content\/uploads\/2023\/01\/20200805_110257-1-768x373.jpg 768w, https:\/\/www.camping-residea.com\/wp-content\/uploads\/2023\/01\/20200805_110257-1.jpg 1152w\" sizes=\"auto, (max-width: 1024px) 100vw, 1024px\" \/><\/figure><\/div>\n\n\n\n<div class=\"wp-block-column is-layout-flow wp-block-column-is-layout-flow\">\n<h2 class=\"wp-block-heading\">Discover the animations for young and old<\/h2>\n\n\n\n<p>Enjoy the festive atmosphere of the <strong>evening shows<\/strong> where the most famous look-alikes will come to make you sing and dance, also participate in the games, lotto or quizzes to win prizes and challenge the other players. Sing, dance and laugh during our karaoke nights. Everything is done in this place to emphasize the <strong>family<\/strong> aspect that is so important to us.<\/p>\n<\/div>\n<\/div>\n\n<div style=\"height:14px\" aria-hidden=\"true\" class=\"wp-block-spacer\"><\/div>\n\n<h2 class=\"wp-block-heading\">Activities from morning to evening<\/h2>\n\n<p>The <strong>games room<\/strong> with table soccer will allow you to challenge your friends and the pingpong table to show your skills. We also organize p\u00e9tanque<strong> tournaments<\/strong> and <strong>competitions<\/strong> where your skill will be rewarded.<\/p>\n\n<p>The <strong>children&#8217;s club<\/strong> leaders will welcome and take care of your children with a variety of creative and fun activities that they will remember for a long time.<\/p>\n\n<p>Our <strong>snack bar restaurant<\/strong> concocts good cocktails but also small dishes to taste on the spot or to take away. You can also order your bread and pastries for the next morning.<\/p>\n\n<hr class=\"wp-block-separator has-text-color has-blanc-color has-alpha-channel-opacity has-blanc-background-color has-background is-style-dots\"\/>\n\n<h3 class=\"wp-block-heading\">Discover the campsite in pictures:  <\/h3>\n<div class=\"wp-block-sev-diaporama alignfull\">\t\t\t<div id=\"sevgallery-8318435\" class=\"sev-diaporama sev-diaporama-portfolio\">\r\n\t\t\t<div class=\"row\">\r\n\r\n\t\t\t\r\n\t\t\t\t\r\n\t\t\t\t<div class=\"sev-diaporama-portfolio-item col-12 col-sm  col-shrink\">\r\n\t\t\t\t\t\t\t\t\t\t<a href=\"https:\/\/www.camping-residea.com\/wp-content\/uploads\/2023\/01\/20200817_101125-1.jpg\" data-lightbox=\"sevgallery-8318435\" style=\"background-image: url(https:\/\/www.camping-residea.com\/wp-content\/uploads\/2023\/01\/20200817_101125-1.jpg)\">\r\n\t\t\t\t\t\t\t\t\t\t\t<img decoding=\"async\" src=\"https:\/\/www.camping-residea.com\/wp-content\/uploads\/2023\/01\/20200817_101125-1.jpg\" alt=\"\" loading=\"lazy\">\r\n\t\t\t\t\t\t\t\t\t\t<\/a>\r\n\t\t\t\t\t\t\t\t\t<\/div>\r\n\r\n\t\t\t\t\r\n\t\t\t\t\t\t\t\t\t\t\t\r\n\t\t\t\t\r\n\t\t\t\t<div class=\"sev-diaporama-portfolio-item col-12 col-sm  col-grow\">\r\n\t\t\t\t\t\t\t\t\t\t<a href=\"https:\/\/www.camping-residea.com\/wp-content\/uploads\/2023\/01\/mms_img4438985035818149601-1.jpg\" data-lightbox=\"sevgallery-8318435\" style=\"background-image: url(https:\/\/www.camping-residea.com\/wp-content\/uploads\/2023\/01\/mms_img4438985035818149601-1.jpg)\">\r\n\t\t\t\t\t\t\t\t\t\t\t<img decoding=\"async\" src=\"https:\/\/www.camping-residea.com\/wp-content\/uploads\/2023\/01\/mms_img4438985035818149601-1.jpg\" alt=\"activit\u00e9 plein air\" loading=\"lazy\">\r\n\t\t\t\t\t\t\t\t\t\t<\/a>\r\n\t\t\t\t\t\t\t\t\t<\/div>\r\n\r\n\t\t\t\t\r\n\t\t\t\t\t\t\t\t\t\t\t\r\n\t\t\t\t\r\n\t\t\t\t<div class=\"sev-diaporama-portfolio-item col-12 col-sm \">\r\n\t\t\t\t\t\t\t\t\t\t<a href=\"https:\/\/www.camping-residea.com\/wp-content\/uploads\/2023\/01\/20200805_104916-1.jpg\" data-lightbox=\"sevgallery-8318435\" style=\"background-image: url(https:\/\/www.camping-residea.com\/wp-content\/uploads\/2023\/01\/20200805_104916-1.jpg)\">\r\n\t\t\t\t\t\t\t\t\t\t\t<img decoding=\"async\" src=\"https:\/\/www.camping-residea.com\/wp-content\/uploads\/2023\/01\/20200805_104916-1.jpg\" alt=\"animation jeunes\" loading=\"lazy\">\r\n\t\t\t\t\t\t\t\t\t\t<\/a>\r\n\t\t\t\t\t\t\t\t\t<\/div>\r\n\r\n\t\t\t\t\r\n\t\t\t\t\t\t\t\t\t\t\t\r\n\t\t\t\t\r\n\t\t\t\t<div class=\"sev-diaporama-portfolio-item col-12 col-sm  col-shrink\">\r\n\t\t\t\t\t\t\t\t\t\t<a href=\"https:\/\/www.camping-residea.com\/wp-content\/uploads\/2022\/12\/camping1.jpg\" data-lightbox=\"sevgallery-8318435\" style=\"background-image: url(https:\/\/www.camping-residea.com\/wp-content\/uploads\/2022\/12\/camping1.jpg)\">\r\n\t\t\t\t\t\t\t\t\t\t\t<img decoding=\"async\" src=\"https:\/\/www.camping-residea.com\/wp-content\/uploads\/2022\/12\/camping1.jpg\" alt=\"accueil camping\" loading=\"lazy\">\r\n\t\t\t\t\t\t\t\t\t\t<\/a>\r\n\t\t\t\t\t\t\t\t\t<\/div>\r\n\r\n\t\t\t\t\t\t\t\t\t<div class=\"w-100\"><\/div>\r\n\t\t\t\t\t\t\t\t\t\r\n\t\t\t\t\t\t\t\t\t\t\t\r\n\t\t\t\t\r\n\t\t\t\t<div class=\"sev-diaporama-portfolio-item col-12 col-sm  col-grow\">\r\n\t\t\t\t\t\t\t\t\t\t<a href=\"https:\/\/www.camping-residea.com\/wp-content\/uploads\/2023\/01\/20200805_165501-1.jpg\" data-lightbox=\"sevgallery-8318435\" style=\"background-image: url(https:\/\/www.camping-residea.com\/wp-content\/uploads\/2023\/01\/20200805_165501-1.jpg)\">\r\n\t\t\t\t\t\t\t\t\t\t\t<img decoding=\"async\" src=\"https:\/\/www.camping-residea.com\/wp-content\/uploads\/2023\/01\/20200805_165501-1.jpg\" alt=\"maquillage enfant\" loading=\"lazy\">\r\n\t\t\t\t\t\t\t\t\t\t<\/a>\r\n\t\t\t\t\t\t\t\t\t<\/div>\r\n\r\n\t\t\t\t\r\n\t\t\t\t\t\t\t\t\t\t\t\r\n\t\t\t\t\r\n\t\t\t\t<div class=\"sev-diaporama-portfolio-item col-12 col-sm  col-grow\">\r\n\t\t\t\t\t\t\t\t\t\t<a href=\"https:\/\/www.camping-residea.com\/wp-content\/uploads\/2022\/12\/photo9.jpg\" data-lightbox=\"sevgallery-8318435\" style=\"background-image: url(https:\/\/www.camping-residea.com\/wp-content\/uploads\/2022\/12\/photo9.jpg)\">\r\n\t\t\t\t\t\t\t\t\t\t\t<img decoding=\"async\" src=\"https:\/\/www.camping-residea.com\/wp-content\/uploads\/2022\/12\/photo9.jpg\" alt=\"\" loading=\"lazy\">\r\n\t\t\t\t\t\t\t\t\t\t<\/a>\r\n\t\t\t\t\t\t\t\t\t<\/div>\r\n\r\n\t\t\t\t\r\n\t\t\t\t\t\t\t\t\t\t\t\r\n\t\t\t\t\r\n\t\t\t\t<div class=\"sev-diaporama-portfolio-item col-12 col-sm \">\r\n\t\t\t\t\t\t\t\t\t\t<a href=\"https:\/\/www.camping-residea.com\/wp-content\/uploads\/2022\/12\/service2-1.jpg\" data-lightbox=\"sevgallery-8318435\" style=\"background-image: url(https:\/\/www.camping-residea.com\/wp-content\/uploads\/2022\/12\/service2-1.jpg)\">\r\n\t\t\t\t\t\t\t\t\t\t\t<img decoding=\"async\" src=\"https:\/\/www.camping-residea.com\/wp-content\/uploads\/2022\/12\/service2-1.jpg\" alt=\"\" loading=\"lazy\">\r\n\t\t\t\t\t\t\t\t\t\t<\/a>\r\n\t\t\t\t\t\t\t\t\t<\/div>\r\n\r\n\t\t\t\t\r\n\t\t\t\t\t\t\t\t\t\t\t\r\n\t\t\t\t\r\n\t\t\t\t<div class=\"sev-diaporama-portfolio-item col-12 col-sm \">\r\n\t\t\t\t\t\t\t\t\t\t<a href=\"https:\/\/www.camping-residea.com\/wp-content\/uploads\/2023\/01\/20200805_105440-1.jpg\" data-lightbox=\"sevgallery-8318435\" style=\"background-image: url(https:\/\/www.camping-residea.com\/wp-content\/uploads\/2023\/01\/20200805_105440-1.jpg)\">\r\n\t\t\t\t\t\t\t\t\t\t\t<img decoding=\"async\" src=\"https:\/\/www.camping-residea.com\/wp-content\/uploads\/2023\/01\/20200805_105440-1.jpg\" alt=\"animation club enfant\" loading=\"lazy\">\r\n\t\t\t\t\t\t\t\t\t\t<\/a>\r\n\t\t\t\t\t\t\t\t\t<\/div>\r\n\r\n\t\t\t\t\t\t\t\t\t<div class=\"w-100\"><\/div>\r\n\t\t\t\t\t\t\t\t\t\r\n\t\t\t\t\t\t\t\t\t\t\t\r\n\t\t\t\t\r\n\t\t\t\t<div class=\"sev-diaporama-portfolio-item col-12 col-sm  col-shrink\">\r\n\t\t\t\t\t\t\t\t\t\t<a href=\"https:\/\/www.camping-residea.com\/wp-content\/uploads\/2022\/12\/photo7.jpeg\" data-lightbox=\"sevgallery-8318435\" style=\"background-image: url(https:\/\/www.camping-residea.com\/wp-content\/uploads\/2022\/12\/photo7.jpeg)\">\r\n\t\t\t\t\t\t\t\t\t\t\t<img decoding=\"async\" src=\"https:\/\/www.camping-residea.com\/wp-content\/uploads\/2022\/12\/photo7.jpeg\" alt=\"\" loading=\"lazy\">\r\n\t\t\t\t\t\t\t\t\t\t<\/a>\r\n\t\t\t\t\t\t\t\t\t<\/div>\r\n\r\n\t\t\t\t\r\n\t\t\t\t\t\t\t\t\t\t\t\r\n\t\t\t\t\r\n\t\t\t\t<div class=\"sev-diaporama-portfolio-item col-12 col-sm  col-grow\">\r\n\t\t\t\t\t\t\t\t\t\t<a href=\"https:\/\/www.camping-residea.com\/wp-content\/uploads\/2023\/01\/20200728_163528-1.jpg\" data-lightbox=\"sevgallery-8318435\" style=\"background-image: url(https:\/\/www.camping-residea.com\/wp-content\/uploads\/2023\/01\/20200728_163528-1.jpg)\">\r\n\t\t\t\t\t\t\t\t\t\t\t<img decoding=\"async\" src=\"https:\/\/www.camping-residea.com\/wp-content\/uploads\/2023\/01\/20200728_163528-1.jpg\" alt=\"aire de jeux enfants\" loading=\"lazy\">\r\n\t\t\t\t\t\t\t\t\t\t<\/a>\r\n\t\t\t\t\t\t\t\t\t<\/div>\r\n\r\n\t\t\t\t\r\n\t\t\t\t\t\t\t\t\t\t\t\r\n\t\t\t\t\r\n\t\t\t\t<div class=\"sev-diaporama-portfolio-item col-12 col-sm \">\r\n\t\t\t\t\t\t\t\t\t\t<a href=\"https:\/\/www.camping-residea.com\/wp-content\/uploads\/2022\/12\/photo8.jpg\" data-lightbox=\"sevgallery-8318435\" style=\"background-image: url(https:\/\/www.camping-residea.com\/wp-content\/uploads\/2022\/12\/photo8.jpg)\">\r\n\t\t\t\t\t\t\t\t\t\t\t<img decoding=\"async\" src=\"https:\/\/www.camping-residea.com\/wp-content\/uploads\/2022\/12\/photo8.jpg\" alt=\"\" loading=\"lazy\">\r\n\t\t\t\t\t\t\t\t\t\t<\/a>\r\n\t\t\t\t\t\t\t\t\t<\/div>\r\n\r\n\t\t\t\t\r\n\t\t\t\t\t\t\t\t\t\t\t\r\n\t\t\t\t\r\n\t\t\t\t<div class=\"sev-diaporama-portfolio-item col-12 col-sm  col-grow\">\r\n\t\t\t\t\t\t\t\t\t\t<a href=\"https:\/\/www.camping-residea.com\/wp-content\/uploads\/2023\/01\/20220824_183217-1.jpg\" data-lightbox=\"sevgallery-8318435\" style=\"background-image: url(https:\/\/www.camping-residea.com\/wp-content\/uploads\/2023\/01\/20220824_183217-1.jpg)\">\r\n\t\t\t\t\t\t\t\t\t\t\t<img decoding=\"async\" src=\"https:\/\/www.camping-residea.com\/wp-content\/uploads\/2023\/01\/20220824_183217-1.jpg\" alt=\"maquillage club enfant\" loading=\"lazy\">\r\n\t\t\t\t\t\t\t\t\t\t<\/a>\r\n\t\t\t\t\t\t\t\t\t<\/div>\r\n\r\n\t\t\t\t\t\t\t\t\t<div class=\"w-100\"><\/div>\r\n\t\t\t\t\t\t\t\t\t\r\n\t\t\t\t\t\t\t\t\t\t\t\r\n\t\t\t\t\r\n\t\t\t\t<div class=\"sev-diaporama-portfolio-item col-12 col-sm  col-shrink\">\r\n\t\t\t\t\t\t\t\t\t\t<a href=\"https:\/\/www.camping-residea.com\/wp-content\/uploads\/2023\/01\/20200728_163657-1-1.jpg\" data-lightbox=\"sevgallery-8318435\" style=\"background-image: url(https:\/\/www.camping-residea.com\/wp-content\/uploads\/2023\/01\/20200728_163657-1-1.jpg)\">\r\n\t\t\t\t\t\t\t\t\t\t\t<img decoding=\"async\" src=\"https:\/\/www.camping-residea.com\/wp-content\/uploads\/2023\/01\/20200728_163657-1-1.jpg\" alt=\"jeux plein air\" loading=\"lazy\">\r\n\t\t\t\t\t\t\t\t\t\t<\/a>\r\n\t\t\t\t\t\t\t\t\t<\/div>\r\n\r\n\t\t\t\t\r\n\t\t\t\t\t\t\t\t\t\t\t\r\n\t\t\t\t\r\n\t\t\t\t<div class=\"sev-diaporama-portfolio-item col-12 col-sm  col-shrink\">\r\n\t\t\t\t\t\t\t\t\t\t<a href=\"https:\/\/www.camping-residea.com\/wp-content\/uploads\/2022\/12\/fb2-1.jpg\" data-lightbox=\"sevgallery-8318435\" style=\"background-image: url(https:\/\/www.camping-residea.com\/wp-content\/uploads\/2022\/12\/fb2-1.jpg)\">\r\n\t\t\t\t\t\t\t\t\t\t\t<img decoding=\"async\" src=\"https:\/\/www.camping-residea.com\/wp-content\/uploads\/2022\/12\/fb2-1.jpg\" alt=\"\" loading=\"lazy\">\r\n\t\t\t\t\t\t\t\t\t\t<\/a>\r\n\t\t\t\t\t\t\t\t\t<\/div>\r\n\r\n\t\t\t\t\r\n\t\t\t\t\t\t\t\t\t\t\t\r\n\t\t\t\t\r\n\t\t\t\t<div class=\"sev-diaporama-portfolio-item col-12 col-sm  col-shrink\">\r\n\t\t\t\t\t\t\t\t\t\t<a href=\"https:\/\/www.camping-residea.com\/wp-content\/uploads\/2023\/01\/20210818_174353-1.jpg\" data-lightbox=\"sevgallery-8318435\" style=\"background-image: url(https:\/\/www.camping-residea.com\/wp-content\/uploads\/2023\/01\/20210818_174353-1.jpg)\">\r\n\t\t\t\t\t\t\t\t\t\t\t<img decoding=\"async\" src=\"https:\/\/www.camping-residea.com\/wp-content\/uploads\/2023\/01\/20210818_174353-1.jpg\" alt=\"atelier clown enfant\" loading=\"lazy\">\r\n\t\t\t\t\t\t\t\t\t\t<\/a>\r\n\t\t\t\t\t\t\t\t\t<\/div>\r\n\r\n\t\t\t\t\r\n\t\t\t\t\t\t\t\t\t\t\t\r\n\t\t\t\t\r\n\t\t\t\t<div class=\"sev-diaporama-portfolio-item col-12 col-sm \">\r\n\t\t\t\t\t\t\t\t\t\t<a href=\"https:\/\/www.camping-residea.com\/wp-content\/uploads\/2023\/01\/20220815_103604-1.jpg\" data-lightbox=\"sevgallery-8318435\" style=\"background-image: url(https:\/\/www.camping-residea.com\/wp-content\/uploads\/2023\/01\/20220815_103604-1.jpg)\">\r\n\t\t\t\t\t\t\t\t\t\t\t<img decoding=\"async\" src=\"https:\/\/www.camping-residea.com\/wp-content\/uploads\/2023\/01\/20220815_103604-1.jpg\" alt=\"creation club enfant\" loading=\"lazy\">\r\n\t\t\t\t\t\t\t\t\t\t<\/a>\r\n\t\t\t\t\t\t\t\t\t<\/div>\r\n\r\n\t\t\t\t\t\t\t\t\t<div class=\"w-100\"><\/div>\r\n\t\t\t\t\t\t\t\t\t\r\n\t\t\t\t\t\t\t\t\t\t\t\r\n\t\t\t\t\r\n\t\t\t\t<div class=\"sev-diaporama-portfolio-item col-12 col-sm  col-shrink\">\r\n\t\t\t\t\t\t\t\t\t\t<a href=\"https:\/\/www.camping-residea.com\/wp-content\/uploads\/2023\/01\/20220824_183303-1.jpg\" data-lightbox=\"sevgallery-8318435\" style=\"background-image: url(https:\/\/www.camping-residea.com\/wp-content\/uploads\/2023\/01\/20220824_183303-1.jpg)\">\r\n\t\t\t\t\t\t\t\t\t\t\t<img decoding=\"async\" src=\"https:\/\/www.camping-residea.com\/wp-content\/uploads\/2023\/01\/20220824_183303-1.jpg\" alt=\"maquillage color\u00e9\" loading=\"lazy\">\r\n\t\t\t\t\t\t\t\t\t\t<\/a>\r\n\t\t\t\t\t\t\t\t\t<\/div>\r\n\r\n\t\t\t\t\r\n\t\t\t\t\t\t\t\t\t\t\t\r\n\t\t\t\t\r\n\t\t\t\t<div class=\"sev-diaporama-portfolio-item col-12 col-sm \">\r\n\t\t\t\t\t\t\t\t\t\t<a href=\"https:\/\/www.camping-residea.com\/wp-content\/uploads\/2023\/01\/IMG_13101.jpg\" data-lightbox=\"sevgallery-8318435\" style=\"background-image: url(https:\/\/www.camping-residea.com\/wp-content\/uploads\/2023\/01\/IMG_13101.jpg)\">\r\n\t\t\t\t\t\t\t\t\t\t\t<img decoding=\"async\" src=\"https:\/\/www.camping-residea.com\/wp-content\/uploads\/2023\/01\/IMG_13101.jpg\" alt=\"\" loading=\"lazy\">\r\n\t\t\t\t\t\t\t\t\t\t<\/a>\r\n\t\t\t\t\t\t\t\t\t<\/div>\r\n\r\n\t\t\t\t\r\n\t\t\t\t\t\t\t\t\t\t\t\r\n\t\t\t\t\r\n\t\t\t\t<div class=\"sev-diaporama-portfolio-item col-12 col-sm  col-grow\">\r\n\t\t\t\t\t\t\t\t\t\t<a href=\"https:\/\/www.camping-residea.com\/wp-content\/uploads\/2023\/01\/20220824_183307-1.jpg\" data-lightbox=\"sevgallery-8318435\" style=\"background-image: url(https:\/\/www.camping-residea.com\/wp-content\/uploads\/2023\/01\/20220824_183307-1.jpg)\">\r\n\t\t\t\t\t\t\t\t\t\t\t<img decoding=\"async\" src=\"https:\/\/www.camping-residea.com\/wp-content\/uploads\/2023\/01\/20220824_183307-1.jpg\" alt=\"animation maquillage\" loading=\"lazy\">\r\n\t\t\t\t\t\t\t\t\t\t<\/a>\r\n\t\t\t\t\t\t\t\t\t<\/div>\r\n\r\n\t\t\t\t\r\n\t\t\t\t\t\t\t\t\t\t\t\r\n\t\t\t\t\r\n\t\t\t\t<div class=\"sev-diaporama-portfolio-item col-12 col-sm  col-grow\">\r\n\t\t\t\t\t\t\t\t\t\t<a href=\"https:\/\/www.camping-residea.com\/wp-content\/uploads\/2023\/01\/mms_img33264948918303799681-1.jpg\" data-lightbox=\"sevgallery-8318435\" style=\"background-image: url(https:\/\/www.camping-residea.com\/wp-content\/uploads\/2023\/01\/mms_img33264948918303799681-1.jpg)\">\r\n\t\t\t\t\t\t\t\t\t\t\t<img decoding=\"async\" src=\"https:\/\/www.camping-residea.com\/wp-content\/uploads\/2023\/01\/mms_img33264948918303799681-1.jpg\" alt=\"club jeunes\" loading=\"lazy\">\r\n\t\t\t\t\t\t\t\t\t\t<\/a>\r\n\t\t\t\t\t\t\t\t\t<\/div>\r\n\r\n\t\t\t\t\t\t\t\t\t<div class=\"w-100\"><\/div>\r\n\t\t\t\t\t\t\t\t\t\r\n\t\t\t\t\t\t\t\t\t\t\t\r\n\t\t\t\t\r\n\t\t\t\t<div class=\"sev-diaporama-portfolio-item col-12 col-sm  col-grow\">\r\n\t\t\t\t\t\t\t\t\t\t<a href=\"https:\/\/www.camping-residea.com\/wp-content\/uploads\/2023\/01\/photos-1-1024x498-2.jpg\" data-lightbox=\"sevgallery-8318435\" style=\"background-image: url(https:\/\/www.camping-residea.com\/wp-content\/uploads\/2023\/01\/photos-1-1024x498-2.jpg)\">\r\n\t\t\t\t\t\t\t\t\t\t\t<img decoding=\"async\" src=\"https:\/\/www.camping-residea.com\/wp-content\/uploads\/2023\/01\/photos-1-1024x498-2.jpg\" alt=\"aire de jeux\" loading=\"lazy\">\r\n\t\t\t\t\t\t\t\t\t\t<\/a>\r\n\t\t\t\t\t\t\t\t\t<\/div>\r\n\r\n\t\t\t\t\r\n\t\t\t\t\t\t\t\t\t\t\t\r\n\t\t\t\t\r\n\t\t\t\t<div class=\"sev-diaporama-portfolio-item col-12 col-sm  col-shrink\">\r\n\t\t\t\t\t\t\t\t\t\t<a href=\"https:\/\/www.camping-residea.com\/wp-content\/uploads\/2023\/01\/20200728_163538-1024x498-1.jpg\" data-lightbox=\"sevgallery-8318435\" style=\"background-image: url(https:\/\/www.camping-residea.com\/wp-content\/uploads\/2023\/01\/20200728_163538-1024x498-1.jpg)\">\r\n\t\t\t\t\t\t\t\t\t\t\t<img decoding=\"async\" src=\"https:\/\/www.camping-residea.com\/wp-content\/uploads\/2023\/01\/20200728_163538-1024x498-1.jpg\" alt=\"jeux ext\u00e9rieurs\" loading=\"lazy\">\r\n\t\t\t\t\t\t\t\t\t\t<\/a>\r\n\t\t\t\t\t\t\t\t\t<\/div>\r\n\r\n\t\t\t\t\r\n\t\t\t\t\t\t\t\t\t\t\t\r\n\t\t\t\t\r\n\t\t\t\t<div class=\"sev-diaporama-portfolio-item col-12 col-sm  col-grow\">\r\n\t\t\t\t\t\t\t\t\t\t<a href=\"https:\/\/www.camping-residea.com\/wp-content\/uploads\/2024\/03\/IMG-20230824-WA0033.jpg\" data-lightbox=\"sevgallery-8318435\" style=\"background-image: url(https:\/\/www.camping-residea.com\/wp-content\/uploads\/2024\/03\/IMG-20230824-WA0033.jpg)\">\r\n\t\t\t\t\t\t\t\t\t\t\t<img decoding=\"async\" src=\"https:\/\/www.camping-residea.com\/wp-content\/uploads\/2024\/03\/IMG-20230824-WA0033.jpg\" alt=\"\" loading=\"lazy\">\r\n\t\t\t\t\t\t\t\t\t\t<\/a>\r\n\t\t\t\t\t\t\t\t\t<\/div>\r\n\r\n\t\t\t\t\r\n\t\t\t\t\t\t\t\t\t\t\t\r\n\t\t\t\t\r\n\t\t\t\t<div class=\"sev-diaporama-portfolio-item col-12 col-sm  col-shrink\">\r\n\t\t\t\t\t\t\t\t\t\t<a href=\"https:\/\/www.camping-residea.com\/wp-content\/uploads\/2024\/03\/IMG-20230824-WA0027.jpg\" data-lightbox=\"sevgallery-8318435\" style=\"background-image: url(https:\/\/www.camping-residea.com\/wp-content\/uploads\/2024\/03\/IMG-20230824-WA0027.jpg)\">\r\n\t\t\t\t\t\t\t\t\t\t\t<img decoding=\"async\" src=\"https:\/\/www.camping-residea.com\/wp-content\/uploads\/2024\/03\/IMG-20230824-WA0027.jpg\" alt=\"\" loading=\"lazy\">\r\n\t\t\t\t\t\t\t\t\t\t<\/a>\r\n\t\t\t\t\t\t\t\t\t<\/div>\r\n\r\n\t\t\t\t\t\t\t\t\t<div class=\"w-100\"><\/div>\r\n\t\t\t\t\t\t\t\t\t\r\n\t\t\t\t\t\t\t\t\t\t\t\r\n\t\t\t\t\r\n\t\t\t\t<div class=\"sev-diaporama-portfolio-item col-12 col-sm  col-grow\">\r\n\t\t\t\t\t\t\t\t\t\t<a href=\"https:\/\/www.camping-residea.com\/wp-content\/uploads\/2024\/03\/20230823_182558.jpg\" data-lightbox=\"sevgallery-8318435\" style=\"background-image: url(https:\/\/www.camping-residea.com\/wp-content\/uploads\/2024\/03\/20230823_182558.jpg)\">\r\n\t\t\t\t\t\t\t\t\t\t\t<img decoding=\"async\" src=\"https:\/\/www.camping-residea.com\/wp-content\/uploads\/2024\/03\/20230823_182558.jpg\" alt=\"\" loading=\"lazy\">\r\n\t\t\t\t\t\t\t\t\t\t<\/a>\r\n\t\t\t\t\t\t\t\t\t<\/div>\r\n\r\n\t\t\t\t\r\n\t\t\t\t\t\t\t\t\t\t\t\r\n\t\t\t\t\r\n\t\t\t\t<div class=\"sev-diaporama-portfolio-item col-12 col-sm  col-grow\">\r\n\t\t\t\t\t\t\t\t\t\t<a href=\"https:\/\/www.camping-residea.com\/wp-content\/uploads\/2024\/03\/20230714_113933.jpg\" data-lightbox=\"sevgallery-8318435\" style=\"background-image: url(https:\/\/www.camping-residea.com\/wp-content\/uploads\/2024\/03\/20230714_113933.jpg)\">\r\n\t\t\t\t\t\t\t\t\t\t\t<img decoding=\"async\" src=\"https:\/\/www.camping-residea.com\/wp-content\/uploads\/2024\/03\/20230714_113933.jpg\" alt=\"\" loading=\"lazy\">\r\n\t\t\t\t\t\t\t\t\t\t<\/a>\r\n\t\t\t\t\t\t\t\t\t<\/div>\r\n\r\n\t\t\t\t\r\n\t\t\t\t\t\t\t\t\t\t\t\r\n\t\t\t\t\r\n\t\t\t\t<div class=\"sev-diaporama-portfolio-item col-12 col-sm  col-shrink\">\r\n\t\t\t\t\t\t\t\t\t\t<a href=\"https:\/\/www.camping-residea.com\/wp-content\/uploads\/2024\/03\/20230710_192046.jpg\" data-lightbox=\"sevgallery-8318435\" style=\"background-image: url(https:\/\/www.camping-residea.com\/wp-content\/uploads\/2024\/03\/20230710_192046.jpg)\">\r\n\t\t\t\t\t\t\t\t\t\t\t<img decoding=\"async\" src=\"https:\/\/www.camping-residea.com\/wp-content\/uploads\/2024\/03\/20230710_192046.jpg\" alt=\"\" loading=\"lazy\">\r\n\t\t\t\t\t\t\t\t\t\t<\/a>\r\n\t\t\t\t\t\t\t\t\t<\/div>\r\n\r\n\t\t\t\t\r\n\t\t\t\t\t\t\t\t\t\t\t\t\t\t<\/div>\r\n\t\t\t<\/div>\r\n\t\t\t<\/div>","protected":false},"excerpt":{"rendered":"<p>The Campsite 3* campsite of 95 plots, 5 mn from the beaches and shops of Saint Hilaire de Riez and Saint Gilles Croix de Vie, R\u00e9sid\u00e9a welcomes you all year long. Come and enjoy the nearby forests and marshes and relax on the coastal beaches. A fun vacation R\u00e9sid\u00e9a and all its team work to [&hellip;]<\/p>\n","protected":false},"author":1,"featured_media":0,"parent":0,"menu_order":0,"comment_status":"closed","ping_status":"closed","template":"","meta":{"_seopress_robots_primary_cat":"","_seopress_titles_title":"Discover the R\u00e9sid\u00e9a campsite, its atmosphere","_seopress_titles_desc":"The R\u00e9sid\u00e9a campsite in Saint Hilaire de Riez awaits you all summer long for your vacations.","_seopress_robots_index":"","footnotes":""},"class_list":["post-1229","page","type-page","status-publish","hentry"],"_links":{"self":[{"href":"https:\/\/www.camping-residea.com\/en\/wp-json\/wp\/v2\/pages\/1229","targetHints":{"allow":["GET"]}}],"collection":[{"href":"https:\/\/www.camping-residea.com\/en\/wp-json\/wp\/v2\/pages"}],"about":[{"href":"https:\/\/www.camping-residea.com\/en\/wp-json\/wp\/v2\/types\/page"}],"author":[{"embeddable":true,"href":"https:\/\/www.camping-residea.com\/en\/wp-json\/wp\/v2\/users\/1"}],"replies":[{"embeddable":true,"href":"https:\/\/www.camping-residea.com\/en\/wp-json\/wp\/v2\/comments?post=1229"}],"version-history":[{"count":1,"href":"https:\/\/www.camping-residea.com\/en\/wp-json\/wp\/v2\/pages\/1229\/revisions"}],"predecessor-version":[{"id":1231,"href":"https:\/\/www.camping-residea.com\/en\/wp-json\/wp\/v2\/pages\/1229\/revisions\/1231"}],"wp:attachment":[{"href":"https:\/\/www.camping-residea.com\/en\/wp-json\/wp\/v2\/media?parent=1229"}],"curies":[{"name":"wp","href":"https:\/\/api.w.org\/{rel}","templated":true}]}}