{"id":1205,"date":"2023-01-05T09:49:27","date_gmt":"2023-01-05T08:49:27","guid":{"rendered":"https:\/\/www.camping-residea.com\/the-evenings\/"},"modified":"2023-01-24T14:16:15","modified_gmt":"2023-01-24T13:16:15","slug":"the-evenings","status":"publish","type":"page","link":"https:\/\/www.camping-residea.com\/en\/the-evenings\/","title":{"rendered":"The evenings"},"content":{"rendered":"\n<h1 class=\"wp-block-heading\">The Evenings<\/h1>\n\n<p>In the evening, aperitif quizzes are organized and you can then relax in front of an evening show.<\/p>\n\n<p>The whole team of the campsite is mobilized to entertain you, to make you move but also to relax you.<\/p>\n\n<p>The <strong>diversity of our evenings<\/strong> will seduce you, you will find your happiness by watching a magic show or mentalism, but also by applauding one of our famous singers&#8217; lookalikes. You can show off your talents during <strong>karaoke nights<\/strong> or <strong>musical quizzes<\/strong>. You will be conquered by our cabaret evenings and will enjoy our evenings with family or friends while tasting the dishes of a theme evening.<\/p>\n\n<div class=\"wp-block-columns is-layout-flex wp-container-core-columns-is-layout-28f84493 wp-block-columns-is-layout-flex\">\n<div class=\"wp-block-column is-layout-flow wp-block-column-is-layout-flow\"><\/div>\n\n\n\n<div class=\"wp-block-column is-layout-flow wp-block-column-is-layout-flow\">\n<figure class=\"wp-block-image size-full\"><img loading=\"lazy\" decoding=\"async\" width=\"1024\" height=\"498\" src=\"https:\/\/www.camping-residea.com\/wp-content\/uploads\/2023\/01\/fb6-1024x498-2.jpg\" alt=\"animation\" class=\"wp-image-998\" srcset=\"https:\/\/www.camping-residea.com\/wp-content\/uploads\/2023\/01\/fb6-1024x498-2.jpg 1024w, https:\/\/www.camping-residea.com\/wp-content\/uploads\/2023\/01\/fb6-1024x498-2-300x146.jpg 300w, https:\/\/www.camping-residea.com\/wp-content\/uploads\/2023\/01\/fb6-1024x498-2-768x374.jpg 768w\" sizes=\"auto, (max-width: 1024px) 100vw, 1024px\" \/><\/figure><\/div>\n\n\n\n<div class=\"wp-block-column is-layout-flow wp-block-column-is-layout-flow\"><\/div>\n<\/div>\n\n<h2 class=\"wp-block-heading\">Discover the evenings at the campsite in pictures<\/h2>\n<div class=\"wp-block-sev-diaporama alignfull\">\t\t\t<div id=\"sevgallery-105003678\" class=\"sev-diaporama sev-diaporama-portfolio\">\r\n\t\t\t<div class=\"row\">\r\n\r\n\t\t\t\r\n\t\t\t\t\r\n\t\t\t\t<div class=\"sev-diaporama-portfolio-item col-12 col-sm  col-shrink\">\r\n\t\t\t\t\t\t\t\t\t\t<a href=\"https:\/\/www.camping-residea.com\/wp-content\/uploads\/2023\/01\/Resized_20200716_215245.jpg\" data-lightbox=\"sevgallery-105003678\" style=\"background-image: url(https:\/\/www.camping-residea.com\/wp-content\/uploads\/2023\/01\/Resized_20200716_215245.jpg)\">\r\n\t\t\t\t\t\t\t\t\t\t\t<img decoding=\"async\" src=\"https:\/\/www.camping-residea.com\/wp-content\/uploads\/2023\/01\/Resized_20200716_215245.jpg\" alt=\"animation miss camping\" loading=\"lazy\">\r\n\t\t\t\t\t\t\t\t\t\t<\/a>\r\n\t\t\t\t\t\t\t\t\t<\/div>\r\n\r\n\t\t\t\t\r\n\t\t\t\t\t\t\t\t\t\t\t\r\n\t\t\t\t\r\n\t\t\t\t<div class=\"sev-diaporama-portfolio-item col-12 col-sm  col-shrink\">\r\n\t\t\t\t\t\t\t\t\t\t<a href=\"https:\/\/www.camping-residea.com\/wp-content\/uploads\/2023\/01\/20200722_212941.jpg\" data-lightbox=\"sevgallery-105003678\" style=\"background-image: url(https:\/\/www.camping-residea.com\/wp-content\/uploads\/2023\/01\/20200722_212941.jpg)\">\r\n\t\t\t\t\t\t\t\t\t\t\t<img decoding=\"async\" src=\"https:\/\/www.camping-residea.com\/wp-content\/uploads\/2023\/01\/20200722_212941.jpg\" alt=\"soir\u00e9e concert\" loading=\"lazy\">\r\n\t\t\t\t\t\t\t\t\t\t<\/a>\r\n\t\t\t\t\t\t\t\t\t<\/div>\r\n\r\n\t\t\t\t\r\n\t\t\t\t\t\t\t\t\t\t\t\r\n\t\t\t\t\r\n\t\t\t\t<div class=\"sev-diaporama-portfolio-item col-12 col-sm \">\r\n\t\t\t\t\t\t\t\t\t\t<a href=\"https:\/\/www.camping-residea.com\/wp-content\/uploads\/2023\/01\/20220801_221032.jpg\" data-lightbox=\"sevgallery-105003678\" style=\"background-image: url(https:\/\/www.camping-residea.com\/wp-content\/uploads\/2023\/01\/20220801_221032.jpg)\">\r\n\t\t\t\t\t\t\t\t\t\t\t<img decoding=\"async\" src=\"https:\/\/www.camping-residea.com\/wp-content\/uploads\/2023\/01\/20220801_221032.jpg\" alt=\"spectacle\" loading=\"lazy\">\r\n\t\t\t\t\t\t\t\t\t\t<\/a>\r\n\t\t\t\t\t\t\t\t\t<\/div>\r\n\r\n\t\t\t\t\r\n\t\t\t\t\t\t\t\t\t\t\t\r\n\t\t\t\t\r\n\t\t\t\t<div class=\"sev-diaporama-portfolio-item col-12 col-sm  col-shrink\">\r\n\t\t\t\t\t\t\t\t\t\t<a href=\"https:\/\/www.camping-residea.com\/wp-content\/uploads\/2023\/01\/20220721_215545.jpg\" data-lightbox=\"sevgallery-105003678\" style=\"background-image: url(https:\/\/www.camping-residea.com\/wp-content\/uploads\/2023\/01\/20220721_215545.jpg)\">\r\n\t\t\t\t\t\t\t\t\t\t\t<img decoding=\"async\" src=\"https:\/\/www.camping-residea.com\/wp-content\/uploads\/2023\/01\/20220721_215545.jpg\" alt=\"miss camping\" loading=\"lazy\">\r\n\t\t\t\t\t\t\t\t\t\t<\/a>\r\n\t\t\t\t\t\t\t\t\t<\/div>\r\n\r\n\t\t\t\t\t\t\t\t\t<div class=\"w-100\"><\/div>\r\n\t\t\t\t\t\t\t\t\t\r\n\t\t\t\t\t\t\t\t\t\t\t\r\n\t\t\t\t\r\n\t\t\t\t<div class=\"sev-diaporama-portfolio-item col-12 col-sm  col-grow\">\r\n\t\t\t\t\t\t\t\t\t\t<a href=\"https:\/\/www.camping-residea.com\/wp-content\/uploads\/2023\/01\/20220717_210905.jpg\" data-lightbox=\"sevgallery-105003678\" style=\"background-image: url(https:\/\/www.camping-residea.com\/wp-content\/uploads\/2023\/01\/20220717_210905.jpg)\">\r\n\t\t\t\t\t\t\t\t\t\t\t<img decoding=\"async\" src=\"https:\/\/www.camping-residea.com\/wp-content\/uploads\/2023\/01\/20220717_210905.jpg\" alt=\"soir\u00e9e anim\u00e9e\" loading=\"lazy\">\r\n\t\t\t\t\t\t\t\t\t\t<\/a>\r\n\t\t\t\t\t\t\t\t\t<\/div>\r\n\r\n\t\t\t\t\r\n\t\t\t\t\t\t\t\t\t\t\t\r\n\t\t\t\t\r\n\t\t\t\t<div class=\"sev-diaporama-portfolio-item col-12 col-sm \">\r\n\t\t\t\t\t\t\t\t\t\t<a href=\"https:\/\/www.camping-residea.com\/wp-content\/uploads\/2023\/01\/20220822_211934.jpg\" data-lightbox=\"sevgallery-105003678\" style=\"background-image: url(https:\/\/www.camping-residea.com\/wp-content\/uploads\/2023\/01\/20220822_211934.jpg)\">\r\n\t\t\t\t\t\t\t\t\t\t\t<img decoding=\"async\" src=\"https:\/\/www.camping-residea.com\/wp-content\/uploads\/2023\/01\/20220822_211934.jpg\" alt=\"soir\u00e9e loto\" loading=\"lazy\">\r\n\t\t\t\t\t\t\t\t\t\t<\/a>\r\n\t\t\t\t\t\t\t\t\t<\/div>\r\n\r\n\t\t\t\t\r\n\t\t\t\t\t\t\t\t\t\t\t\r\n\t\t\t\t\r\n\t\t\t\t<div class=\"sev-diaporama-portfolio-item col-12 col-sm  col-grow\">\r\n\t\t\t\t\t\t\t\t\t\t<a href=\"https:\/\/www.camping-residea.com\/wp-content\/uploads\/2023\/01\/20220719_213353.jpg\" data-lightbox=\"sevgallery-105003678\" style=\"background-image: url(https:\/\/www.camping-residea.com\/wp-content\/uploads\/2023\/01\/20220719_213353.jpg)\">\r\n\t\t\t\t\t\t\t\t\t\t\t<img decoding=\"async\" src=\"https:\/\/www.camping-residea.com\/wp-content\/uploads\/2023\/01\/20220719_213353.jpg\" alt=\"concert\" loading=\"lazy\">\r\n\t\t\t\t\t\t\t\t\t\t<\/a>\r\n\t\t\t\t\t\t\t\t\t<\/div>\r\n\r\n\t\t\t\t\r\n\t\t\t\t\t\t\t\t\t\t\t\r\n\t\t\t\t\r\n\t\t\t\t<div class=\"sev-diaporama-portfolio-item col-12 col-sm \">\r\n\t\t\t\t\t\t\t\t\t\t<a href=\"https:\/\/www.camping-residea.com\/wp-content\/uploads\/2023\/01\/20220717_214847.jpg\" data-lightbox=\"sevgallery-105003678\" style=\"background-image: url(https:\/\/www.camping-residea.com\/wp-content\/uploads\/2023\/01\/20220717_214847.jpg)\">\r\n\t\t\t\t\t\t\t\t\t\t\t<img decoding=\"async\" src=\"https:\/\/www.camping-residea.com\/wp-content\/uploads\/2023\/01\/20220717_214847.jpg\" alt=\"soir\u00e9e camping\" loading=\"lazy\">\r\n\t\t\t\t\t\t\t\t\t\t<\/a>\r\n\t\t\t\t\t\t\t\t\t<\/div>\r\n\r\n\t\t\t\t\t\t\t\t\t<div class=\"w-100\"><\/div>\r\n\t\t\t\t\t\t\t\t\t\r\n\t\t\t\t\t\t\t\t\t\t\t\r\n\t\t\t\t\r\n\t\t\t\t<div class=\"sev-diaporama-portfolio-item col-12 col-sm  col-grow\">\r\n\t\t\t\t\t\t\t\t\t\t<a href=\"https:\/\/www.camping-residea.com\/wp-content\/uploads\/2023\/01\/20220726_215608.jpg\" data-lightbox=\"sevgallery-105003678\" style=\"background-image: url(https:\/\/www.camping-residea.com\/wp-content\/uploads\/2023\/01\/20220726_215608.jpg)\">\r\n\t\t\t\t\t\t\t\t\t\t\t<img decoding=\"async\" src=\"https:\/\/www.camping-residea.com\/wp-content\/uploads\/2023\/01\/20220726_215608.jpg\" alt=\"concert\" loading=\"lazy\">\r\n\t\t\t\t\t\t\t\t\t\t<\/a>\r\n\t\t\t\t\t\t\t\t\t<\/div>\r\n\r\n\t\t\t\t\r\n\t\t\t\t\t\t\t\t\t\t\t\r\n\t\t\t\t\r\n\t\t\t\t<div class=\"sev-diaporama-portfolio-item col-12 col-sm  col-grow\">\r\n\t\t\t\t\t\t\t\t\t\t<a href=\"https:\/\/www.camping-residea.com\/wp-content\/uploads\/2023\/01\/20220801_223235.jpg\" data-lightbox=\"sevgallery-105003678\" style=\"background-image: url(https:\/\/www.camping-residea.com\/wp-content\/uploads\/2023\/01\/20220801_223235.jpg)\">\r\n\t\t\t\t\t\t\t\t\t\t\t<img decoding=\"async\" src=\"https:\/\/www.camping-residea.com\/wp-content\/uploads\/2023\/01\/20220801_223235.jpg\" alt=\"concert\" loading=\"lazy\">\r\n\t\t\t\t\t\t\t\t\t\t<\/a>\r\n\t\t\t\t\t\t\t\t\t<\/div>\r\n\r\n\t\t\t\t\r\n\t\t\t\t\t\t\t\t\t\t\t\r\n\t\t\t\t\r\n\t\t\t\t<div class=\"sev-diaporama-portfolio-item col-12 col-sm  col-shrink\">\r\n\t\t\t\t\t\t\t\t\t\t<a href=\"https:\/\/www.camping-residea.com\/wp-content\/uploads\/2023\/01\/20220814_231650.jpg\" data-lightbox=\"sevgallery-105003678\" style=\"background-image: url(https:\/\/www.camping-residea.com\/wp-content\/uploads\/2023\/01\/20220814_231650.jpg)\">\r\n\t\t\t\t\t\t\t\t\t\t\t<img decoding=\"async\" src=\"https:\/\/www.camping-residea.com\/wp-content\/uploads\/2023\/01\/20220814_231650.jpg\" alt=\"spectacle camping\" loading=\"lazy\">\r\n\t\t\t\t\t\t\t\t\t\t<\/a>\r\n\t\t\t\t\t\t\t\t\t<\/div>\r\n\r\n\t\t\t\t\r\n\t\t\t\t\t\t\t\t\t\t\t\r\n\t\t\t\t\r\n\t\t\t\t<div class=\"sev-diaporama-portfolio-item col-12 col-sm  col-grow\">\r\n\t\t\t\t\t\t\t\t\t\t<a href=\"https:\/\/www.camping-residea.com\/wp-content\/uploads\/2023\/01\/20220818_225214.jpg\" data-lightbox=\"sevgallery-105003678\" style=\"background-image: url(https:\/\/www.camping-residea.com\/wp-content\/uploads\/2023\/01\/20220818_225214.jpg)\">\r\n\t\t\t\t\t\t\t\t\t\t\t<img decoding=\"async\" src=\"https:\/\/www.camping-residea.com\/wp-content\/uploads\/2023\/01\/20220818_225214.jpg\" alt=\"miss camping\" loading=\"lazy\">\r\n\t\t\t\t\t\t\t\t\t\t<\/a>\r\n\t\t\t\t\t\t\t\t\t<\/div>\r\n\r\n\t\t\t\t\t\t\t\t\t<div class=\"w-100\"><\/div>\r\n\t\t\t\t\t\t\t\t\t\r\n\t\t\t\t\t\t\t\t\t\t\t\r\n\t\t\t\t\r\n\t\t\t\t<div class=\"sev-diaporama-portfolio-item col-12 col-sm  col-grow\">\r\n\t\t\t\t\t\t\t\t\t\t<a href=\"https:\/\/www.camping-residea.com\/wp-content\/uploads\/2023\/01\/20220822_211938.jpg\" data-lightbox=\"sevgallery-105003678\" style=\"background-image: url(https:\/\/www.camping-residea.com\/wp-content\/uploads\/2023\/01\/20220822_211938.jpg)\">\r\n\t\t\t\t\t\t\t\t\t\t\t<img decoding=\"async\" src=\"https:\/\/www.camping-residea.com\/wp-content\/uploads\/2023\/01\/20220822_211938.jpg\" alt=\"soir\u00e9e loto\" loading=\"lazy\">\r\n\t\t\t\t\t\t\t\t\t\t<\/a>\r\n\t\t\t\t\t\t\t\t\t<\/div>\r\n\r\n\t\t\t\t\r\n\t\t\t\t\t\t\t\t\t\t\t\r\n\t\t\t\t\r\n\t\t\t\t<div class=\"sev-diaporama-portfolio-item col-12 col-sm  col-shrink\">\r\n\t\t\t\t\t\t\t\t\t\t<a href=\"https:\/\/www.camping-residea.com\/wp-content\/uploads\/2023\/01\/20220822_222714.jpg\" data-lightbox=\"sevgallery-105003678\" style=\"background-image: url(https:\/\/www.camping-residea.com\/wp-content\/uploads\/2023\/01\/20220822_222714.jpg)\">\r\n\t\t\t\t\t\t\t\t\t\t\t<img decoding=\"async\" src=\"https:\/\/www.camping-residea.com\/wp-content\/uploads\/2023\/01\/20220822_222714.jpg\" alt=\"soir\u00e9e loto\" loading=\"lazy\">\r\n\t\t\t\t\t\t\t\t\t\t<\/a>\r\n\t\t\t\t\t\t\t\t\t<\/div>\r\n\r\n\t\t\t\t\r\n\t\t\t\t\t\t\t\t\t\t\t\r\n\t\t\t\t\r\n\t\t\t\t<div class=\"sev-diaporama-portfolio-item col-12 col-sm \">\r\n\t\t\t\t\t\t\t\t\t\t<a href=\"https:\/\/www.camping-residea.com\/wp-content\/uploads\/2023\/01\/20220822_222724.jpg\" data-lightbox=\"sevgallery-105003678\" style=\"background-image: url(https:\/\/www.camping-residea.com\/wp-content\/uploads\/2023\/01\/20220822_222724.jpg)\">\r\n\t\t\t\t\t\t\t\t\t\t\t<img decoding=\"async\" src=\"https:\/\/www.camping-residea.com\/wp-content\/uploads\/2023\/01\/20220822_222724.jpg\" alt=\"soir\u00e9e loto\" loading=\"lazy\">\r\n\t\t\t\t\t\t\t\t\t\t<\/a>\r\n\t\t\t\t\t\t\t\t\t<\/div>\r\n\r\n\t\t\t\t\r\n\t\t\t\t\t\t\t\t\t\t\t\r\n\t\t\t\t\r\n\t\t\t\t<div class=\"sev-diaporama-portfolio-item col-12 col-sm \">\r\n\t\t\t\t\t\t\t\t\t\t<a href=\"https:\/\/www.camping-residea.com\/wp-content\/uploads\/2023\/01\/20220822_222726.jpg\" data-lightbox=\"sevgallery-105003678\" style=\"background-image: url(https:\/\/www.camping-residea.com\/wp-content\/uploads\/2023\/01\/20220822_222726.jpg)\">\r\n\t\t\t\t\t\t\t\t\t\t\t<img decoding=\"async\" src=\"https:\/\/www.camping-residea.com\/wp-content\/uploads\/2023\/01\/20220822_222726.jpg\" alt=\"soir\u00e9e loto\" loading=\"lazy\">\r\n\t\t\t\t\t\t\t\t\t\t<\/a>\r\n\t\t\t\t\t\t\t\t\t<\/div>\r\n\r\n\t\t\t\t\t\t\t\t\t<div class=\"w-100\"><\/div>\r\n\t\t\t\t\t\t\t\t\t\r\n\t\t\t\t\t\t\t\t\t\t\t\r\n\t\t\t\t\r\n\t\t\t\t<div class=\"sev-diaporama-portfolio-item col-12 col-sm \">\r\n\t\t\t\t\t\t\t\t\t\t<a href=\"https:\/\/www.camping-residea.com\/wp-content\/uploads\/2023\/01\/20220825_221123.jpg\" data-lightbox=\"sevgallery-105003678\" style=\"background-image: url(https:\/\/www.camping-residea.com\/wp-content\/uploads\/2023\/01\/20220825_221123.jpg)\">\r\n\t\t\t\t\t\t\t\t\t\t\t<img decoding=\"async\" src=\"https:\/\/www.camping-residea.com\/wp-content\/uploads\/2023\/01\/20220825_221123.jpg\" alt=\"concert\" loading=\"lazy\">\r\n\t\t\t\t\t\t\t\t\t\t<\/a>\r\n\t\t\t\t\t\t\t\t\t<\/div>\r\n\r\n\t\t\t\t\r\n\t\t\t\t\t\t\t\t\t\t\t\t\t\t<\/div>\r\n\t\t\t<\/div>\r\n\t\t\t<\/div>","protected":false},"excerpt":{"rendered":"<p>The Evenings In the evening, aperitif quizzes are organized and you can then relax in front of an evening show. The whole team of the campsite is mobilized to entertain you, to make you move but also to relax you. The diversity of our evenings will seduce you, you will find your happiness by watching [&hellip;]<\/p>\n","protected":false},"author":1,"featured_media":0,"parent":0,"menu_order":0,"comment_status":"closed","ping_status":"closed","template":"","meta":{"_seopress_robots_primary_cat":"","_seopress_titles_title":"Animated evenings at the R\u00e9sid\u00e9a campsite in Saint Hilaire de Riez","_seopress_titles_desc":"Stay at the R\u00e9sid\u00e9a campsite in Saint Hilaire de Riez and enjoy the entertainment organized by the team in the evening all summer long.  ","_seopress_robots_index":"","footnotes":""},"class_list":["post-1205","page","type-page","status-publish","hentry"],"_links":{"self":[{"href":"https:\/\/www.camping-residea.com\/en\/wp-json\/wp\/v2\/pages\/1205","targetHints":{"allow":["GET"]}}],"collection":[{"href":"https:\/\/www.camping-residea.com\/en\/wp-json\/wp\/v2\/pages"}],"about":[{"href":"https:\/\/www.camping-residea.com\/en\/wp-json\/wp\/v2\/types\/page"}],"author":[{"embeddable":true,"href":"https:\/\/www.camping-residea.com\/en\/wp-json\/wp\/v2\/users\/1"}],"replies":[{"embeddable":true,"href":"https:\/\/www.camping-residea.com\/en\/wp-json\/wp\/v2\/comments?post=1205"}],"version-history":[{"count":1,"href":"https:\/\/www.camping-residea.com\/en\/wp-json\/wp\/v2\/pages\/1205\/revisions"}],"predecessor-version":[{"id":1210,"href":"https:\/\/www.camping-residea.com\/en\/wp-json\/wp\/v2\/pages\/1205\/revisions\/1210"}],"wp:attachment":[{"href":"https:\/\/www.camping-residea.com\/en\/wp-json\/wp\/v2\/media?parent=1205"}],"curies":[{"name":"wp","href":"https:\/\/api.w.org\/{rel}","templated":true}]}}